{"id":14664,"date":"2025-01-24T11:50:42","date_gmt":"2025-01-24T11:50:42","guid":{"rendered":"https:\/\/staging2.stylingagenten.com\/sv\/produkt\/sachajuan-scalp-scrub-250ml\/"},"modified":"2026-03-11T22:05:36","modified_gmt":"2026-03-11T22:05:36","slug":"sachajuan-scalp-scrub-250ml","status":"publish","type":"product","link":"https:\/\/stylingagenten.com\/sv\/produkt\/sachajuan-scalp-scrub-250ml\/","title":{"rendered":"SACHAJUAN Scalp Scrub 250ml"},"content":{"rendered":"<p>SACHAJUAN Scalp Scrub \u00e4r en djupreng\u00f6rande, samt sockerreng\u00f6rande tv\u00e5l med Ocean Silk Technology, Climbazole, sojab\u00f6nor och Olja. Den inneh\u00e5ller naturliga sockerarter som hj\u00e4lper till att exfoliera och ta bort mj\u00e4ll fr\u00e5n h\u00e5rbotten. Oljan bygger och hj\u00e4lper till med ny celltillv\u00e4xt.<\/p>\n<p>250ml<\/p>\n","protected":false},"excerpt":{"rendered":"<p>SACHAJUAN Scalp Scrub \u00e4r en djupreng\u00f6rande, samt sockerreng\u00f6rande tv\u00e5l med Ocean Silk Technology, Climbazole, sojab\u00f6nor och Olja. Den inneh\u00e5ller naturliga sockerarter som hj\u00e4lper till att exfoliera och ta bort mj\u00e4ll fr\u00e5n h\u00e5rbotten. Oljan bygger och hj\u00e4lper till med ny celltillv\u00e4xt. 250ml<\/p>\n","protected":false},"featured_media":14663,"comment_status":"open","ping_status":"closed","template":"","meta":{"_trash_the_other_posts":false},"product_brand":[],"product_cat":[620],"product_tag":[],"berocket_brand":[1409],"class_list":{"0":"post-14664","1":"product","2":"type-product","3":"status-publish","4":"has-post-thumbnail","6":"product_cat-harinpackning","7":"pa_brand-sachajuan","8":"berocket_brand-sachajuan","10":"first","11":"instock","12":"sale","13":"taxable","14":"shipping-taxable","15":"purchasable","16":"product-type-simple"},"_links":{"self":[{"href":"https:\/\/stylingagenten.com\/sv\/wp-json\/wp\/v2\/product\/14664","targetHints":{"allow":["GET"]}}],"collection":[{"href":"https:\/\/stylingagenten.com\/sv\/wp-json\/wp\/v2\/product"}],"about":[{"href":"https:\/\/stylingagenten.com\/sv\/wp-json\/wp\/v2\/types\/product"}],"replies":[{"embeddable":true,"href":"https:\/\/stylingagenten.com\/sv\/wp-json\/wp\/v2\/comments?post=14664"}],"version-history":[{"count":0,"href":"https:\/\/stylingagenten.com\/sv\/wp-json\/wp\/v2\/product\/14664\/revisions"}],"wp:featuredmedia":[{"embeddable":true,"href":"https:\/\/stylingagenten.com\/sv\/wp-json\/wp\/v2\/media\/14663"}],"wp:attachment":[{"href":"https:\/\/stylingagenten.com\/sv\/wp-json\/wp\/v2\/media?parent=14664"}],"wp:term":[{"taxonomy":"product_brand","embeddable":true,"href":"https:\/\/stylingagenten.com\/sv\/wp-json\/wp\/v2\/product_brand?post=14664"},{"taxonomy":"product_cat","embeddable":true,"href":"https:\/\/stylingagenten.com\/sv\/wp-json\/wp\/v2\/product_cat?post=14664"},{"taxonomy":"product_tag","embeddable":true,"href":"https:\/\/stylingagenten.com\/sv\/wp-json\/wp\/v2\/product_tag?post=14664"},{"taxonomy":"berocket_brand","embeddable":true,"href":"https:\/\/stylingagenten.com\/sv\/wp-json\/wp\/v2\/berocket_brand?post=14664"}],"curies":[{"name":"wp","href":"https:\/\/api.w.org\/{rel}","templated":true}]}}