{"id":14656,"date":"2025-01-24T11:50:41","date_gmt":"2025-01-24T11:50:41","guid":{"rendered":"https:\/\/staging2.stylingagenten.com\/sv\/produkt\/sachajuan-ocean-mist-150ml\/"},"modified":"2026-03-11T22:00:41","modified_gmt":"2026-03-11T22:00:41","slug":"sachajuan-ocean-mist-150ml","status":"publish","type":"product","link":"https:\/\/stylingagenten.com\/sv\/produkt\/sachajuan-ocean-mist-150ml\/","title":{"rendered":"SACHAJUAN Ocean Mist 150ml"},"content":{"rendered":"<p>SACHAJUAN Ocean Mist \u00e4r som en saltvattenspray som kan appliceras i b\u00e5de v\u00e5tt och torrt h\u00e5r f\u00f6r att skapa en struktur och l\u00e4tt stadga &#8211; ungef\u00e4r som att ha badat i saltvatten. Ocean Mist kan b\u00e5de anv\u00e4ndas som en f\u00f6nv\u00e4tska och som en finishspray utan att ge glans. Produkten passar utm\u00e4rkt f\u00f6r b\u00e5de lockigt och v\u00e5gigt h\u00e5r eller n\u00e4r man vill ha en mer naturlig &#8221;look utan h\u00e5rd stadga.<\/p>\n<p>150ml<\/p>\n","protected":false},"excerpt":{"rendered":"<p>SACHAJUAN Ocean Mist \u00e4r som en saltvattenspray som kan appliceras i b\u00e5de v\u00e5tt och torrt h\u00e5r f\u00f6r att skapa en struktur och l\u00e4tt stadga &#8211; ungef\u00e4r som att ha badat i saltvatten. Ocean Mist kan b\u00e5de anv\u00e4ndas som en f\u00f6nv\u00e4tska och som en finishspray utan att ge glans. Produkten passar utm\u00e4rkt f\u00f6r b\u00e5de lockigt och [&hellip;]<\/p>\n","protected":false},"featured_media":14654,"comment_status":"open","ping_status":"closed","template":"","meta":{"_trash_the_other_posts":false},"product_brand":[],"product_cat":[603],"product_tag":[4111],"berocket_brand":[1409],"class_list":{"0":"post-14656","1":"product","2":"type-product","3":"status-publish","4":"has-post-thumbnail","6":"product_cat-saltvattenspray","7":"product_tag-sachajuan-ocean-mist","8":"pa_brand-sachajuan","9":"pa_variant-150ml","10":"berocket_brand-sachajuan","12":"first","13":"outofstock","14":"sale","15":"taxable","16":"shipping-taxable","17":"purchasable","18":"product-type-simple"},"_links":{"self":[{"href":"https:\/\/stylingagenten.com\/sv\/wp-json\/wp\/v2\/product\/14656","targetHints":{"allow":["GET"]}}],"collection":[{"href":"https:\/\/stylingagenten.com\/sv\/wp-json\/wp\/v2\/product"}],"about":[{"href":"https:\/\/stylingagenten.com\/sv\/wp-json\/wp\/v2\/types\/product"}],"replies":[{"embeddable":true,"href":"https:\/\/stylingagenten.com\/sv\/wp-json\/wp\/v2\/comments?post=14656"}],"version-history":[{"count":0,"href":"https:\/\/stylingagenten.com\/sv\/wp-json\/wp\/v2\/product\/14656\/revisions"}],"wp:featuredmedia":[{"embeddable":true,"href":"https:\/\/stylingagenten.com\/sv\/wp-json\/wp\/v2\/media\/14654"}],"wp:attachment":[{"href":"https:\/\/stylingagenten.com\/sv\/wp-json\/wp\/v2\/media?parent=14656"}],"wp:term":[{"taxonomy":"product_brand","embeddable":true,"href":"https:\/\/stylingagenten.com\/sv\/wp-json\/wp\/v2\/product_brand?post=14656"},{"taxonomy":"product_cat","embeddable":true,"href":"https:\/\/stylingagenten.com\/sv\/wp-json\/wp\/v2\/product_cat?post=14656"},{"taxonomy":"product_tag","embeddable":true,"href":"https:\/\/stylingagenten.com\/sv\/wp-json\/wp\/v2\/product_tag?post=14656"},{"taxonomy":"berocket_brand","embeddable":true,"href":"https:\/\/stylingagenten.com\/sv\/wp-json\/wp\/v2\/berocket_brand?post=14656"}],"curies":[{"name":"wp","href":"https:\/\/api.w.org\/{rel}","templated":true}]}}