{"id":14648,"date":"2025-01-24T11:50:40","date_gmt":"2025-01-24T11:50:40","guid":{"rendered":"https:\/\/staging2.stylingagenten.com\/sv\/produkt\/sachajuan-ocean-mist-volume-shampoo-100ml\/"},"modified":"2026-03-11T21:48:28","modified_gmt":"2026-03-11T21:48:28","slug":"sachajuan-ocean-mist-volume-shampoo-100ml","status":"publish","type":"product","link":"https:\/\/stylingagenten.com\/sv\/produkt\/sachajuan-ocean-mist-volume-shampoo-100ml\/","title":{"rendered":"SACHAJUAN Ocean Mist Volume Shampoo 100ml"},"content":{"rendered":"<p>SACHAJUAN Ocean Mist Volume Shampoo \u00e4r ett djupt formulerat schampo som syftar till att st\u00e4rka livl\u00f6st h\u00e5r.<\/p>\n<p>Anpassad fr\u00e5n den b\u00e4sts\u00e4ljande h\u00e5rstylingsprodukten Ocean Mist, erbjuder Ocean Mist Volume Shampoo h\u00e5ret med den extra \u00f6nskad volym samtidigt som man f\u00e5r en glansig, frisk finish. Perfekt f\u00f6r alla h\u00e5rtyper och l\u00e4ngder, \u00e4r Ocean Mist Volume Shampoo s\u00e4rskilt effektiv p\u00e5 fina h\u00e5r som beh\u00f6ver ett lyft.<\/p>\n<p>100ml<\/p>\n","protected":false},"excerpt":{"rendered":"<p>SACHAJUAN Ocean Mist Volume Shampoo \u00e4r ett djupt formulerat schampo som syftar till att st\u00e4rka livl\u00f6st h\u00e5r. Anpassad fr\u00e5n den b\u00e4sts\u00e4ljande h\u00e5rstylingsprodukten Ocean Mist, erbjuder Ocean Mist Volume Shampoo h\u00e5ret med den extra \u00f6nskad volym samtidigt som man f\u00e5r en glansig, frisk finish. Perfekt f\u00f6r alla h\u00e5rtyper och l\u00e4ngder, \u00e4r Ocean Mist Volume Shampoo s\u00e4rskilt [&hellip;]<\/p>\n","protected":false},"featured_media":14647,"comment_status":"open","ping_status":"closed","template":"","meta":{"_trash_the_other_posts":false},"product_brand":[],"product_cat":[563],"product_tag":[4113],"berocket_brand":[1409],"class_list":{"0":"post-14648","1":"product","2":"type-product","3":"status-publish","4":"has-post-thumbnail","6":"product_cat-schampo","7":"product_tag-sachajuan-ocean-mist-volume-shampoo","8":"pa_brand-sachajuan","9":"pa_variant-100ml","10":"berocket_brand-sachajuan","12":"first","13":"instock","14":"sale","15":"taxable","16":"shipping-taxable","17":"purchasable","18":"product-type-simple"},"_links":{"self":[{"href":"https:\/\/stylingagenten.com\/sv\/wp-json\/wp\/v2\/product\/14648","targetHints":{"allow":["GET"]}}],"collection":[{"href":"https:\/\/stylingagenten.com\/sv\/wp-json\/wp\/v2\/product"}],"about":[{"href":"https:\/\/stylingagenten.com\/sv\/wp-json\/wp\/v2\/types\/product"}],"replies":[{"embeddable":true,"href":"https:\/\/stylingagenten.com\/sv\/wp-json\/wp\/v2\/comments?post=14648"}],"version-history":[{"count":0,"href":"https:\/\/stylingagenten.com\/sv\/wp-json\/wp\/v2\/product\/14648\/revisions"}],"wp:featuredmedia":[{"embeddable":true,"href":"https:\/\/stylingagenten.com\/sv\/wp-json\/wp\/v2\/media\/14647"}],"wp:attachment":[{"href":"https:\/\/stylingagenten.com\/sv\/wp-json\/wp\/v2\/media?parent=14648"}],"wp:term":[{"taxonomy":"product_brand","embeddable":true,"href":"https:\/\/stylingagenten.com\/sv\/wp-json\/wp\/v2\/product_brand?post=14648"},{"taxonomy":"product_cat","embeddable":true,"href":"https:\/\/stylingagenten.com\/sv\/wp-json\/wp\/v2\/product_cat?post=14648"},{"taxonomy":"product_tag","embeddable":true,"href":"https:\/\/stylingagenten.com\/sv\/wp-json\/wp\/v2\/product_tag?post=14648"},{"taxonomy":"berocket_brand","embeddable":true,"href":"https:\/\/stylingagenten.com\/sv\/wp-json\/wp\/v2\/berocket_brand?post=14648"}],"curies":[{"name":"wp","href":"https:\/\/api.w.org\/{rel}","templated":true}]}}