{"id":14636,"date":"2025-01-24T11:50:38","date_gmt":"2025-01-24T11:50:38","guid":{"rendered":"https:\/\/staging2.stylingagenten.com\/sv\/produkt\/sachajuan-ocean-mist-volume-conditioner-100ml\/"},"modified":"2026-03-11T21:46:19","modified_gmt":"2026-03-11T21:46:19","slug":"sachajuan-ocean-mist-volume-conditioner-100ml","status":"publish","type":"product","link":"https:\/\/stylingagenten.com\/sv\/produkt\/sachajuan-ocean-mist-volume-conditioner-100ml\/","title":{"rendered":"SACHAJUAN Ocean Mist Volume Conditioner 100ml"},"content":{"rendered":"<p>SACHAJUAN Ocean Mist Volume Conditioner \u00e4r ett balsam med ocean silk technology och naturliga vegetabiliska proteiner reder ut, skapar volym, struktur och styrka. Det \u00e5terfuktar, skyddar och g\u00f6r att h\u00e5ret b\u00e5de k\u00e4nns och ser fylligare ut, utan att tynga ner.<\/p>\n<p>100ml<\/p>\n","protected":false},"excerpt":{"rendered":"<p>SACHAJUAN Ocean Mist Volume Conditioner \u00e4r ett balsam med ocean silk technology och naturliga vegetabiliska proteiner reder ut, skapar volym, struktur och styrka. Det \u00e5terfuktar, skyddar och g\u00f6r att h\u00e5ret b\u00e5de k\u00e4nns och ser fylligare ut, utan att tynga ner. 100ml<\/p>\n","protected":false},"featured_media":14635,"comment_status":"open","ping_status":"closed","template":"","meta":{"_trash_the_other_posts":false},"product_brand":[],"product_cat":[587],"product_tag":[4112],"berocket_brand":[1409],"class_list":{"0":"post-14636","1":"product","2":"type-product","3":"status-publish","4":"has-post-thumbnail","6":"product_cat-balsam","7":"product_tag-sachajuan-ocean-mist-volume-conditioner","8":"pa_brand-sachajuan","9":"pa_variant-100ml","10":"berocket_brand-sachajuan","12":"first","13":"instock","14":"sale","15":"taxable","16":"shipping-taxable","17":"purchasable","18":"product-type-simple"},"_links":{"self":[{"href":"https:\/\/stylingagenten.com\/sv\/wp-json\/wp\/v2\/product\/14636","targetHints":{"allow":["GET"]}}],"collection":[{"href":"https:\/\/stylingagenten.com\/sv\/wp-json\/wp\/v2\/product"}],"about":[{"href":"https:\/\/stylingagenten.com\/sv\/wp-json\/wp\/v2\/types\/product"}],"replies":[{"embeddable":true,"href":"https:\/\/stylingagenten.com\/sv\/wp-json\/wp\/v2\/comments?post=14636"}],"version-history":[{"count":0,"href":"https:\/\/stylingagenten.com\/sv\/wp-json\/wp\/v2\/product\/14636\/revisions"}],"wp:featuredmedia":[{"embeddable":true,"href":"https:\/\/stylingagenten.com\/sv\/wp-json\/wp\/v2\/media\/14635"}],"wp:attachment":[{"href":"https:\/\/stylingagenten.com\/sv\/wp-json\/wp\/v2\/media?parent=14636"}],"wp:term":[{"taxonomy":"product_brand","embeddable":true,"href":"https:\/\/stylingagenten.com\/sv\/wp-json\/wp\/v2\/product_brand?post=14636"},{"taxonomy":"product_cat","embeddable":true,"href":"https:\/\/stylingagenten.com\/sv\/wp-json\/wp\/v2\/product_cat?post=14636"},{"taxonomy":"product_tag","embeddable":true,"href":"https:\/\/stylingagenten.com\/sv\/wp-json\/wp\/v2\/product_tag?post=14636"},{"taxonomy":"berocket_brand","embeddable":true,"href":"https:\/\/stylingagenten.com\/sv\/wp-json\/wp\/v2\/berocket_brand?post=14636"}],"curies":[{"name":"wp","href":"https:\/\/api.w.org\/{rel}","templated":true}]}}