{"id":14620,"date":"2025-01-24T11:50:35","date_gmt":"2025-01-24T11:50:35","guid":{"rendered":"https:\/\/staging2.stylingagenten.com\/sv\/produkt\/sachajuan-hairspray-light-and-flexible-75ml\/"},"modified":"2026-03-11T21:52:03","modified_gmt":"2026-03-11T21:52:03","slug":"sachajuan-hairspray-light-and-flexible-75ml","status":"publish","type":"product","link":"https:\/\/stylingagenten.com\/sv\/produkt\/sachajuan-hairspray-light-and-flexible-75ml\/","title":{"rendered":"SACHAJUAN Hairspray Light and Flexible 75ml"},"content":{"rendered":"<p>SACHAJUAN Hairspray Light and Flexible f\u00e5r du styling med en naturlig k\u00e4nsla utan stelhet eller kladdighet. Anv\u00e4nds steg f\u00f6r steg f\u00f6r att skapa frisyren. Sprayen kommer inte att tynga ner ditt h\u00e5r utan ger en flexibel naturlig stadga med lyster.<\/p>\n<p>75ml<\/p>\n","protected":false},"excerpt":{"rendered":"<p>SACHAJUAN Hairspray Light and Flexible f\u00e5r du styling med en naturlig k\u00e4nsla utan stelhet eller kladdighet. Anv\u00e4nds steg f\u00f6r steg f\u00f6r att skapa frisyren. Sprayen kommer inte att tynga ner ditt h\u00e5r utan ger en flexibel naturlig stadga med lyster. 75ml<\/p>\n","protected":false},"featured_media":14618,"comment_status":"open","ping_status":"closed","template":"","meta":{"_trash_the_other_posts":false},"product_brand":[],"product_cat":[576],"product_tag":[4106],"berocket_brand":[1409],"class_list":{"0":"post-14620","1":"product","2":"type-product","3":"status-publish","4":"has-post-thumbnail","6":"product_cat-harspray","7":"product_tag-sachajuan-hairspray-light-and-flexible","8":"pa_brand-sachajuan","9":"pa_variant-75ml","10":"berocket_brand-sachajuan","12":"first","13":"instock","14":"sale","15":"taxable","16":"shipping-taxable","17":"purchasable","18":"product-type-simple"},"_links":{"self":[{"href":"https:\/\/stylingagenten.com\/sv\/wp-json\/wp\/v2\/product\/14620","targetHints":{"allow":["GET"]}}],"collection":[{"href":"https:\/\/stylingagenten.com\/sv\/wp-json\/wp\/v2\/product"}],"about":[{"href":"https:\/\/stylingagenten.com\/sv\/wp-json\/wp\/v2\/types\/product"}],"replies":[{"embeddable":true,"href":"https:\/\/stylingagenten.com\/sv\/wp-json\/wp\/v2\/comments?post=14620"}],"version-history":[{"count":0,"href":"https:\/\/stylingagenten.com\/sv\/wp-json\/wp\/v2\/product\/14620\/revisions"}],"wp:featuredmedia":[{"embeddable":true,"href":"https:\/\/stylingagenten.com\/sv\/wp-json\/wp\/v2\/media\/14618"}],"wp:attachment":[{"href":"https:\/\/stylingagenten.com\/sv\/wp-json\/wp\/v2\/media?parent=14620"}],"wp:term":[{"taxonomy":"product_brand","embeddable":true,"href":"https:\/\/stylingagenten.com\/sv\/wp-json\/wp\/v2\/product_brand?post=14620"},{"taxonomy":"product_cat","embeddable":true,"href":"https:\/\/stylingagenten.com\/sv\/wp-json\/wp\/v2\/product_cat?post=14620"},{"taxonomy":"product_tag","embeddable":true,"href":"https:\/\/stylingagenten.com\/sv\/wp-json\/wp\/v2\/product_tag?post=14620"},{"taxonomy":"berocket_brand","embeddable":true,"href":"https:\/\/stylingagenten.com\/sv\/wp-json\/wp\/v2\/berocket_brand?post=14620"}],"curies":[{"name":"wp","href":"https:\/\/api.w.org\/{rel}","templated":true}]}}