{"id":14601,"date":"2025-01-24T11:50:34","date_gmt":"2025-01-24T11:50:34","guid":{"rendered":"https:\/\/staging2.stylingagenten.com\/sv\/produkt\/sachajuan-hand-lotion-fresh-lavender-300ml\/"},"modified":"2025-11-18T15:53:26","modified_gmt":"2025-11-18T15:53:26","slug":"sachajuan-hand-lotion-fresh-lavender-300ml","status":"publish","type":"product","link":"https:\/\/stylingagenten.com\/sv\/produkt\/sachajuan-hand-lotion-fresh-lavender-300ml\/","title":{"rendered":"SACHAJUAN Hand Lotion Fresh lavender 300ml"},"content":{"rendered":"<p>SACHAJUAN Hand Lotion Fresh lavender \u00e5terfuktar och lugnar huden med anti-irriterande egenskaper. Den \u00e4r berikad med jordsilke-teknologi, vitamin E och sheasm\u00f6r.<\/p>\n<p>300ml<\/p>\n","protected":false},"excerpt":{"rendered":"<p>SACHAJUAN Hand Lotion Fresh lavender \u00e5terfuktar och lugnar huden med anti-irriterande egenskaper. Den \u00e4r berikad med jordsilke-teknologi, vitamin E och sheasm\u00f6r. 300ml<\/p>\n","protected":false},"featured_media":14600,"comment_status":"open","ping_status":"closed","template":"","meta":{"_trash_the_other_posts":false},"product_brand":[],"product_cat":[574],"product_tag":[],"berocket_brand":[1409],"class_list":{"0":"post-14601","1":"product","2":"type-product","3":"status-publish","4":"has-post-thumbnail","6":"product_cat-handkram","7":"pa_brand-sachajuan","8":"berocket_brand-sachajuan","10":"first","11":"instock","12":"sale","13":"taxable","14":"shipping-taxable","15":"purchasable","16":"product-type-simple"},"_links":{"self":[{"href":"https:\/\/stylingagenten.com\/sv\/wp-json\/wp\/v2\/product\/14601","targetHints":{"allow":["GET"]}}],"collection":[{"href":"https:\/\/stylingagenten.com\/sv\/wp-json\/wp\/v2\/product"}],"about":[{"href":"https:\/\/stylingagenten.com\/sv\/wp-json\/wp\/v2\/types\/product"}],"replies":[{"embeddable":true,"href":"https:\/\/stylingagenten.com\/sv\/wp-json\/wp\/v2\/comments?post=14601"}],"version-history":[{"count":0,"href":"https:\/\/stylingagenten.com\/sv\/wp-json\/wp\/v2\/product\/14601\/revisions"}],"wp:featuredmedia":[{"embeddable":true,"href":"https:\/\/stylingagenten.com\/sv\/wp-json\/wp\/v2\/media\/14600"}],"wp:attachment":[{"href":"https:\/\/stylingagenten.com\/sv\/wp-json\/wp\/v2\/media?parent=14601"}],"wp:term":[{"taxonomy":"product_brand","embeddable":true,"href":"https:\/\/stylingagenten.com\/sv\/wp-json\/wp\/v2\/product_brand?post=14601"},{"taxonomy":"product_cat","embeddable":true,"href":"https:\/\/stylingagenten.com\/sv\/wp-json\/wp\/v2\/product_cat?post=14601"},{"taxonomy":"product_tag","embeddable":true,"href":"https:\/\/stylingagenten.com\/sv\/wp-json\/wp\/v2\/product_tag?post=14601"},{"taxonomy":"berocket_brand","embeddable":true,"href":"https:\/\/stylingagenten.com\/sv\/wp-json\/wp\/v2\/berocket_brand?post=14601"}],"curies":[{"name":"wp","href":"https:\/\/api.w.org\/{rel}","templated":true}]}}