{"id":14536,"date":"2025-01-24T11:50:24","date_gmt":"2025-01-24T11:50:24","guid":{"rendered":"https:\/\/staging2.stylingagenten.com\/sv\/produkt\/paul-mitchell-clean-beauty-blonde-shampoo-1000ml\/"},"modified":"2026-04-08T15:28:46","modified_gmt":"2026-04-08T15:28:46","slug":"paul-mitchell-clean-beauty-blonde-shampoo-1000ml","status":"publish","type":"product","link":"https:\/\/stylingagenten.com\/sv\/produkt\/paul-mitchell-clean-beauty-blonde-shampoo-1000ml\/","title":{"rendered":"Paul Mitchell Clean Beauty Blonde Shampoo 1000ml"},"content":{"rendered":"<p>Paul Mitchell Clean Beauty Blonde Shampoo \u00e4r ett silvershampoo med Lila pigment.  Reng\u00f6r varsamt blont, slingat, silver eller gr\u00e5tt h\u00e5r och eliminerar m\u00e4ssingstoner.<br \/>\n<br \/>Berikad med antioxidanter fr\u00e5n granat\u00e4pple-extrakt, k\u00e4nt f\u00f6r att f\u00f6rhindra att f\u00e4rgen bleknar, samt att den skyddar mot milj\u00f6exponering och fria radikaler.<\/p>\n<p>1000ml<\/p>\n","protected":false},"excerpt":{"rendered":"<p>Paul Mitchell Clean Beauty Blonde Shampoo \u00e4r ett silvershampoo med Lila pigment. Reng\u00f6r varsamt blont, slingat, silver eller gr\u00e5tt h\u00e5r och eliminerar m\u00e4ssingstoner. Berikad med antioxidanter fr\u00e5n granat\u00e4pple-extrakt, k\u00e4nt f\u00f6r att f\u00f6rhindra att f\u00e4rgen bleknar, samt att den skyddar mot milj\u00f6exponering och fria radikaler. 1000ml<\/p>\n","protected":false},"featured_media":14531,"comment_status":"open","ping_status":"closed","template":"","meta":{"_trash_the_other_posts":false},"product_brand":[],"product_cat":[563],"product_tag":[3890],"berocket_brand":[1053],"class_list":{"0":"post-14536","1":"product","2":"type-product","3":"status-publish","4":"has-post-thumbnail","6":"product_cat-schampo","7":"product_tag-paul-mitchell-clean-beauty-blonde-shampoo","8":"pa_brand-paul-mitchell","9":"pa_variant-1000ml","10":"berocket_brand-paul-mitchell","12":"first","13":"instock","14":"sale","15":"taxable","16":"shipping-taxable","17":"purchasable","18":"product-type-simple"},"_links":{"self":[{"href":"https:\/\/stylingagenten.com\/sv\/wp-json\/wp\/v2\/product\/14536","targetHints":{"allow":["GET"]}}],"collection":[{"href":"https:\/\/stylingagenten.com\/sv\/wp-json\/wp\/v2\/product"}],"about":[{"href":"https:\/\/stylingagenten.com\/sv\/wp-json\/wp\/v2\/types\/product"}],"replies":[{"embeddable":true,"href":"https:\/\/stylingagenten.com\/sv\/wp-json\/wp\/v2\/comments?post=14536"}],"version-history":[{"count":0,"href":"https:\/\/stylingagenten.com\/sv\/wp-json\/wp\/v2\/product\/14536\/revisions"}],"wp:featuredmedia":[{"embeddable":true,"href":"https:\/\/stylingagenten.com\/sv\/wp-json\/wp\/v2\/media\/14531"}],"wp:attachment":[{"href":"https:\/\/stylingagenten.com\/sv\/wp-json\/wp\/v2\/media?parent=14536"}],"wp:term":[{"taxonomy":"product_brand","embeddable":true,"href":"https:\/\/stylingagenten.com\/sv\/wp-json\/wp\/v2\/product_brand?post=14536"},{"taxonomy":"product_cat","embeddable":true,"href":"https:\/\/stylingagenten.com\/sv\/wp-json\/wp\/v2\/product_cat?post=14536"},{"taxonomy":"product_tag","embeddable":true,"href":"https:\/\/stylingagenten.com\/sv\/wp-json\/wp\/v2\/product_tag?post=14536"},{"taxonomy":"berocket_brand","embeddable":true,"href":"https:\/\/stylingagenten.com\/sv\/wp-json\/wp\/v2\/berocket_brand?post=14536"}],"curies":[{"name":"wp","href":"https:\/\/api.w.org\/{rel}","templated":true}]}}