{"id":14533,"date":"2025-01-24T11:50:24","date_gmt":"2025-01-24T11:50:24","guid":{"rendered":"https:\/\/staging2.stylingagenten.com\/sv\/produkt\/paul-mitchell-clean-beauty-color-protect-conditioner-250ml\/"},"modified":"2026-04-08T15:28:48","modified_gmt":"2026-04-08T15:28:48","slug":"paul-mitchell-clean-beauty-color-protect-conditioner-250ml","status":"publish","type":"product","link":"https:\/\/stylingagenten.com\/sv\/produkt\/paul-mitchell-clean-beauty-color-protect-conditioner-250ml\/","title":{"rendered":"Paul Mitchell Clean Beauty Color Protect Conditioner 250ml"},"content":{"rendered":"<p>Paul Mitchell Clean Beauty Color Protect Conditioner v\u00e5rdar och skyddar h\u00e5ret samtidigt som det f\u00f6rl\u00e4nger f\u00e4rgens livfullhet, h\u00e5ret blir mer f\u00f6ljsamt och f\u00e5r mera glans.<br \/>\n<br \/>Berikad med antioxidanter fr\u00e5n granat\u00e4pple-extrakt, k\u00e4nt f\u00f6r att f\u00f6rhindra att f\u00e4rgen bleknar, samt att den skyddar mot milj\u00f6exponering och fria radikaler.<\/p>\n<p>250ml<\/p>\n","protected":false},"excerpt":{"rendered":"<p>Paul Mitchell Clean Beauty Color Protect Conditioner v\u00e5rdar och skyddar h\u00e5ret samtidigt som det f\u00f6rl\u00e4nger f\u00e4rgens livfullhet, h\u00e5ret blir mer f\u00f6ljsamt och f\u00e5r mera glans. Berikad med antioxidanter fr\u00e5n granat\u00e4pple-extrakt, k\u00e4nt f\u00f6r att f\u00f6rhindra att f\u00e4rgen bleknar, samt att den skyddar mot milj\u00f6exponering och fria radikaler. 250ml<\/p>\n","protected":false},"featured_media":14523,"comment_status":"open","ping_status":"closed","template":"","meta":{"_trash_the_other_posts":false},"product_brand":[],"product_cat":[587],"product_tag":[3892],"berocket_brand":[1053],"class_list":{"0":"post-14533","1":"product","2":"type-product","3":"status-publish","4":"has-post-thumbnail","6":"product_cat-balsam","7":"product_tag-paul-mitchell-clean-beauty-color-protect-conditioner","8":"pa_brand-paul-mitchell","9":"pa_variant-250ml","10":"berocket_brand-paul-mitchell","12":"first","13":"instock","14":"sale","15":"taxable","16":"shipping-taxable","17":"purchasable","18":"product-type-simple"},"_links":{"self":[{"href":"https:\/\/stylingagenten.com\/sv\/wp-json\/wp\/v2\/product\/14533","targetHints":{"allow":["GET"]}}],"collection":[{"href":"https:\/\/stylingagenten.com\/sv\/wp-json\/wp\/v2\/product"}],"about":[{"href":"https:\/\/stylingagenten.com\/sv\/wp-json\/wp\/v2\/types\/product"}],"replies":[{"embeddable":true,"href":"https:\/\/stylingagenten.com\/sv\/wp-json\/wp\/v2\/comments?post=14533"}],"version-history":[{"count":0,"href":"https:\/\/stylingagenten.com\/sv\/wp-json\/wp\/v2\/product\/14533\/revisions"}],"wp:featuredmedia":[{"embeddable":true,"href":"https:\/\/stylingagenten.com\/sv\/wp-json\/wp\/v2\/media\/14523"}],"wp:attachment":[{"href":"https:\/\/stylingagenten.com\/sv\/wp-json\/wp\/v2\/media?parent=14533"}],"wp:term":[{"taxonomy":"product_brand","embeddable":true,"href":"https:\/\/stylingagenten.com\/sv\/wp-json\/wp\/v2\/product_brand?post=14533"},{"taxonomy":"product_cat","embeddable":true,"href":"https:\/\/stylingagenten.com\/sv\/wp-json\/wp\/v2\/product_cat?post=14533"},{"taxonomy":"product_tag","embeddable":true,"href":"https:\/\/stylingagenten.com\/sv\/wp-json\/wp\/v2\/product_tag?post=14533"},{"taxonomy":"berocket_brand","embeddable":true,"href":"https:\/\/stylingagenten.com\/sv\/wp-json\/wp\/v2\/berocket_brand?post=14533"}],"curies":[{"name":"wp","href":"https:\/\/api.w.org\/{rel}","templated":true}]}}