{"id":14489,"date":"2025-01-24T11:50:19","date_gmt":"2025-01-24T11:50:19","guid":{"rendered":"https:\/\/staging2.stylingagenten.com\/sv\/produkt\/paul-mitchell-platinum-plus-toning-drops-25ml\/"},"modified":"2026-04-08T15:28:50","modified_gmt":"2026-04-08T15:28:50","slug":"paul-mitchell-platinum-plus-toning-drops-25ml","status":"publish","type":"product","link":"https:\/\/stylingagenten.com\/sv\/produkt\/paul-mitchell-platinum-plus-toning-drops-25ml\/","title":{"rendered":"Paul Mitchell Platinum Plus Toning Drops 25ml"},"content":{"rendered":"<p>Paul Mitchell Platinum Plus Toning Drops kan blandas med Paul Mitchell shampoo, balsam, inpackningar och styling f\u00f6r en skr\u00e4ddarsydd violett nyans.<br \/>\n<br \/>Anpassningsbar toningstillsats f\u00f6r alla nyanser av blont, f\u00e4rgat, gr\u00e5tt eller silverf\u00e4rgat h\u00e5r. H\u00f6gkoncentrerade lila pigment, som  kyler ner, varma, gula och m\u00e4ssingsf\u00e4rgade toner. Anv\u00e4nd flera pumpningar tills du n\u00e5r \u00f6nskad toningsniv\u00e5<\/p>\n<p>25ml<\/p>\n","protected":false},"excerpt":{"rendered":"<p>Paul Mitchell Platinum Plus Toning Drops kan blandas med Paul Mitchell shampoo, balsam, inpackningar och styling f\u00f6r en skr\u00e4ddarsydd violett nyans. Anpassningsbar toningstillsats f\u00f6r alla nyanser av blont, f\u00e4rgat, gr\u00e5tt eller silverf\u00e4rgat h\u00e5r. H\u00f6gkoncentrerade lila pigment, som kyler ner, varma, gula och m\u00e4ssingsf\u00e4rgade toner. Anv\u00e4nd flera pumpningar tills du n\u00e5r \u00f6nskad toningsniv\u00e5 25ml<\/p>\n","protected":false},"featured_media":14473,"comment_status":"open","ping_status":"closed","template":"","meta":{"_trash_the_other_posts":false},"product_brand":[],"product_cat":[602],"product_tag":[],"berocket_brand":[1053],"class_list":{"0":"post-14489","1":"product","2":"type-product","3":"status-publish","4":"has-post-thumbnail","6":"product_cat-fargbomb","7":"pa_brand-paul-mitchell","8":"berocket_brand-paul-mitchell","10":"first","11":"instock","12":"sale","13":"taxable","14":"shipping-taxable","15":"purchasable","16":"product-type-simple"},"_links":{"self":[{"href":"https:\/\/stylingagenten.com\/sv\/wp-json\/wp\/v2\/product\/14489","targetHints":{"allow":["GET"]}}],"collection":[{"href":"https:\/\/stylingagenten.com\/sv\/wp-json\/wp\/v2\/product"}],"about":[{"href":"https:\/\/stylingagenten.com\/sv\/wp-json\/wp\/v2\/types\/product"}],"replies":[{"embeddable":true,"href":"https:\/\/stylingagenten.com\/sv\/wp-json\/wp\/v2\/comments?post=14489"}],"version-history":[{"count":0,"href":"https:\/\/stylingagenten.com\/sv\/wp-json\/wp\/v2\/product\/14489\/revisions"}],"wp:featuredmedia":[{"embeddable":true,"href":"https:\/\/stylingagenten.com\/sv\/wp-json\/wp\/v2\/media\/14473"}],"wp:attachment":[{"href":"https:\/\/stylingagenten.com\/sv\/wp-json\/wp\/v2\/media?parent=14489"}],"wp:term":[{"taxonomy":"product_brand","embeddable":true,"href":"https:\/\/stylingagenten.com\/sv\/wp-json\/wp\/v2\/product_brand?post=14489"},{"taxonomy":"product_cat","embeddable":true,"href":"https:\/\/stylingagenten.com\/sv\/wp-json\/wp\/v2\/product_cat?post=14489"},{"taxonomy":"product_tag","embeddable":true,"href":"https:\/\/stylingagenten.com\/sv\/wp-json\/wp\/v2\/product_tag?post=14489"},{"taxonomy":"berocket_brand","embeddable":true,"href":"https:\/\/stylingagenten.com\/sv\/wp-json\/wp\/v2\/berocket_brand?post=14489"}],"curies":[{"name":"wp","href":"https:\/\/api.w.org\/{rel}","templated":true}]}}