{"id":14477,"date":"2025-01-24T11:50:18","date_gmt":"2025-01-24T11:50:18","guid":{"rendered":"https:\/\/staging2.stylingagenten.com\/sv\/produkt\/ralph-lauren-polo-red-for-men-edp-75ml\/"},"modified":"2026-03-28T21:18:35","modified_gmt":"2026-03-28T21:18:35","slug":"ralph-lauren-polo-red-for-men-edp-75ml","status":"publish","type":"product","link":"https:\/\/stylingagenten.com\/sv\/produkt\/ralph-lauren-polo-red-for-men-edp-75ml\/","title":{"rendered":"Ralph Lauren Polo Red For Men Edp 75ml"},"content":{"rendered":"<p>Uppt\u00e4ck Ralph Lauren Polo Red Eau de Parfum d\u00e4r f\u00f6rf\u00f6relse och sofistikering m\u00f6ts. De fylliga noterna av naturtr\u00e4 lyfter parfymen och Polo Red-kollektionen till en ny, lyxig niv\u00e5. Frisk, r\u00f6d ingef\u00e4ra ger ett varmt och sensuellt intryck medan aromatisk salvia ger doftens f\u00f6rf\u00f6riska hj\u00e4rta ett maskulint str\u00e5k.<\/p>\n","protected":false},"excerpt":{"rendered":"<p>Uppt\u00e4ck Ralph Lauren Polo Red Eau de Parfum d\u00e4r f\u00f6rf\u00f6relse och sofistikering m\u00f6ts. De fylliga noterna av naturtr\u00e4 lyfter parfymen och Polo Red-kollektionen till en ny, lyxig niv\u00e5. Frisk, r\u00f6d ingef\u00e4ra ger ett varmt och sensuellt intryck medan aromatisk salvia ger doftens f\u00f6rf\u00f6riska hj\u00e4rta ett maskulint str\u00e5k.<\/p>\n","protected":false},"featured_media":14464,"comment_status":"open","ping_status":"closed","template":"","meta":{"_trash_the_other_posts":false},"product_brand":[],"product_cat":[708,735,1000],"product_tag":[],"berocket_brand":[1015],"class_list":{"0":"post-14477","1":"product","2":"type-product","3":"status-publish","4":"has-post-thumbnail","6":"product_cat-eau-de-parfum-herr","7":"product_cat-kampanj","8":"product_cat-kampanj-for-honom","9":"pa_brand-ralph-lauren","10":"berocket_brand-ralph-lauren","12":"first","13":"outofstock","14":"sale","15":"taxable","16":"shipping-taxable","17":"purchasable","18":"product-type-simple"},"_links":{"self":[{"href":"https:\/\/stylingagenten.com\/sv\/wp-json\/wp\/v2\/product\/14477","targetHints":{"allow":["GET"]}}],"collection":[{"href":"https:\/\/stylingagenten.com\/sv\/wp-json\/wp\/v2\/product"}],"about":[{"href":"https:\/\/stylingagenten.com\/sv\/wp-json\/wp\/v2\/types\/product"}],"replies":[{"embeddable":true,"href":"https:\/\/stylingagenten.com\/sv\/wp-json\/wp\/v2\/comments?post=14477"}],"version-history":[{"count":0,"href":"https:\/\/stylingagenten.com\/sv\/wp-json\/wp\/v2\/product\/14477\/revisions"}],"wp:featuredmedia":[{"embeddable":true,"href":"https:\/\/stylingagenten.com\/sv\/wp-json\/wp\/v2\/media\/14464"}],"wp:attachment":[{"href":"https:\/\/stylingagenten.com\/sv\/wp-json\/wp\/v2\/media?parent=14477"}],"wp:term":[{"taxonomy":"product_brand","embeddable":true,"href":"https:\/\/stylingagenten.com\/sv\/wp-json\/wp\/v2\/product_brand?post=14477"},{"taxonomy":"product_cat","embeddable":true,"href":"https:\/\/stylingagenten.com\/sv\/wp-json\/wp\/v2\/product_cat?post=14477"},{"taxonomy":"product_tag","embeddable":true,"href":"https:\/\/stylingagenten.com\/sv\/wp-json\/wp\/v2\/product_tag?post=14477"},{"taxonomy":"berocket_brand","embeddable":true,"href":"https:\/\/stylingagenten.com\/sv\/wp-json\/wp\/v2\/berocket_brand?post=14477"}],"curies":[{"name":"wp","href":"https:\/\/api.w.org\/{rel}","templated":true}]}}