{"id":14470,"date":"2025-01-24T11:50:17","date_gmt":"2025-01-24T11:50:17","guid":{"rendered":"https:\/\/staging2.stylingagenten.com\/sv\/produkt\/hugo-boss-the-scent-le-parfum-for-men-edp-50ml\/"},"modified":"2026-04-14T08:28:23","modified_gmt":"2026-04-14T08:28:23","slug":"hugo-boss-the-scent-le-parfum-for-men-edp-50ml","status":"publish","type":"product","link":"https:\/\/stylingagenten.com\/sv\/produkt\/hugo-boss-the-scent-le-parfum-for-men-edp-50ml\/","title":{"rendered":"Hugo Boss The Scent Le Parfum For Men Edp 50ml"},"content":{"rendered":"<p>K\u00e4nn dragningskraften hos BOSS The Scent Le Parfum for Him. Denna intensiva tolkning av ikoniska BOSS The Scent f\u00f6r m\u00e4n v\u00e4cker sinnena med noter av iris och l\u00e4der som ger doften en hypnotisk dragningskraft.<\/p>\n<p>Sensuella toppnoter av ingef\u00e4ra och exotisk maninkafrukt ger BOSS The Scents signaturdoft en ny, magnetisk dragningskraft och kontrasteras vackert av iris i hj\u00e4rtnoten. Den djupa och maskulina l\u00e4dernoten i basen ger doften en inbjudande v\u00e4rme.<\/p>\n<p>Den ikoniska flaskan har en sensuell gr\u00e5brun f\u00e4rg bakom en bur i r\u00f6tt guld. BOSS The Scent Le Parfum for Him presenteras i en gr\u00e5brun ask \u2013 en kraftfull doft som ger f\u00f6rf\u00f6relse en helt ny dimension.<\/p>\n<p>Doftfamilj: Ambery &#8211; Leathery<br \/>\n<br \/>Toppnot: Ingef\u00e4ra &amp; Maninka frukt<br \/>\n<br \/>Hj\u00e4rtnoter: Irisnoter<br \/>\n<br \/>Basnoter: L\u00e4derackord<\/p>\n","protected":false},"excerpt":{"rendered":"<p>K\u00e4nn dragningskraften hos BOSS The Scent Le Parfum for Him. Denna intensiva tolkning av ikoniska BOSS The Scent f\u00f6r m\u00e4n v\u00e4cker sinnena med noter av iris och l\u00e4der som ger doften en hypnotisk dragningskraft. Sensuella toppnoter av ingef\u00e4ra och exotisk maninkafrukt ger BOSS The Scents signaturdoft en ny, magnetisk dragningskraft och kontrasteras vackert av iris [&hellip;]<\/p>\n","protected":false},"featured_media":14460,"comment_status":"open","ping_status":"closed","template":"","meta":{"_trash_the_other_posts":false},"product_brand":[],"product_cat":[708,735,1000],"product_tag":[],"berocket_brand":[1339],"class_list":{"0":"post-14470","1":"product","2":"type-product","3":"status-publish","4":"has-post-thumbnail","6":"product_cat-eau-de-parfum-herr","7":"product_cat-kampanj","8":"product_cat-kampanj-for-honom","9":"pa_brand-hugo-boss","10":"berocket_brand-hugo-boss","12":"first","13":"instock","14":"sale","15":"taxable","16":"shipping-taxable","17":"purchasable","18":"product-type-simple"},"_links":{"self":[{"href":"https:\/\/stylingagenten.com\/sv\/wp-json\/wp\/v2\/product\/14470","targetHints":{"allow":["GET"]}}],"collection":[{"href":"https:\/\/stylingagenten.com\/sv\/wp-json\/wp\/v2\/product"}],"about":[{"href":"https:\/\/stylingagenten.com\/sv\/wp-json\/wp\/v2\/types\/product"}],"replies":[{"embeddable":true,"href":"https:\/\/stylingagenten.com\/sv\/wp-json\/wp\/v2\/comments?post=14470"}],"version-history":[{"count":0,"href":"https:\/\/stylingagenten.com\/sv\/wp-json\/wp\/v2\/product\/14470\/revisions"}],"wp:featuredmedia":[{"embeddable":true,"href":"https:\/\/stylingagenten.com\/sv\/wp-json\/wp\/v2\/media\/14460"}],"wp:attachment":[{"href":"https:\/\/stylingagenten.com\/sv\/wp-json\/wp\/v2\/media?parent=14470"}],"wp:term":[{"taxonomy":"product_brand","embeddable":true,"href":"https:\/\/stylingagenten.com\/sv\/wp-json\/wp\/v2\/product_brand?post=14470"},{"taxonomy":"product_cat","embeddable":true,"href":"https:\/\/stylingagenten.com\/sv\/wp-json\/wp\/v2\/product_cat?post=14470"},{"taxonomy":"product_tag","embeddable":true,"href":"https:\/\/stylingagenten.com\/sv\/wp-json\/wp\/v2\/product_tag?post=14470"},{"taxonomy":"berocket_brand","embeddable":true,"href":"https:\/\/stylingagenten.com\/sv\/wp-json\/wp\/v2\/berocket_brand?post=14470"}],"curies":[{"name":"wp","href":"https:\/\/api.w.org\/{rel}","templated":true}]}}