{"id":14453,"date":"2025-01-24T11:50:15","date_gmt":"2025-01-24T11:50:15","guid":{"rendered":"https:\/\/staging2.stylingagenten.com\/sv\/produkt\/paul-mitchell-clean-beauty-color-depositing-treatment-cocoa-150ml\/"},"modified":"2026-04-08T15:29:01","modified_gmt":"2026-04-08T15:29:01","slug":"paul-mitchell-clean-beauty-color-depositing-treatment-cocoa-150ml","status":"publish","type":"product","link":"https:\/\/stylingagenten.com\/sv\/produkt\/paul-mitchell-clean-beauty-color-depositing-treatment-cocoa-150ml\/","title":{"rendered":"Paul Mitchell Clean Beauty Color Depositing Treatment Cocoa 150ml"},"content":{"rendered":"<p>Underh\u00e5ll f\u00e4rgen mellan dina fris\u00f6rbes\u00f6k.<br \/>\n<br \/>Clean Beauty Color Depositing Treatment Cocoa mjukg\u00f6r och ger n\u00e4ring \u00e5t varje str\u00e5.<\/p>\n","protected":false},"excerpt":{"rendered":"<p>Underh\u00e5ll f\u00e4rgen mellan dina fris\u00f6rbes\u00f6k. Clean Beauty Color Depositing Treatment Cocoa mjukg\u00f6r och ger n\u00e4ring \u00e5t varje str\u00e5.<\/p>\n","protected":false},"featured_media":14441,"comment_status":"open","ping_status":"closed","template":"","meta":{"_trash_the_other_posts":false},"product_brand":[],"product_cat":[602],"product_tag":[3891],"berocket_brand":[1053],"class_list":{"0":"post-14453","1":"product","2":"type-product","3":"status-publish","4":"has-post-thumbnail","6":"product_cat-fargbomb","7":"product_tag-paul-mitchell-clean-beauty-color-depositing-treatment-150ml","8":"pa_brand-paul-mitchell","9":"pa_variant-cocoa","10":"berocket_brand-paul-mitchell","12":"first","13":"instock","14":"sale","15":"taxable","16":"shipping-taxable","17":"purchasable","18":"product-type-simple"},"_links":{"self":[{"href":"https:\/\/stylingagenten.com\/sv\/wp-json\/wp\/v2\/product\/14453","targetHints":{"allow":["GET"]}}],"collection":[{"href":"https:\/\/stylingagenten.com\/sv\/wp-json\/wp\/v2\/product"}],"about":[{"href":"https:\/\/stylingagenten.com\/sv\/wp-json\/wp\/v2\/types\/product"}],"replies":[{"embeddable":true,"href":"https:\/\/stylingagenten.com\/sv\/wp-json\/wp\/v2\/comments?post=14453"}],"version-history":[{"count":0,"href":"https:\/\/stylingagenten.com\/sv\/wp-json\/wp\/v2\/product\/14453\/revisions"}],"wp:featuredmedia":[{"embeddable":true,"href":"https:\/\/stylingagenten.com\/sv\/wp-json\/wp\/v2\/media\/14441"}],"wp:attachment":[{"href":"https:\/\/stylingagenten.com\/sv\/wp-json\/wp\/v2\/media?parent=14453"}],"wp:term":[{"taxonomy":"product_brand","embeddable":true,"href":"https:\/\/stylingagenten.com\/sv\/wp-json\/wp\/v2\/product_brand?post=14453"},{"taxonomy":"product_cat","embeddable":true,"href":"https:\/\/stylingagenten.com\/sv\/wp-json\/wp\/v2\/product_cat?post=14453"},{"taxonomy":"product_tag","embeddable":true,"href":"https:\/\/stylingagenten.com\/sv\/wp-json\/wp\/v2\/product_tag?post=14453"},{"taxonomy":"berocket_brand","embeddable":true,"href":"https:\/\/stylingagenten.com\/sv\/wp-json\/wp\/v2\/berocket_brand?post=14453"}],"curies":[{"name":"wp","href":"https:\/\/api.w.org\/{rel}","templated":true}]}}