{"id":14407,"date":"2025-01-24T11:50:09","date_gmt":"2025-01-24T11:50:09","guid":{"rendered":"https:\/\/staging2.stylingagenten.com\/sv\/produkt\/puig-agua-brava-edc-100ml\/"},"modified":"2026-04-11T13:58:24","modified_gmt":"2026-04-11T13:58:24","slug":"puig-agua-brava-edc-100ml","status":"publish","type":"product","link":"https:\/\/stylingagenten.com\/sv\/produkt\/puig-agua-brava-edc-100ml\/","title":{"rendered":"Puig Agua Brava Edc 100ml"},"content":{"rendered":"<p>Puig Aqua Brava \u00e4r en mossig, tr\u00e4ig och fin doft. Den \u00e4r maskulin, varm och energiskt och har en h\u00e4rligt blandning av \u00f6rter, citrus och gr\u00f6na noter. Den inleder med rosmarin och citrus vilka sammanfl\u00e4tas med hj\u00e4rtats laurelblad, ananas och nejlika. Doften rundar sedan av med mossa, sandeltr\u00e4, patchouli och vetiver<\/p>\n<p>Toppnoter &#8211; Rosmarin och citrus<\/p>\n<p>Mellannoter &#8211; Laurelblad, ananas och nejlika<\/p>\n<p>Basnoter &#8211; Mossa, sandeltr\u00e4, patchouli och vetiver<\/p>\n","protected":false},"excerpt":{"rendered":"<p>Puig Aqua Brava \u00e4r en mossig, tr\u00e4ig och fin doft. Den \u00e4r maskulin, varm och energiskt och har en h\u00e4rligt blandning av \u00f6rter, citrus och gr\u00f6na noter. Den inleder med rosmarin och citrus vilka sammanfl\u00e4tas med hj\u00e4rtats laurelblad, ananas och nejlika. Doften rundar sedan av med mossa, sandeltr\u00e4, patchouli och vetiver Toppnoter &#8211; Rosmarin och [&hellip;]<\/p>\n","protected":false},"featured_media":14405,"comment_status":"open","ping_status":"closed","template":"","meta":{"_trash_the_other_posts":false},"product_brand":[],"product_cat":[710,735,1000,1006],"product_tag":[],"berocket_brand":[1250],"class_list":{"0":"post-14407","1":"product","2":"type-product","3":"status-publish","4":"has-post-thumbnail","6":"product_cat-eau-de-cologne-herr","7":"product_cat-kampanj","8":"product_cat-kampanj-for-honom","9":"product_cat-kampanjpris","10":"pa_brand-antonio-puig","11":"berocket_brand-antonio-puig","13":"first","14":"instock","15":"sale","16":"taxable","17":"shipping-taxable","18":"purchasable","19":"product-type-simple"},"_links":{"self":[{"href":"https:\/\/stylingagenten.com\/sv\/wp-json\/wp\/v2\/product\/14407","targetHints":{"allow":["GET"]}}],"collection":[{"href":"https:\/\/stylingagenten.com\/sv\/wp-json\/wp\/v2\/product"}],"about":[{"href":"https:\/\/stylingagenten.com\/sv\/wp-json\/wp\/v2\/types\/product"}],"replies":[{"embeddable":true,"href":"https:\/\/stylingagenten.com\/sv\/wp-json\/wp\/v2\/comments?post=14407"}],"version-history":[{"count":0,"href":"https:\/\/stylingagenten.com\/sv\/wp-json\/wp\/v2\/product\/14407\/revisions"}],"wp:featuredmedia":[{"embeddable":true,"href":"https:\/\/stylingagenten.com\/sv\/wp-json\/wp\/v2\/media\/14405"}],"wp:attachment":[{"href":"https:\/\/stylingagenten.com\/sv\/wp-json\/wp\/v2\/media?parent=14407"}],"wp:term":[{"taxonomy":"product_brand","embeddable":true,"href":"https:\/\/stylingagenten.com\/sv\/wp-json\/wp\/v2\/product_brand?post=14407"},{"taxonomy":"product_cat","embeddable":true,"href":"https:\/\/stylingagenten.com\/sv\/wp-json\/wp\/v2\/product_cat?post=14407"},{"taxonomy":"product_tag","embeddable":true,"href":"https:\/\/stylingagenten.com\/sv\/wp-json\/wp\/v2\/product_tag?post=14407"},{"taxonomy":"berocket_brand","embeddable":true,"href":"https:\/\/stylingagenten.com\/sv\/wp-json\/wp\/v2\/berocket_brand?post=14407"}],"curies":[{"name":"wp","href":"https:\/\/api.w.org\/{rel}","templated":true}]}}