{"id":14282,"date":"2025-01-24T11:49:51","date_gmt":"2025-01-24T11:49:51","guid":{"rendered":"https:\/\/staging2.stylingagenten.com\/sv\/produkt\/wet-n-wild-mega-slicks-lip-gloss-pink-champagne-please\/"},"modified":"2025-11-18T15:54:01","modified_gmt":"2025-11-18T15:54:01","slug":"wet-n-wild-mega-slicks-lip-gloss-pink-champagne-please","status":"publish","type":"product","link":"https:\/\/stylingagenten.com\/sv\/produkt\/wet-n-wild-mega-slicks-lip-gloss-pink-champagne-please\/","title":{"rendered":"Wet n Wild Mega Slicks Lip Gloss &#8211; Pink Champagne Please"},"content":{"rendered":"<p>Wet n Wild Mega Slicks Lip Gloss &#8211; Pink Champagne Please \u00e4r ett \u00e5terfuktande l\u00e4ppglans med volymgivande effekt. Ger en str\u00e5lande glans och en fantastisk volymboost i kladdfri formula. Berikad med \u00e5terfuktande ingredienser s\u00e5 som hyaluronsyra och jojoba. Mega Slicks Lippgloss best\u00e5r av glansiga, skimrande och glittriga effekter finns i nyanserna Crushed Grapes, Crystal Clear, Cherish, Sinless, Call Me Boss, Snuggle Sesh, Pink Champagne Please<\/p>\n<p>2,3 ml<\/p>\n","protected":false},"excerpt":{"rendered":"<p>Wet n Wild Mega Slicks Lip Gloss &#8211; Pink Champagne Please \u00e4r ett \u00e5terfuktande l\u00e4ppglans med volymgivande effekt. Ger en str\u00e5lande glans och en fantastisk volymboost i kladdfri formula. Berikad med \u00e5terfuktande ingredienser s\u00e5 som hyaluronsyra och jojoba. Mega Slicks Lippgloss best\u00e5r av glansiga, skimrande och glittriga effekter finns i nyanserna Crushed Grapes, Crystal Clear, [&hellip;]<\/p>\n","protected":false},"featured_media":14253,"comment_status":"open","ping_status":"closed","template":"","meta":{"_trash_the_other_posts":false},"product_brand":[],"product_cat":[599],"product_tag":[4263],"berocket_brand":[1035],"class_list":{"0":"post-14282","1":"product","2":"type-product","3":"status-publish","4":"has-post-thumbnail","6":"product_cat-lappglans","7":"product_tag-wet-n-wild-mega-slicks-lip-gloss","8":"pa_brand-wet-n-wild","9":"pa_variant-pink-champagne-please","10":"berocket_brand-wet-n-wild","12":"first","13":"instock","14":"sale","15":"taxable","16":"shipping-taxable","17":"purchasable","18":"product-type-simple"},"_links":{"self":[{"href":"https:\/\/stylingagenten.com\/sv\/wp-json\/wp\/v2\/product\/14282","targetHints":{"allow":["GET"]}}],"collection":[{"href":"https:\/\/stylingagenten.com\/sv\/wp-json\/wp\/v2\/product"}],"about":[{"href":"https:\/\/stylingagenten.com\/sv\/wp-json\/wp\/v2\/types\/product"}],"replies":[{"embeddable":true,"href":"https:\/\/stylingagenten.com\/sv\/wp-json\/wp\/v2\/comments?post=14282"}],"version-history":[{"count":0,"href":"https:\/\/stylingagenten.com\/sv\/wp-json\/wp\/v2\/product\/14282\/revisions"}],"wp:featuredmedia":[{"embeddable":true,"href":"https:\/\/stylingagenten.com\/sv\/wp-json\/wp\/v2\/media\/14253"}],"wp:attachment":[{"href":"https:\/\/stylingagenten.com\/sv\/wp-json\/wp\/v2\/media?parent=14282"}],"wp:term":[{"taxonomy":"product_brand","embeddable":true,"href":"https:\/\/stylingagenten.com\/sv\/wp-json\/wp\/v2\/product_brand?post=14282"},{"taxonomy":"product_cat","embeddable":true,"href":"https:\/\/stylingagenten.com\/sv\/wp-json\/wp\/v2\/product_cat?post=14282"},{"taxonomy":"product_tag","embeddable":true,"href":"https:\/\/stylingagenten.com\/sv\/wp-json\/wp\/v2\/product_tag?post=14282"},{"taxonomy":"berocket_brand","embeddable":true,"href":"https:\/\/stylingagenten.com\/sv\/wp-json\/wp\/v2\/berocket_brand?post=14282"}],"curies":[{"name":"wp","href":"https:\/\/api.w.org\/{rel}","templated":true}]}}