{"id":14169,"date":"2025-01-24T11:49:41","date_gmt":"2025-01-24T11:49:41","guid":{"rendered":"https:\/\/staging2.stylingagenten.com\/sv\/produkt\/ralph-lauren-romance-edp-30ml\/"},"modified":"2026-02-04T22:12:39","modified_gmt":"2026-02-04T22:12:39","slug":"ralph-lauren-romance-edp-30ml","status":"publish","type":"product","link":"https:\/\/stylingagenten.com\/sv\/produkt\/ralph-lauren-romance-edp-30ml\/","title":{"rendered":"Ralph Lauren Romance Edp 30ml"},"content":{"rendered":"<p>Ralph Lauren Romance Eau de Parfum. Uppt\u00e4ck den sensuella essensen av silkeslent tr\u00e4, \u00f6verd\u00e5diga blomnoter och f\u00f6rf\u00f6risk mysk.<\/p>\n<p>30 ml<\/p>\n","protected":false},"excerpt":{"rendered":"<p>Ralph Lauren Romance Eau de Parfum. Uppt\u00e4ck den sensuella essensen av silkeslent tr\u00e4, \u00f6verd\u00e5diga blomnoter och f\u00f6rf\u00f6risk mysk. 30 ml<\/p>\n","protected":false},"featured_media":14159,"comment_status":"open","ping_status":"closed","template":"","meta":{"_trash_the_other_posts":false},"product_brand":[],"product_cat":[706,1006],"product_tag":[3995],"berocket_brand":[1015],"class_list":{"0":"post-14169","1":"product","2":"type-product","3":"status-publish","4":"has-post-thumbnail","6":"product_cat-eau-de-parfum-dam","7":"product_cat-kampanjpris","8":"product_tag-ralph-lauren-romance-edp","9":"pa_brand-ralph-lauren","10":"pa_variant-30ml","11":"berocket_brand-ralph-lauren","13":"first","14":"outofstock","15":"sale","16":"taxable","17":"shipping-taxable","18":"purchasable","19":"product-type-simple"},"_links":{"self":[{"href":"https:\/\/stylingagenten.com\/sv\/wp-json\/wp\/v2\/product\/14169","targetHints":{"allow":["GET"]}}],"collection":[{"href":"https:\/\/stylingagenten.com\/sv\/wp-json\/wp\/v2\/product"}],"about":[{"href":"https:\/\/stylingagenten.com\/sv\/wp-json\/wp\/v2\/types\/product"}],"replies":[{"embeddable":true,"href":"https:\/\/stylingagenten.com\/sv\/wp-json\/wp\/v2\/comments?post=14169"}],"version-history":[{"count":0,"href":"https:\/\/stylingagenten.com\/sv\/wp-json\/wp\/v2\/product\/14169\/revisions"}],"wp:featuredmedia":[{"embeddable":true,"href":"https:\/\/stylingagenten.com\/sv\/wp-json\/wp\/v2\/media\/14159"}],"wp:attachment":[{"href":"https:\/\/stylingagenten.com\/sv\/wp-json\/wp\/v2\/media?parent=14169"}],"wp:term":[{"taxonomy":"product_brand","embeddable":true,"href":"https:\/\/stylingagenten.com\/sv\/wp-json\/wp\/v2\/product_brand?post=14169"},{"taxonomy":"product_cat","embeddable":true,"href":"https:\/\/stylingagenten.com\/sv\/wp-json\/wp\/v2\/product_cat?post=14169"},{"taxonomy":"product_tag","embeddable":true,"href":"https:\/\/stylingagenten.com\/sv\/wp-json\/wp\/v2\/product_tag?post=14169"},{"taxonomy":"berocket_brand","embeddable":true,"href":"https:\/\/stylingagenten.com\/sv\/wp-json\/wp\/v2\/berocket_brand?post=14169"}],"curies":[{"name":"wp","href":"https:\/\/api.w.org\/{rel}","templated":true}]}}