{"id":14137,"date":"2025-01-24T11:49:37","date_gmt":"2025-01-24T11:49:37","guid":{"rendered":"https:\/\/staging2.stylingagenten.com\/sv\/produkt\/elizabeth-arden-green-tea-lychee-lime-edt-100ml\/"},"modified":"2026-03-28T10:58:23","modified_gmt":"2026-03-28T10:58:23","slug":"elizabeth-arden-green-tea-lychee-lime-edt-100ml","status":"publish","type":"product","link":"https:\/\/stylingagenten.com\/sv\/produkt\/elizabeth-arden-green-tea-lychee-lime-edt-100ml\/","title":{"rendered":"Elizabeth Arden Green Tea Lychee Lime Edt 100ml"},"content":{"rendered":"<p>Green Tea Lychee Lime \u00e4r en upplyftande eau de toilette som v\u00e4cker sinnena till liv och formar ett leende p\u00e5 dina l\u00e4ppar. Med ett spray kommer du k\u00e4nna en sprudlande, livfull &amp; fr\u00e4sch parfym som inte g\u00e5r att motst\u00e5. Green Tea Lychee hittar du inom Elizabeth Arden parfym damsortiment och med dess rena doftnoter \u00e4r det bara fantasin som s\u00e4tter gr\u00e4nser n\u00e4r du ska anv\u00e4nda den. En fr\u00e4sch damparfym med ett fantastiskt v\u00e4lkomnande d\u00e4r du kommer framst\u00e5 uppfriskande.<\/p>\n<p>Doften \u00f6ppnar med f\u00f6rfriskande noter av Litchi, italiensk bergamott och citrus. I hj\u00e4rtat finns egyptisk pelargon, n\u00e4ckrosackord och magnolia. I kontrast till doftens blommiga hj\u00e4rta sprider sig ett lugn i basen med Litchi Flash Delight Base, Mate Absolute och Gr\u00f6nt Te ackord.<\/p>\n<p>Doftfamilj: Fruity-Fresh<br \/>\n<br \/>Toppnot: Litchi, Bergamott, Citrus<br \/>\n<br \/>Hj\u00e4rtnot: Egyptisk Pelargon, N\u00e4ckrosackord, Magnolia<br \/>\n<br \/>Basnot: Lychee Flash Delight Base, Mate Absolute, Green Tea DNA<\/p>\n","protected":false},"excerpt":{"rendered":"<p>Green Tea Lychee Lime \u00e4r en upplyftande eau de toilette som v\u00e4cker sinnena till liv och formar ett leende p\u00e5 dina l\u00e4ppar. Med ett spray kommer du k\u00e4nna en sprudlande, livfull &amp; fr\u00e4sch parfym som inte g\u00e5r att motst\u00e5. Green Tea Lychee hittar du inom Elizabeth Arden parfym damsortiment och med dess rena doftnoter \u00e4r [&hellip;]<\/p>\n","protected":false},"featured_media":14119,"comment_status":"open","ping_status":"closed","template":"","meta":{"_trash_the_other_posts":false},"product_brand":[],"product_cat":[707,735,999],"product_tag":[],"berocket_brand":[1303],"class_list":{"0":"post-14137","1":"product","2":"type-product","3":"status-publish","4":"has-post-thumbnail","6":"product_cat-eau-de-toilette-dam","7":"product_cat-kampanj","8":"product_cat-kampanj-for-henne","9":"pa_brand-elizabeth-arden","10":"berocket_brand-elizabeth-arden","12":"first","13":"outofstock","14":"sale","15":"taxable","16":"shipping-taxable","17":"purchasable","18":"product-type-simple"},"_links":{"self":[{"href":"https:\/\/stylingagenten.com\/sv\/wp-json\/wp\/v2\/product\/14137","targetHints":{"allow":["GET"]}}],"collection":[{"href":"https:\/\/stylingagenten.com\/sv\/wp-json\/wp\/v2\/product"}],"about":[{"href":"https:\/\/stylingagenten.com\/sv\/wp-json\/wp\/v2\/types\/product"}],"replies":[{"embeddable":true,"href":"https:\/\/stylingagenten.com\/sv\/wp-json\/wp\/v2\/comments?post=14137"}],"version-history":[{"count":0,"href":"https:\/\/stylingagenten.com\/sv\/wp-json\/wp\/v2\/product\/14137\/revisions"}],"wp:featuredmedia":[{"embeddable":true,"href":"https:\/\/stylingagenten.com\/sv\/wp-json\/wp\/v2\/media\/14119"}],"wp:attachment":[{"href":"https:\/\/stylingagenten.com\/sv\/wp-json\/wp\/v2\/media?parent=14137"}],"wp:term":[{"taxonomy":"product_brand","embeddable":true,"href":"https:\/\/stylingagenten.com\/sv\/wp-json\/wp\/v2\/product_brand?post=14137"},{"taxonomy":"product_cat","embeddable":true,"href":"https:\/\/stylingagenten.com\/sv\/wp-json\/wp\/v2\/product_cat?post=14137"},{"taxonomy":"product_tag","embeddable":true,"href":"https:\/\/stylingagenten.com\/sv\/wp-json\/wp\/v2\/product_tag?post=14137"},{"taxonomy":"berocket_brand","embeddable":true,"href":"https:\/\/stylingagenten.com\/sv\/wp-json\/wp\/v2\/berocket_brand?post=14137"}],"curies":[{"name":"wp","href":"https:\/\/api.w.org\/{rel}","templated":true}]}}