{"id":14052,"date":"2025-01-24T11:49:27","date_gmt":"2025-01-24T11:49:27","guid":{"rendered":"https:\/\/staging2.stylingagenten.com\/sv\/produkt\/vaseline-advanced-repair-body-lotion-600ml\/"},"modified":"2026-04-10T09:58:27","modified_gmt":"2026-04-10T09:58:27","slug":"vaseline-advanced-repair-body-lotion-600ml","status":"publish","type":"product","link":"https:\/\/stylingagenten.com\/sv\/produkt\/vaseline-advanced-repair-body-lotion-600ml\/","title":{"rendered":"Vaseline Advanced Repair Body Lotion 600ml"},"content":{"rendered":"<p>Vaseline Advanced Repair Body Lotion erbjuder revolutionerande v\u00e5rd f\u00f6r mycket torr och k\u00e4nslig hud. Denna lotion ger intensiv \u00e5terfuktning i upp till 48 timmar och \u00e4r idealisk f\u00f6r att uppn\u00e5 en mjuk och frisk hud. Den \u00e4r formulerad med fokus p\u00e5 snabb absorption och \u00e4r l\u00e4mplig f\u00f6r daglig anv\u00e4ndning.<\/p>\n<p>Med mikrodroppar av Vaseline\u00ae Jelly och Ultra-Hydrating Lipids st\u00e4rker denna lotion hudens barri\u00e4r och fyller p\u00e5 med fukt. Den \u00e4r s\u00e4rskilt utvecklad f\u00f6r mycket torr hud och ger 48 timmars \u00e5terfuktning samtidigt som den bidrar till att h\u00e5lla huden sund och \u00e5terfuktad. Kliniska tester visar att den ger 90% mer fukt till huden j\u00e4mf\u00f6rt med obehandlad hud.<br \/>\n<br \/>Egenskaper:<br \/>\n<br \/>Idealisk f\u00f6r mycket torr och k\u00e4nslig hud<br \/>\n<br \/>Dermatologiskt testad f\u00f6r att vara l\u00e4kande<br \/>\n<br \/>Inneh\u00e5ller Vaseline\u00ae Jelly och ultrahydrerande lipider<br \/>\n<br \/>48 timmars \u00e5terfuktning och frisk hud<br \/>\n<br \/>Snabb absorption utan fet k\u00e4nsla<br \/>\n<br \/>Ingen tillsatt parfym<\/p>\n","protected":false},"excerpt":{"rendered":"<p>Vaseline Advanced Repair Body Lotion erbjuder revolutionerande v\u00e5rd f\u00f6r mycket torr och k\u00e4nslig hud. Denna lotion ger intensiv \u00e5terfuktning i upp till 48 timmar och \u00e4r idealisk f\u00f6r att uppn\u00e5 en mjuk och frisk hud. Den \u00e4r formulerad med fokus p\u00e5 snabb absorption och \u00e4r l\u00e4mplig f\u00f6r daglig anv\u00e4ndning. Med mikrodroppar av Vaseline\u00ae Jelly och [&hellip;]<\/p>\n","protected":false},"featured_media":4456784456,"comment_status":"open","ping_status":"closed","template":"","meta":{"_trash_the_other_posts":false},"product_brand":[],"product_cat":[572],"product_tag":[],"berocket_brand":[1260],"class_list":{"0":"post-14052","1":"product","2":"type-product","3":"status-publish","4":"has-post-thumbnail","6":"product_cat-bodylotion","7":"pa_brand-vaseline","8":"berocket_brand-vaseline","10":"first","11":"instock","12":"sale","13":"taxable","14":"shipping-taxable","15":"purchasable","16":"product-type-simple"},"_links":{"self":[{"href":"https:\/\/stylingagenten.com\/sv\/wp-json\/wp\/v2\/product\/14052","targetHints":{"allow":["GET"]}}],"collection":[{"href":"https:\/\/stylingagenten.com\/sv\/wp-json\/wp\/v2\/product"}],"about":[{"href":"https:\/\/stylingagenten.com\/sv\/wp-json\/wp\/v2\/types\/product"}],"replies":[{"embeddable":true,"href":"https:\/\/stylingagenten.com\/sv\/wp-json\/wp\/v2\/comments?post=14052"}],"version-history":[{"count":0,"href":"https:\/\/stylingagenten.com\/sv\/wp-json\/wp\/v2\/product\/14052\/revisions"}],"wp:featuredmedia":[{"embeddable":true,"href":"https:\/\/stylingagenten.com\/sv\/wp-json\/wp\/v2\/media\/4456784456"}],"wp:attachment":[{"href":"https:\/\/stylingagenten.com\/sv\/wp-json\/wp\/v2\/media?parent=14052"}],"wp:term":[{"taxonomy":"product_brand","embeddable":true,"href":"https:\/\/stylingagenten.com\/sv\/wp-json\/wp\/v2\/product_brand?post=14052"},{"taxonomy":"product_cat","embeddable":true,"href":"https:\/\/stylingagenten.com\/sv\/wp-json\/wp\/v2\/product_cat?post=14052"},{"taxonomy":"product_tag","embeddable":true,"href":"https:\/\/stylingagenten.com\/sv\/wp-json\/wp\/v2\/product_tag?post=14052"},{"taxonomy":"berocket_brand","embeddable":true,"href":"https:\/\/stylingagenten.com\/sv\/wp-json\/wp\/v2\/berocket_brand?post=14052"}],"curies":[{"name":"wp","href":"https:\/\/api.w.org\/{rel}","templated":true}]}}