{"id":14046,"date":"2025-01-24T11:49:26","date_gmt":"2025-01-24T11:49:26","guid":{"rendered":"https:\/\/staging2.stylingagenten.com\/sv\/produkt\/eleven-australia-keep-my-colour-treatment-blonde-200ml\/"},"modified":"2026-03-16T13:47:48","modified_gmt":"2026-03-16T13:47:48","slug":"eleven-australia-keep-my-colour-treatment-blonde-200ml","status":"publish","type":"product","link":"https:\/\/stylingagenten.com\/sv\/produkt\/eleven-australia-keep-my-colour-treatment-blonde-200ml\/","title":{"rendered":"Eleven Australia Keep My Colour Treatment Blonde 200ml"},"content":{"rendered":"<p>F\u00e4rgkorrigerande inpackning som f\u00f6rst\u00e4rker kalla toner. Olja fr\u00e5n macadamian\u00f6t ger en h\u00e4rlig lyster och glans. F\u00f6r f\u00e4rgat och naturligt h\u00e5r. F\u00f6rpackning av \u00e5tervinningsbart material.<\/p>\n","protected":false},"excerpt":{"rendered":"<p>F\u00e4rgkorrigerande inpackning som f\u00f6rst\u00e4rker kalla toner. Olja fr\u00e5n macadamian\u00f6t ger en h\u00e4rlig lyster och glans. F\u00f6r f\u00e4rgat och naturligt h\u00e5r. F\u00f6rpackning av \u00e5tervinningsbart material.<\/p>\n","protected":false},"featured_media":14009,"comment_status":"open","ping_status":"closed","template":"","meta":{"_trash_the_other_posts":false},"product_brand":[],"product_cat":[620],"product_tag":[],"berocket_brand":[1386],"class_list":{"0":"post-14046","1":"product","2":"type-product","3":"status-publish","4":"has-post-thumbnail","6":"product_cat-harinpackning","7":"pa_brand-eleven-australia","8":"berocket_brand-eleven-australia","10":"first","11":"instock","12":"sale","13":"taxable","14":"shipping-taxable","15":"purchasable","16":"product-type-simple"},"_links":{"self":[{"href":"https:\/\/stylingagenten.com\/sv\/wp-json\/wp\/v2\/product\/14046","targetHints":{"allow":["GET"]}}],"collection":[{"href":"https:\/\/stylingagenten.com\/sv\/wp-json\/wp\/v2\/product"}],"about":[{"href":"https:\/\/stylingagenten.com\/sv\/wp-json\/wp\/v2\/types\/product"}],"replies":[{"embeddable":true,"href":"https:\/\/stylingagenten.com\/sv\/wp-json\/wp\/v2\/comments?post=14046"}],"version-history":[{"count":0,"href":"https:\/\/stylingagenten.com\/sv\/wp-json\/wp\/v2\/product\/14046\/revisions"}],"wp:featuredmedia":[{"embeddable":true,"href":"https:\/\/stylingagenten.com\/sv\/wp-json\/wp\/v2\/media\/14009"}],"wp:attachment":[{"href":"https:\/\/stylingagenten.com\/sv\/wp-json\/wp\/v2\/media?parent=14046"}],"wp:term":[{"taxonomy":"product_brand","embeddable":true,"href":"https:\/\/stylingagenten.com\/sv\/wp-json\/wp\/v2\/product_brand?post=14046"},{"taxonomy":"product_cat","embeddable":true,"href":"https:\/\/stylingagenten.com\/sv\/wp-json\/wp\/v2\/product_cat?post=14046"},{"taxonomy":"product_tag","embeddable":true,"href":"https:\/\/stylingagenten.com\/sv\/wp-json\/wp\/v2\/product_tag?post=14046"},{"taxonomy":"berocket_brand","embeddable":true,"href":"https:\/\/stylingagenten.com\/sv\/wp-json\/wp\/v2\/berocket_brand?post=14046"}],"curies":[{"name":"wp","href":"https:\/\/api.w.org\/{rel}","templated":true}]}}