{"id":14044,"date":"2025-01-24T11:49:26","date_gmt":"2025-01-24T11:49:26","guid":{"rendered":"https:\/\/staging2.stylingagenten.com\/sv\/produkt\/purito-dermide-relief-barrier-moisturizer-100ml\/"},"modified":"2026-03-12T07:58:26","modified_gmt":"2026-03-12T07:58:26","slug":"purito-dermide-relief-barrier-moisturizer-100ml","status":"publish","type":"product","link":"https:\/\/stylingagenten.com\/sv\/produkt\/purito-dermide-relief-barrier-moisturizer-100ml\/","title":{"rendered":"Purito Dermide Relief Barrier Moisturizer 100ml"},"content":{"rendered":"<p>En fuktkr\u00e4m berikad med fem olika typer av ceramider (5000 ppm) som reducerar rodnad och st\u00f6ttar en svag hudbarri\u00e4r genom sina lindrande och lugnande egenskaper. Ingredienser som allantoin och squalane ger komfort genom att fylla p\u00e5 huden med fukt samtidigt som hudens skyddsbarri\u00e4rfunktion bibeh\u00e5lls.<\/p>\n<p>NYCKELINGREDIENSER<\/p>\n<p>Ceramider (5000 ppm)<\/p>\n<p>Ceramide NP\/Ceramide NS\/Ceramide EOP\/Ceramide AS\/Ceramide AP<\/p>\n<p>Ceramider **** \u00e4r en komponent av hudens yttersta skikt, k\u00e4nt som en hudbarri\u00e4r som f\u00f6rebygger att fukt avdunstar och skyddar huden mot yttre p\u00e5frestningar.<\/p>\n<p>Hudtyper: K\u00e4nslig, uttorkad, blandhy<\/p>\n<p>Hudproblem: K\u00e4nslighet, uttorkning, gl\u00e5mighet<\/p>\n","protected":false},"excerpt":{"rendered":"<p>En fuktkr\u00e4m berikad med fem olika typer av ceramider (5000 ppm) som reducerar rodnad och st\u00f6ttar en svag hudbarri\u00e4r genom sina lindrande och lugnande egenskaper. Ingredienser som allantoin och squalane ger komfort genom att fylla p\u00e5 huden med fukt samtidigt som hudens skyddsbarri\u00e4rfunktion bibeh\u00e5lls. NYCKELINGREDIENSER Ceramider (5000 ppm) Ceramide NP\/Ceramide NS\/Ceramide EOP\/Ceramide AS\/Ceramide AP Ceramider [&hellip;]<\/p>\n","protected":false},"featured_media":4456780055,"comment_status":"open","ping_status":"closed","template":"","meta":{"_trash_the_other_posts":false},"product_brand":[],"product_cat":[559,1001],"product_tag":[],"berocket_brand":[1412],"class_list":{"0":"post-14044","1":"product","2":"type-product","3":"status-publish","4":"has-post-thumbnail","6":"product_cat-ansiktskram","7":"product_cat-k-beauty","8":"pa_brand-purito","9":"berocket_brand-purito","11":"first","12":"instock","13":"sale","14":"taxable","15":"shipping-taxable","16":"purchasable","17":"product-type-simple"},"_links":{"self":[{"href":"https:\/\/stylingagenten.com\/sv\/wp-json\/wp\/v2\/product\/14044","targetHints":{"allow":["GET"]}}],"collection":[{"href":"https:\/\/stylingagenten.com\/sv\/wp-json\/wp\/v2\/product"}],"about":[{"href":"https:\/\/stylingagenten.com\/sv\/wp-json\/wp\/v2\/types\/product"}],"replies":[{"embeddable":true,"href":"https:\/\/stylingagenten.com\/sv\/wp-json\/wp\/v2\/comments?post=14044"}],"version-history":[{"count":0,"href":"https:\/\/stylingagenten.com\/sv\/wp-json\/wp\/v2\/product\/14044\/revisions"}],"wp:featuredmedia":[{"embeddable":true,"href":"https:\/\/stylingagenten.com\/sv\/wp-json\/wp\/v2\/media\/4456780055"}],"wp:attachment":[{"href":"https:\/\/stylingagenten.com\/sv\/wp-json\/wp\/v2\/media?parent=14044"}],"wp:term":[{"taxonomy":"product_brand","embeddable":true,"href":"https:\/\/stylingagenten.com\/sv\/wp-json\/wp\/v2\/product_brand?post=14044"},{"taxonomy":"product_cat","embeddable":true,"href":"https:\/\/stylingagenten.com\/sv\/wp-json\/wp\/v2\/product_cat?post=14044"},{"taxonomy":"product_tag","embeddable":true,"href":"https:\/\/stylingagenten.com\/sv\/wp-json\/wp\/v2\/product_tag?post=14044"},{"taxonomy":"berocket_brand","embeddable":true,"href":"https:\/\/stylingagenten.com\/sv\/wp-json\/wp\/v2\/berocket_brand?post=14044"}],"curies":[{"name":"wp","href":"https:\/\/api.w.org\/{rel}","templated":true}]}}