{"id":13973,"date":"2025-01-24T11:49:19","date_gmt":"2025-01-24T11:49:19","guid":{"rendered":"https:\/\/staging2.stylingagenten.com\/sv\/produkt\/eleven-australia-give-me-clean-hair-dry-shampoo-130g\/"},"modified":"2026-03-11T21:50:27","modified_gmt":"2026-03-11T21:50:27","slug":"eleven-australia-give-me-clean-hair-dry-shampoo-130g","status":"publish","type":"product","link":"https:\/\/stylingagenten.com\/sv\/produkt\/eleven-australia-give-me-clean-hair-dry-shampoo-130g\/","title":{"rendered":"Eleven Australia Give Me Clean Hair Dry Shampoo 130g"},"content":{"rendered":"<p>Vi g\u00e5r l\u00e4ngre \u00e4n n\u00e5gonsin mellan tv\u00e4ttarna. Give Me Clean Hair Dry Shampoo \u00e4r en quick-fix f\u00f6r en omedelbar fr\u00e4sch k\u00e4nsla utan att bl\u00f6ta ner h\u00e5ret. Den \u00e4r enkel att applicera och den neutraliserar oljor och lukt samtigt som den beh\u00e5ller h\u00e5rets naturliga textur och volym. Skaka v\u00e4l innan anv\u00e4ndning och spraya p\u00e5 fr\u00e5n 25 cm avst\u00e5nd i torrt h\u00e5r p\u00e5 feta partier. Borsta ut eller f\u00f6rdela med fingrarna.<\/p>\n","protected":false},"excerpt":{"rendered":"<p>Vi g\u00e5r l\u00e4ngre \u00e4n n\u00e5gonsin mellan tv\u00e4ttarna. Give Me Clean Hair Dry Shampoo \u00e4r en quick-fix f\u00f6r en omedelbar fr\u00e4sch k\u00e4nsla utan att bl\u00f6ta ner h\u00e5ret. Den \u00e4r enkel att applicera och den neutraliserar oljor och lukt samtigt som den beh\u00e5ller h\u00e5rets naturliga textur och volym. Skaka v\u00e4l innan anv\u00e4ndning och spraya p\u00e5 fr\u00e5n 25 [&hellip;]<\/p>\n","protected":false},"featured_media":13967,"comment_status":"open","ping_status":"closed","template":"","meta":{"_trash_the_other_posts":false},"product_brand":[],"product_cat":[575],"product_tag":[],"berocket_brand":[1386],"class_list":{"0":"post-13973","1":"product","2":"type-product","3":"status-publish","4":"has-post-thumbnail","6":"product_cat-torrschampo","7":"pa_brand-eleven-australia","8":"berocket_brand-eleven-australia","10":"first","11":"instock","12":"sale","13":"taxable","14":"shipping-taxable","15":"purchasable","16":"product-type-simple"},"_links":{"self":[{"href":"https:\/\/stylingagenten.com\/sv\/wp-json\/wp\/v2\/product\/13973","targetHints":{"allow":["GET"]}}],"collection":[{"href":"https:\/\/stylingagenten.com\/sv\/wp-json\/wp\/v2\/product"}],"about":[{"href":"https:\/\/stylingagenten.com\/sv\/wp-json\/wp\/v2\/types\/product"}],"replies":[{"embeddable":true,"href":"https:\/\/stylingagenten.com\/sv\/wp-json\/wp\/v2\/comments?post=13973"}],"version-history":[{"count":0,"href":"https:\/\/stylingagenten.com\/sv\/wp-json\/wp\/v2\/product\/13973\/revisions"}],"wp:featuredmedia":[{"embeddable":true,"href":"https:\/\/stylingagenten.com\/sv\/wp-json\/wp\/v2\/media\/13967"}],"wp:attachment":[{"href":"https:\/\/stylingagenten.com\/sv\/wp-json\/wp\/v2\/media?parent=13973"}],"wp:term":[{"taxonomy":"product_brand","embeddable":true,"href":"https:\/\/stylingagenten.com\/sv\/wp-json\/wp\/v2\/product_brand?post=13973"},{"taxonomy":"product_cat","embeddable":true,"href":"https:\/\/stylingagenten.com\/sv\/wp-json\/wp\/v2\/product_cat?post=13973"},{"taxonomy":"product_tag","embeddable":true,"href":"https:\/\/stylingagenten.com\/sv\/wp-json\/wp\/v2\/product_tag?post=13973"},{"taxonomy":"berocket_brand","embeddable":true,"href":"https:\/\/stylingagenten.com\/sv\/wp-json\/wp\/v2\/berocket_brand?post=13973"}],"curies":[{"name":"wp","href":"https:\/\/api.w.org\/{rel}","templated":true}]}}