{"id":13900,"date":"2025-01-24T11:49:09","date_gmt":"2025-01-24T11:49:09","guid":{"rendered":"https:\/\/staging2.stylingagenten.com\/sv\/produkt\/schwarzkopf-professional-igora-vibrance-kit-3-0-dark-brown-natural\/"},"modified":"2026-03-18T23:17:24","modified_gmt":"2026-03-18T23:17:24","slug":"schwarzkopf-professional-igora-vibrance-kit-3-0-dark-brown-natural","status":"publish","type":"product","link":"https:\/\/stylingagenten.com\/sv\/produkt\/schwarzkopf-professional-igora-vibrance-kit-3-0-dark-brown-natural\/","title":{"rendered":"Schwarzkopf Professional Igora Vibrance Kit 3-0 Dark Brown Natural"},"content":{"rendered":"<p>Schwarzkopf Professional Igora Vibrance Kit 3-0 Dark Brown Natural \u00e4r en demi-permanent ton-i-ton h\u00e5rf\u00e4rg med integrerad FibreBond-teknologi som skapar en natur tonriktning och ger upp till 50% vith\u00e5rsutj\u00e4mning. Activator-systemet g\u00f6r det m\u00f6jligt f\u00f6r dig att v\u00e4lja mellan antingen en snabb applicering med gel\u00e9 eller en mer exakt applicering med kr\u00e4m och tack vare Moisture Protecting Complex ger det upp till 100 % mer glans* samt skyddar h\u00e5ret. Dessutom matchar IGORA VIBRANCE-sortimentet motsvarande IGORA ROYAL-nyanserna vilket m\u00f6jligg\u00f6r dualapplicering.<\/p>\n<p>Hemligheten bakom IGORA VIBRANCE professionella h\u00e5rf\u00e4rgsprodukter \u00e4r Moisture Protecting Complex med AQUAXYL\u00ae-teknologin som bevarar h\u00e5rets inre fuktniv\u00e5 med tack vare en kombination av sockermolekyler och vitaminer. Den innovativa teknologin hj\u00e4lper till att kontrollera cirkulationen av vatten inuti h\u00e5rstr\u00e5et under f\u00e4rgprocessen och stabiliserar den inre strukturen i varje h\u00e5rfiber \u2013 detta \u201dAnti-Dehydration Shield\u201d skyddar mot avbrutna h\u00e5rstr\u00e5n och skapar en ren yta f\u00f6r ett j\u00e4mnt f\u00e4rgresultat. Den alkoholfria formulan som \u00e4r berikad med vitamin B3 och B5 hj\u00e4lper till att skydda h\u00e5rets yta f\u00f6r en vacker, livfull glans.<\/p>\n<p>Kit f\u00f6r hemmabruk inneh\u00e5llande h\u00e5rf\u00e4rg, applikatorflaska med 60 ml Activator, skyddshandskar och bruksanvisning.<\/p>\n","protected":false},"excerpt":{"rendered":"<p>Schwarzkopf Professional Igora Vibrance Kit 3-0 Dark Brown Natural \u00e4r en demi-permanent ton-i-ton h\u00e5rf\u00e4rg med integrerad FibreBond-teknologi som skapar en natur tonriktning och ger upp till 50% vith\u00e5rsutj\u00e4mning. Activator-systemet g\u00f6r det m\u00f6jligt f\u00f6r dig att v\u00e4lja mellan antingen en snabb applicering med gel\u00e9 eller en mer exakt applicering med kr\u00e4m och tack vare Moisture Protecting [&hellip;]<\/p>\n","protected":false},"featured_media":13889,"comment_status":"open","ping_status":"closed","template":"","meta":{"_trash_the_other_posts":false},"product_brand":[],"product_cat":[1002],"product_tag":[4139],"berocket_brand":[1060],"class_list":{"0":"post-13900","1":"product","2":"type-product","3":"status-publish","4":"has-post-thumbnail","6":"product_cat-toning","7":"product_tag-schwarzkopf-professional-igora-vibrance-kit","8":"pa_brand-schwarzkopf","9":"pa_variant-3-0-dark-brown-natural","10":"berocket_brand-schwarzkopf","12":"first","13":"outofstock","14":"sale","15":"taxable","16":"shipping-taxable","17":"purchasable","18":"product-type-simple"},"_links":{"self":[{"href":"https:\/\/stylingagenten.com\/sv\/wp-json\/wp\/v2\/product\/13900","targetHints":{"allow":["GET"]}}],"collection":[{"href":"https:\/\/stylingagenten.com\/sv\/wp-json\/wp\/v2\/product"}],"about":[{"href":"https:\/\/stylingagenten.com\/sv\/wp-json\/wp\/v2\/types\/product"}],"replies":[{"embeddable":true,"href":"https:\/\/stylingagenten.com\/sv\/wp-json\/wp\/v2\/comments?post=13900"}],"version-history":[{"count":0,"href":"https:\/\/stylingagenten.com\/sv\/wp-json\/wp\/v2\/product\/13900\/revisions"}],"wp:featuredmedia":[{"embeddable":true,"href":"https:\/\/stylingagenten.com\/sv\/wp-json\/wp\/v2\/media\/13889"}],"wp:attachment":[{"href":"https:\/\/stylingagenten.com\/sv\/wp-json\/wp\/v2\/media?parent=13900"}],"wp:term":[{"taxonomy":"product_brand","embeddable":true,"href":"https:\/\/stylingagenten.com\/sv\/wp-json\/wp\/v2\/product_brand?post=13900"},{"taxonomy":"product_cat","embeddable":true,"href":"https:\/\/stylingagenten.com\/sv\/wp-json\/wp\/v2\/product_cat?post=13900"},{"taxonomy":"product_tag","embeddable":true,"href":"https:\/\/stylingagenten.com\/sv\/wp-json\/wp\/v2\/product_tag?post=13900"},{"taxonomy":"berocket_brand","embeddable":true,"href":"https:\/\/stylingagenten.com\/sv\/wp-json\/wp\/v2\/berocket_brand?post=13900"}],"curies":[{"name":"wp","href":"https:\/\/api.w.org\/{rel}","templated":true}]}}