{"id":13708,"date":"2025-01-24T11:48:45","date_gmt":"2025-01-24T11:48:45","guid":{"rendered":"https:\/\/staging2.stylingagenten.com\/sv\/produkt\/bondi-sands-pure-self-tanning-face-mist-70ml\/"},"modified":"2026-04-15T07:09:58","modified_gmt":"2026-04-15T07:09:58","slug":"bondi-sands-pure-self-tanning-face-mist-70ml","status":"publish","type":"product","link":"https:\/\/stylingagenten.com\/sv\/produkt\/bondi-sands-pure-self-tanning-face-mist-70ml\/","title":{"rendered":"Bondi Sands Pure Self Tanning Face Mist 70ml"},"content":{"rendered":"<p>V\u00e5r Self Tanning Face Mist ger en omedelbar \u00e5terfuktad hud med ett gyllene glow. Denna fina mist med en \u00e5terfuktande l\u00e4ttviktsformula \u00e4r icke portillt\u00e4ppande, passar alla hudtoner och kan appliceras dag som natt f\u00f6r ett h\u00e4lsosamt glow.<\/p>\n<p>V\u00e5r Mist \u00e4r 100 % \u00e5tervinningsbar och m\u00f6jligg\u00f6r kontrollerad applicering med sitt innovativa sprayhuvud, utan en spiralfj\u00e4der av metall. F\u00f6r b\u00e4sta resultat, aapplicera p\u00e5 ren, torr hud och l\u00e5t verka i 6-8 timmar. Tv\u00e4tta h\u00e4nderna noggrant efter anv\u00e4ndning.<\/p>\n<p>Passar alla hudtoner och hudtyper. Pure \u00e4r f\u00f6rpackad i 100% \u00e5tervinningsbara f\u00f6rpackningar f\u00f6r att begr\u00e4nsa ytterligare p\u00e5verkan p\u00e5 v\u00e5r milj\u00f6.<\/p>\n<p>Med sin transparanta formula kombinerar Bondi Sands sin omtalade effekt av gyllene lyster tillsammans med aktiva hudv\u00e5rdande ingredienser; \u00e5terfuktande hyalyronsyra, lystergivande C-vitamin och reparerande E-vitamin. Pure \u00e4r dermatologiskt testad, parfymfri, samt fri fr\u00e5n f\u00e4rg\u00e4mnen och passar d\u00e4rf\u00f6r alla hudtyper, \u00e4ven de mest k\u00e4nsliga.<\/p>\n","protected":false},"excerpt":{"rendered":"<p>V\u00e5r Self Tanning Face Mist ger en omedelbar \u00e5terfuktad hud med ett gyllene glow. Denna fina mist med en \u00e5terfuktande l\u00e4ttviktsformula \u00e4r icke portillt\u00e4ppande, passar alla hudtoner och kan appliceras dag som natt f\u00f6r ett h\u00e4lsosamt glow. V\u00e5r Mist \u00e4r 100 % \u00e5tervinningsbar och m\u00f6jligg\u00f6r kontrollerad applicering med sitt innovativa sprayhuvud, utan en spiralfj\u00e4der av [&hellip;]<\/p>\n","protected":false},"featured_media":13692,"comment_status":"open","ping_status":"closed","template":"","meta":{"_trash_the_other_posts":false},"product_brand":[],"product_cat":[561],"product_tag":[],"berocket_brand":[1376],"class_list":{"0":"post-13708","1":"product","2":"type-product","3":"status-publish","4":"has-post-thumbnail","6":"product_cat-brun-utan-sol","7":"pa_brand-bondi-sands","8":"berocket_brand-bondi-sands","10":"first","11":"instock","12":"sale","13":"taxable","14":"shipping-taxable","15":"purchasable","16":"product-type-simple"},"_links":{"self":[{"href":"https:\/\/stylingagenten.com\/sv\/wp-json\/wp\/v2\/product\/13708","targetHints":{"allow":["GET"]}}],"collection":[{"href":"https:\/\/stylingagenten.com\/sv\/wp-json\/wp\/v2\/product"}],"about":[{"href":"https:\/\/stylingagenten.com\/sv\/wp-json\/wp\/v2\/types\/product"}],"replies":[{"embeddable":true,"href":"https:\/\/stylingagenten.com\/sv\/wp-json\/wp\/v2\/comments?post=13708"}],"version-history":[{"count":0,"href":"https:\/\/stylingagenten.com\/sv\/wp-json\/wp\/v2\/product\/13708\/revisions"}],"wp:featuredmedia":[{"embeddable":true,"href":"https:\/\/stylingagenten.com\/sv\/wp-json\/wp\/v2\/media\/13692"}],"wp:attachment":[{"href":"https:\/\/stylingagenten.com\/sv\/wp-json\/wp\/v2\/media?parent=13708"}],"wp:term":[{"taxonomy":"product_brand","embeddable":true,"href":"https:\/\/stylingagenten.com\/sv\/wp-json\/wp\/v2\/product_brand?post=13708"},{"taxonomy":"product_cat","embeddable":true,"href":"https:\/\/stylingagenten.com\/sv\/wp-json\/wp\/v2\/product_cat?post=13708"},{"taxonomy":"product_tag","embeddable":true,"href":"https:\/\/stylingagenten.com\/sv\/wp-json\/wp\/v2\/product_tag?post=13708"},{"taxonomy":"berocket_brand","embeddable":true,"href":"https:\/\/stylingagenten.com\/sv\/wp-json\/wp\/v2\/berocket_brand?post=13708"}],"curies":[{"name":"wp","href":"https:\/\/api.w.org\/{rel}","templated":true}]}}