{"id":13685,"date":"2025-01-24T11:48:42","date_gmt":"2025-01-24T11:48:42","guid":{"rendered":"https:\/\/staging2.stylingagenten.com\/sv\/produkt\/malibu-bronzing-tanning-oil-spf10-passion-fruit-200ml\/"},"modified":"2026-04-12T08:28:26","modified_gmt":"2026-04-12T08:28:26","slug":"malibu-bronzing-tanning-oil-spf10-passion-fruit-200ml","status":"publish","type":"product","link":"https:\/\/stylingagenten.com\/sv\/produkt\/malibu-bronzing-tanning-oil-spf10-passion-fruit-200ml\/","title":{"rendered":"Malibu Bronzing Tanning Oil SPF10 Passion Fruit 200ml"},"content":{"rendered":"<p>Malibu Bronzing Tanning Oil SPF10 \u00e4r en sololja som har ett l\u00e5gt skydd mot UV-str\u00e5lar. Det \u00e4r perfekt f\u00f6r m\u00e4nniskor med h\u00f6ga niv\u00e5er av melanin i huden som l\u00e4tt f\u00e5r f\u00e4rg och som aldrig br\u00e4nner sig. Den \u00e4r vattent\u00e5lig och har kliniskt visat sig vara sn\u00e4ll mot huden.<\/p>\n","protected":false},"excerpt":{"rendered":"<p>Malibu Bronzing Tanning Oil SPF10 \u00e4r en sololja som har ett l\u00e5gt skydd mot UV-str\u00e5lar. Det \u00e4r perfekt f\u00f6r m\u00e4nniskor med h\u00f6ga niv\u00e5er av melanin i huden som l\u00e4tt f\u00e5r f\u00e4rg och som aldrig br\u00e4nner sig. Den \u00e4r vattent\u00e5lig och har kliniskt visat sig vara sn\u00e4ll mot huden.<\/p>\n","protected":false},"featured_media":13682,"comment_status":"open","ping_status":"closed","template":"","meta":{"_trash_the_other_posts":false},"product_brand":[],"product_cat":[573],"product_tag":[],"berocket_brand":[1241],"class_list":{"0":"post-13685","1":"product","2":"type-product","3":"status-publish","4":"has-post-thumbnail","6":"product_cat-solskydd","7":"pa_brand-malibu","8":"berocket_brand-malibu","10":"first","11":"instock","12":"sale","13":"taxable","14":"shipping-taxable","15":"purchasable","16":"product-type-simple"},"_links":{"self":[{"href":"https:\/\/stylingagenten.com\/sv\/wp-json\/wp\/v2\/product\/13685","targetHints":{"allow":["GET"]}}],"collection":[{"href":"https:\/\/stylingagenten.com\/sv\/wp-json\/wp\/v2\/product"}],"about":[{"href":"https:\/\/stylingagenten.com\/sv\/wp-json\/wp\/v2\/types\/product"}],"replies":[{"embeddable":true,"href":"https:\/\/stylingagenten.com\/sv\/wp-json\/wp\/v2\/comments?post=13685"}],"version-history":[{"count":0,"href":"https:\/\/stylingagenten.com\/sv\/wp-json\/wp\/v2\/product\/13685\/revisions"}],"wp:featuredmedia":[{"embeddable":true,"href":"https:\/\/stylingagenten.com\/sv\/wp-json\/wp\/v2\/media\/13682"}],"wp:attachment":[{"href":"https:\/\/stylingagenten.com\/sv\/wp-json\/wp\/v2\/media?parent=13685"}],"wp:term":[{"taxonomy":"product_brand","embeddable":true,"href":"https:\/\/stylingagenten.com\/sv\/wp-json\/wp\/v2\/product_brand?post=13685"},{"taxonomy":"product_cat","embeddable":true,"href":"https:\/\/stylingagenten.com\/sv\/wp-json\/wp\/v2\/product_cat?post=13685"},{"taxonomy":"product_tag","embeddable":true,"href":"https:\/\/stylingagenten.com\/sv\/wp-json\/wp\/v2\/product_tag?post=13685"},{"taxonomy":"berocket_brand","embeddable":true,"href":"https:\/\/stylingagenten.com\/sv\/wp-json\/wp\/v2\/berocket_brand?post=13685"}],"curies":[{"name":"wp","href":"https:\/\/api.w.org\/{rel}","templated":true}]}}