{"id":13656,"date":"2025-01-24T11:48:37","date_gmt":"2025-01-24T11:48:37","guid":{"rendered":"https:\/\/staging2.stylingagenten.com\/sv\/produkt\/beautyblender-double-delight\/"},"modified":"2026-04-08T15:29:11","modified_gmt":"2026-04-08T15:29:11","slug":"beautyblender-double-delight","status":"publish","type":"product","link":"https:\/\/stylingagenten.com\/sv\/produkt\/beautyblender-double-delight\/","title":{"rendered":"BeautyBlender Double Delight"},"content":{"rendered":"<p>Denna 3-delars set inneh\u00e5ller allt du beh\u00f6ver f\u00f6r att \u00e5stadkomma ett felfritt slutresultat. Det super mjuka, exklusiva och latexfria materialet s\u00e4kerst\u00e4ller en enkel och felfri applikation. Med hj\u00e4lp av flytande Blendercleanser tv\u00e5len reng\u00f6r du l\u00e4tt och effektivt dina sminkborstar och sminksvampar. Skrubbsikvan i silikon hj\u00e4lper dig att f\u00e5 bort de envisaste smuts fl\u00e4ckarna.<\/p>\n<p>Inneh\u00e5ll:<br \/>\n<br \/>1 ORIGINAL BEAUTYBLENDER sminksvamp<br \/>\n<br \/>1 BLENDERCLEANSER LIQUID limited-edition tv\u00e5l f\u00f6r sminkredskap, 55ml<br \/>\n<br \/>Skrubbskiva i silikon f\u00f6r reng\u00f6rning av sminkredskap<\/p>\n","protected":false},"excerpt":{"rendered":"<p>Denna 3-delars set inneh\u00e5ller allt du beh\u00f6ver f\u00f6r att \u00e5stadkomma ett felfritt slutresultat. Det super mjuka, exklusiva och latexfria materialet s\u00e4kerst\u00e4ller en enkel och felfri applikation. Med hj\u00e4lp av flytande Blendercleanser tv\u00e5len reng\u00f6r du l\u00e4tt och effektivt dina sminkborstar och sminksvampar. Skrubbsikvan i silikon hj\u00e4lper dig att f\u00e5 bort de envisaste smuts fl\u00e4ckarna. Inneh\u00e5ll: 1 [&hellip;]<\/p>\n","protected":false},"featured_media":13648,"comment_status":"open","ping_status":"closed","template":"","meta":{"_trash_the_other_posts":false},"product_brand":[],"product_cat":[677],"product_tag":[2527],"berocket_brand":[1092],"class_list":{"0":"post-13656","1":"product","2":"type-product","3":"status-publish","4":"has-post-thumbnail","6":"product_cat-makeupsvamp","7":"product_tag-beautyblender","8":"pa_brand-beautyblender","9":"pa_variant-double-delight","10":"berocket_brand-beautyblender","12":"first","13":"instock","14":"sale","15":"taxable","16":"shipping-taxable","17":"purchasable","18":"product-type-simple"},"_links":{"self":[{"href":"https:\/\/stylingagenten.com\/sv\/wp-json\/wp\/v2\/product\/13656","targetHints":{"allow":["GET"]}}],"collection":[{"href":"https:\/\/stylingagenten.com\/sv\/wp-json\/wp\/v2\/product"}],"about":[{"href":"https:\/\/stylingagenten.com\/sv\/wp-json\/wp\/v2\/types\/product"}],"replies":[{"embeddable":true,"href":"https:\/\/stylingagenten.com\/sv\/wp-json\/wp\/v2\/comments?post=13656"}],"version-history":[{"count":0,"href":"https:\/\/stylingagenten.com\/sv\/wp-json\/wp\/v2\/product\/13656\/revisions"}],"wp:featuredmedia":[{"embeddable":true,"href":"https:\/\/stylingagenten.com\/sv\/wp-json\/wp\/v2\/media\/13648"}],"wp:attachment":[{"href":"https:\/\/stylingagenten.com\/sv\/wp-json\/wp\/v2\/media?parent=13656"}],"wp:term":[{"taxonomy":"product_brand","embeddable":true,"href":"https:\/\/stylingagenten.com\/sv\/wp-json\/wp\/v2\/product_brand?post=13656"},{"taxonomy":"product_cat","embeddable":true,"href":"https:\/\/stylingagenten.com\/sv\/wp-json\/wp\/v2\/product_cat?post=13656"},{"taxonomy":"product_tag","embeddable":true,"href":"https:\/\/stylingagenten.com\/sv\/wp-json\/wp\/v2\/product_tag?post=13656"},{"taxonomy":"berocket_brand","embeddable":true,"href":"https:\/\/stylingagenten.com\/sv\/wp-json\/wp\/v2\/berocket_brand?post=13656"}],"curies":[{"name":"wp","href":"https:\/\/api.w.org\/{rel}","templated":true}]}}