{"id":13609,"date":"2025-01-24T11:48:29","date_gmt":"2025-01-24T11:48:29","guid":{"rendered":"https:\/\/staging2.stylingagenten.com\/sv\/produkt\/chupa-chups-bath-body-wash-tutti-frutti-300ml\/"},"modified":"2026-04-01T20:18:39","modified_gmt":"2026-04-01T20:18:39","slug":"chupa-chups-bath-body-wash-tutti-frutti-300ml","status":"publish","type":"product","link":"https:\/\/stylingagenten.com\/sv\/produkt\/chupa-chups-bath-body-wash-tutti-frutti-300ml\/","title":{"rendered":"Chupa Chups Bath &amp; Body Wash Tutti Frutti 300ml"},"content":{"rendered":"<p>Unna dig en fruktig duschupplevelse med Chupa Chups Tutti Frutti Bath &amp; Shower Gel. Denna 300 ml gel ger inte bara hygien utan ocks\u00e5 en uppfriskande doft som varar hela dagen. Ett m\u00e5ste f\u00f6r alla passionerade frukt\u00e4lskare!<\/p>\n","protected":false},"excerpt":{"rendered":"<p>Unna dig en fruktig duschupplevelse med Chupa Chups Tutti Frutti Bath &amp; Shower Gel. Denna 300 ml gel ger inte bara hygien utan ocks\u00e5 en uppfriskande doft som varar hela dagen. Ett m\u00e5ste f\u00f6r alla passionerade frukt\u00e4lskare!<\/p>\n","protected":false},"featured_media":13606,"comment_status":"open","ping_status":"closed","template":"","meta":{"_trash_the_other_posts":false},"product_brand":[],"product_cat":[1010],"product_tag":[2717],"berocket_brand":[1413],"class_list":{"0":"post-13609","1":"product","2":"type-product","3":"status-publish","4":"has-post-thumbnail","6":"product_cat-bad-dusch","7":"product_tag-chupa-chups-bath-body-wash-300ml","8":"pa_brand-chupa-chups","9":"pa_variant-tutti-frutti","10":"berocket_brand-chupa-chups","12":"first","13":"instock","14":"sale","15":"taxable","16":"shipping-taxable","17":"purchasable","18":"product-type-simple"},"_links":{"self":[{"href":"https:\/\/stylingagenten.com\/sv\/wp-json\/wp\/v2\/product\/13609","targetHints":{"allow":["GET"]}}],"collection":[{"href":"https:\/\/stylingagenten.com\/sv\/wp-json\/wp\/v2\/product"}],"about":[{"href":"https:\/\/stylingagenten.com\/sv\/wp-json\/wp\/v2\/types\/product"}],"replies":[{"embeddable":true,"href":"https:\/\/stylingagenten.com\/sv\/wp-json\/wp\/v2\/comments?post=13609"}],"version-history":[{"count":0,"href":"https:\/\/stylingagenten.com\/sv\/wp-json\/wp\/v2\/product\/13609\/revisions"}],"wp:featuredmedia":[{"embeddable":true,"href":"https:\/\/stylingagenten.com\/sv\/wp-json\/wp\/v2\/media\/13606"}],"wp:attachment":[{"href":"https:\/\/stylingagenten.com\/sv\/wp-json\/wp\/v2\/media?parent=13609"}],"wp:term":[{"taxonomy":"product_brand","embeddable":true,"href":"https:\/\/stylingagenten.com\/sv\/wp-json\/wp\/v2\/product_brand?post=13609"},{"taxonomy":"product_cat","embeddable":true,"href":"https:\/\/stylingagenten.com\/sv\/wp-json\/wp\/v2\/product_cat?post=13609"},{"taxonomy":"product_tag","embeddable":true,"href":"https:\/\/stylingagenten.com\/sv\/wp-json\/wp\/v2\/product_tag?post=13609"},{"taxonomy":"berocket_brand","embeddable":true,"href":"https:\/\/stylingagenten.com\/sv\/wp-json\/wp\/v2\/berocket_brand?post=13609"}],"curies":[{"name":"wp","href":"https:\/\/api.w.org\/{rel}","templated":true}]}}