{"id":13603,"date":"2025-01-24T11:48:28","date_gmt":"2025-01-24T11:48:28","guid":{"rendered":"https:\/\/staging2.stylingagenten.com\/sv\/produkt\/maria-nila-soothing-dry-shampoo-250ml\/"},"modified":"2026-03-11T22:00:11","modified_gmt":"2026-03-11T22:00:11","slug":"maria-nila-soothing-dry-shampoo-250ml","status":"publish","type":"product","link":"https:\/\/stylingagenten.com\/sv\/produkt\/maria-nila-soothing-dry-shampoo-250ml\/","title":{"rendered":"Maria Nila Soothing Dry Shampoo 250ml"},"content":{"rendered":"<p>Soothing Dry Shampoo \u00e4r ett svalkande torrschampo som fr\u00e4schar upp h\u00e5ret fr\u00e5n fett och smuts p\u00e5 sekunder och lugnar kliande h\u00e5rbotten. Inneh\u00e5ller aktiva lugnande ingredienser som Aloe Vera och Niacinamide som fr\u00e4mjar h\u00e5rbottens h\u00e4lsa. Ger en l\u00e4tt stadga f\u00f6r en luftig och ren k\u00e4nsla. Soothing Dry shampoo har en frisk blommig doft av iris, vit jasmin och ambra.<\/p>\n<p>Med sina milda och noggrant utvalda ingredienser \u00e4r Soothing Dry Shampoo den perfekta produkten f\u00f6r dig som \u00e4r p\u00e5 spr\u00e5ng och inte vill kompromissa med att ta hand om din h\u00e5rbotten.<\/p>\n<p>Soothing Dry Shampoo inneh\u00e5ller 250ml.<\/p>\n","protected":false},"excerpt":{"rendered":"<p>Soothing Dry Shampoo \u00e4r ett svalkande torrschampo som fr\u00e4schar upp h\u00e5ret fr\u00e5n fett och smuts p\u00e5 sekunder och lugnar kliande h\u00e5rbotten. Inneh\u00e5ller aktiva lugnande ingredienser som Aloe Vera och Niacinamide som fr\u00e4mjar h\u00e5rbottens h\u00e4lsa. Ger en l\u00e4tt stadga f\u00f6r en luftig och ren k\u00e4nsla. Soothing Dry shampoo har en frisk blommig doft av iris, vit [&hellip;]<\/p>\n","protected":false},"featured_media":13601,"comment_status":"open","ping_status":"closed","template":"","meta":{"_trash_the_other_posts":false},"product_brand":[],"product_cat":[575],"product_tag":[],"berocket_brand":[1388],"class_list":{"0":"post-13603","1":"product","2":"type-product","3":"status-publish","4":"has-post-thumbnail","6":"product_cat-torrschampo","7":"pa_brand-maria-nila","8":"berocket_brand-maria-nila","10":"first","11":"instock","12":"taxable","13":"shipping-taxable","14":"purchasable","15":"product-type-simple"},"_links":{"self":[{"href":"https:\/\/stylingagenten.com\/sv\/wp-json\/wp\/v2\/product\/13603","targetHints":{"allow":["GET"]}}],"collection":[{"href":"https:\/\/stylingagenten.com\/sv\/wp-json\/wp\/v2\/product"}],"about":[{"href":"https:\/\/stylingagenten.com\/sv\/wp-json\/wp\/v2\/types\/product"}],"replies":[{"embeddable":true,"href":"https:\/\/stylingagenten.com\/sv\/wp-json\/wp\/v2\/comments?post=13603"}],"version-history":[{"count":0,"href":"https:\/\/stylingagenten.com\/sv\/wp-json\/wp\/v2\/product\/13603\/revisions"}],"wp:featuredmedia":[{"embeddable":true,"href":"https:\/\/stylingagenten.com\/sv\/wp-json\/wp\/v2\/media\/13601"}],"wp:attachment":[{"href":"https:\/\/stylingagenten.com\/sv\/wp-json\/wp\/v2\/media?parent=13603"}],"wp:term":[{"taxonomy":"product_brand","embeddable":true,"href":"https:\/\/stylingagenten.com\/sv\/wp-json\/wp\/v2\/product_brand?post=13603"},{"taxonomy":"product_cat","embeddable":true,"href":"https:\/\/stylingagenten.com\/sv\/wp-json\/wp\/v2\/product_cat?post=13603"},{"taxonomy":"product_tag","embeddable":true,"href":"https:\/\/stylingagenten.com\/sv\/wp-json\/wp\/v2\/product_tag?post=13603"},{"taxonomy":"berocket_brand","embeddable":true,"href":"https:\/\/stylingagenten.com\/sv\/wp-json\/wp\/v2\/berocket_brand?post=13603"}],"curies":[{"name":"wp","href":"https:\/\/api.w.org\/{rel}","templated":true}]}}