{"id":13591,"date":"2025-01-24T11:48:26","date_gmt":"2025-01-24T11:48:26","guid":{"rendered":"https:\/\/staging2.stylingagenten.com\/sv\/produkt\/beauty-uk-hd-felt-tip-liner-intense-black-1-2ml\/"},"modified":"2025-11-18T15:55:26","modified_gmt":"2025-11-18T15:55:26","slug":"beauty-uk-hd-felt-tip-liner-intense-black-1-2ml","status":"publish","type":"product","link":"https:\/\/stylingagenten.com\/sv\/produkt\/beauty-uk-hd-felt-tip-liner-intense-black-1-2ml\/","title":{"rendered":"Beauty UK HD Felt Tip Liner &#8211; Intense Black 1.2ml"},"content":{"rendered":"<p>Den fantastiska HD Felt Tip Eyelinern fr\u00e5n Beauty UK har en flexibel filtspetsapplikator som ger ultimat kontroll och precision!<\/p>\n<p>Fr\u00e5n den allra tunna till dramatiskt dj\u00e4rva &#8221;cateye&#8221;-looken, glider den l\u00e5nga, m\u00e5ngsidiga, smala filtspetsen perfekt l\u00e4ngs fransraden och l\u00e5ter dig skapa h\u00f6gt definierade \u00f6gon p\u00e5 ett \u00f6gonblick. Den lovar intensiv f\u00e4rg, kombinerat med kort torktid och vattenresistent formula som ger en smudge-proof, h\u00f6gintensiv finish.<\/p>\n","protected":false},"excerpt":{"rendered":"<p>Den fantastiska HD Felt Tip Eyelinern fr\u00e5n Beauty UK har en flexibel filtspetsapplikator som ger ultimat kontroll och precision! Fr\u00e5n den allra tunna till dramatiskt dj\u00e4rva &#8221;cateye&#8221;-looken, glider den l\u00e5nga, m\u00e5ngsidiga, smala filtspetsen perfekt l\u00e4ngs fransraden och l\u00e5ter dig skapa h\u00f6gt definierade \u00f6gon p\u00e5 ett \u00f6gonblick. Den lovar intensiv f\u00e4rg, kombinerat med kort torktid och [&hellip;]<\/p>\n","protected":false},"featured_media":13585,"comment_status":"open","ping_status":"closed","template":"","meta":{"_trash_the_other_posts":false},"product_brand":[],"product_cat":[568],"product_tag":[2500],"berocket_brand":[1059],"class_list":{"0":"post-13591","1":"product","2":"type-product","3":"status-publish","4":"has-post-thumbnail","6":"product_cat-eyeliner-kajal","7":"product_tag-beauty-uk-hd-felt-tip-liner","8":"pa_brand-beautyuk","9":"pa_variant-intense-black-1-2ml","10":"berocket_brand-beautyuk","12":"first","13":"instock","14":"sale","15":"taxable","16":"shipping-taxable","17":"purchasable","18":"product-type-simple"},"_links":{"self":[{"href":"https:\/\/stylingagenten.com\/sv\/wp-json\/wp\/v2\/product\/13591","targetHints":{"allow":["GET"]}}],"collection":[{"href":"https:\/\/stylingagenten.com\/sv\/wp-json\/wp\/v2\/product"}],"about":[{"href":"https:\/\/stylingagenten.com\/sv\/wp-json\/wp\/v2\/types\/product"}],"replies":[{"embeddable":true,"href":"https:\/\/stylingagenten.com\/sv\/wp-json\/wp\/v2\/comments?post=13591"}],"version-history":[{"count":0,"href":"https:\/\/stylingagenten.com\/sv\/wp-json\/wp\/v2\/product\/13591\/revisions"}],"wp:featuredmedia":[{"embeddable":true,"href":"https:\/\/stylingagenten.com\/sv\/wp-json\/wp\/v2\/media\/13585"}],"wp:attachment":[{"href":"https:\/\/stylingagenten.com\/sv\/wp-json\/wp\/v2\/media?parent=13591"}],"wp:term":[{"taxonomy":"product_brand","embeddable":true,"href":"https:\/\/stylingagenten.com\/sv\/wp-json\/wp\/v2\/product_brand?post=13591"},{"taxonomy":"product_cat","embeddable":true,"href":"https:\/\/stylingagenten.com\/sv\/wp-json\/wp\/v2\/product_cat?post=13591"},{"taxonomy":"product_tag","embeddable":true,"href":"https:\/\/stylingagenten.com\/sv\/wp-json\/wp\/v2\/product_tag?post=13591"},{"taxonomy":"berocket_brand","embeddable":true,"href":"https:\/\/stylingagenten.com\/sv\/wp-json\/wp\/v2\/berocket_brand?post=13591"}],"curies":[{"name":"wp","href":"https:\/\/api.w.org\/{rel}","templated":true}]}}