{"id":13457,"date":"2025-01-24T11:48:06","date_gmt":"2025-01-24T11:48:06","guid":{"rendered":"https:\/\/staging2.stylingagenten.com\/sv\/produkt\/purito-from-green-cleansing-oil-200ml\/"},"modified":"2025-12-18T21:58:09","modified_gmt":"2025-12-18T21:58:09","slug":"purito-from-green-cleansing-oil-200ml","status":"publish","type":"product","link":"https:\/\/stylingagenten.com\/sv\/produkt\/purito-from-green-cleansing-oil-200ml\/","title":{"rendered":"Purito From Green Cleansing Oil 200ml"},"content":{"rendered":"<p>Purito From Green Cleansing Oil \u00e4r en mild och ren oljereng\u00f6ring med fem eteriska oljor fr\u00e5n naturen. Det \u00e4r en naturlig, v\u00e4xtbaserad, mild och lugnande reng\u00f6ringsolja som avl\u00e4gsnar smuts och smink samtidigt som den \u00e5terfuktar och mjukg\u00f6r huden. Olivolja och solrosolja \u00e5terfuktar medan s\u00f6tmandelolja och druvk\u00e4rneolja hj\u00e4lper till att bek\u00e4mpa synliga \u00e5lderstecken och hudskador med sina antioxidativa egenskaper. Jojobafr\u00f6olja ger en djupreng\u00f6rande effekt och sm\u00e4lter bort orenheter och f\u00f6rhindrar att porerna t\u00e4pps till. Detta hj\u00e4lper i sin tur huden att se mer ungdomlig och str\u00e5lande ut inifr\u00e5n och ut. Passar alla hudtyper.<\/p>\n<p>Fri fr\u00e5n etanol, mineraloljor och konstgjord doft. Vegansk och inte testad p\u00e5 djur.<\/p>\n<p>200 ml<\/p>\n","protected":false},"excerpt":{"rendered":"<p>Purito From Green Cleansing Oil \u00e4r en mild och ren oljereng\u00f6ring med fem eteriska oljor fr\u00e5n naturen. Det \u00e4r en naturlig, v\u00e4xtbaserad, mild och lugnande reng\u00f6ringsolja som avl\u00e4gsnar smuts och smink samtidigt som den \u00e5terfuktar och mjukg\u00f6r huden. Olivolja och solrosolja \u00e5terfuktar medan s\u00f6tmandelolja och druvk\u00e4rneolja hj\u00e4lper till att bek\u00e4mpa synliga \u00e5lderstecken och hudskador med [&hellip;]<\/p>\n","protected":false},"featured_media":13434,"comment_status":"open","ping_status":"closed","template":"","meta":{"_trash_the_other_posts":false},"product_brand":[],"product_cat":[609,1001],"product_tag":[],"berocket_brand":[1412],"class_list":{"0":"post-13457","1":"product","2":"type-product","3":"status-publish","4":"has-post-thumbnail","6":"product_cat-ansiktsrengoring","7":"product_cat-k-beauty","8":"pa_brand-purito","9":"berocket_brand-purito","11":"first","12":"instock","13":"sale","14":"taxable","15":"shipping-taxable","16":"purchasable","17":"product-type-simple"},"_links":{"self":[{"href":"https:\/\/stylingagenten.com\/sv\/wp-json\/wp\/v2\/product\/13457","targetHints":{"allow":["GET"]}}],"collection":[{"href":"https:\/\/stylingagenten.com\/sv\/wp-json\/wp\/v2\/product"}],"about":[{"href":"https:\/\/stylingagenten.com\/sv\/wp-json\/wp\/v2\/types\/product"}],"replies":[{"embeddable":true,"href":"https:\/\/stylingagenten.com\/sv\/wp-json\/wp\/v2\/comments?post=13457"}],"version-history":[{"count":0,"href":"https:\/\/stylingagenten.com\/sv\/wp-json\/wp\/v2\/product\/13457\/revisions"}],"wp:featuredmedia":[{"embeddable":true,"href":"https:\/\/stylingagenten.com\/sv\/wp-json\/wp\/v2\/media\/13434"}],"wp:attachment":[{"href":"https:\/\/stylingagenten.com\/sv\/wp-json\/wp\/v2\/media?parent=13457"}],"wp:term":[{"taxonomy":"product_brand","embeddable":true,"href":"https:\/\/stylingagenten.com\/sv\/wp-json\/wp\/v2\/product_brand?post=13457"},{"taxonomy":"product_cat","embeddable":true,"href":"https:\/\/stylingagenten.com\/sv\/wp-json\/wp\/v2\/product_cat?post=13457"},{"taxonomy":"product_tag","embeddable":true,"href":"https:\/\/stylingagenten.com\/sv\/wp-json\/wp\/v2\/product_tag?post=13457"},{"taxonomy":"berocket_brand","embeddable":true,"href":"https:\/\/stylingagenten.com\/sv\/wp-json\/wp\/v2\/berocket_brand?post=13457"}],"curies":[{"name":"wp","href":"https:\/\/api.w.org\/{rel}","templated":true}]}}