{"id":13334,"date":"2025-01-24T11:47:43","date_gmt":"2025-01-24T11:47:43","guid":{"rendered":"https:\/\/staging2.stylingagenten.com\/sv\/produkt\/maybelline-lash-sensational-mascara-burgundy-brown-9-5ml\/"},"modified":"2026-03-29T17:18:26","modified_gmt":"2026-03-29T17:18:26","slug":"maybelline-lash-sensational-mascara-burgundy-brown-9-5ml","status":"publish","type":"product","link":"https:\/\/stylingagenten.com\/sv\/produkt\/maybelline-lash-sensational-mascara-burgundy-brown-9-5ml\/","title":{"rendered":"Maybelline Lash Sensational Mascara Burgundy Brown 9.5ml"},"content":{"rendered":"<p>Maybelline Lash Sensational mascara ger din intensiv volym och fyllighet samtidigt som den separerar och utan att bilda klumpar. Den revolutionerade fransborsten best\u00e5r av 10 rader och 6 olika sorters borsth\u00e5r.<\/p>\n<p>De inre borsth\u00e5ren hj\u00e4lper till med att n\u00e5 de minsta \u00f6gonfransarna i \u00f6gonvr\u00e5n. De yttre borsth\u00e5ren separerar fransarna likt en fj\u00e4der. Lash Sensational mascara skapar en illusion av fler och t\u00e4tare, volumin\u00f6sa fransar.<\/p>\n<p>F\u00e4rg: Burgundy Brown<\/p>\n","protected":false},"excerpt":{"rendered":"<p>Maybelline Lash Sensational mascara ger din intensiv volym och fyllighet samtidigt som den separerar och utan att bilda klumpar. Den revolutionerade fransborsten best\u00e5r av 10 rader och 6 olika sorters borsth\u00e5r. De inre borsth\u00e5ren hj\u00e4lper till med att n\u00e5 de minsta \u00f6gonfransarna i \u00f6gonvr\u00e5n. De yttre borsth\u00e5ren separerar fransarna likt en fj\u00e4der. Lash Sensational mascara [&hellip;]<\/p>\n","protected":false},"featured_media":13323,"comment_status":"open","ping_status":"closed","template":"","meta":{"_trash_the_other_posts":false},"product_brand":[],"product_cat":[618],"product_tag":[],"berocket_brand":[1016],"class_list":{"0":"post-13334","1":"product","2":"type-product","3":"status-publish","4":"has-post-thumbnail","6":"product_cat-mascara","7":"pa_brand-maybelline","8":"berocket_brand-maybelline","10":"first","11":"outofstock","12":"sale","13":"taxable","14":"shipping-taxable","15":"purchasable","16":"product-type-simple"},"_links":{"self":[{"href":"https:\/\/stylingagenten.com\/sv\/wp-json\/wp\/v2\/product\/13334","targetHints":{"allow":["GET"]}}],"collection":[{"href":"https:\/\/stylingagenten.com\/sv\/wp-json\/wp\/v2\/product"}],"about":[{"href":"https:\/\/stylingagenten.com\/sv\/wp-json\/wp\/v2\/types\/product"}],"replies":[{"embeddable":true,"href":"https:\/\/stylingagenten.com\/sv\/wp-json\/wp\/v2\/comments?post=13334"}],"version-history":[{"count":0,"href":"https:\/\/stylingagenten.com\/sv\/wp-json\/wp\/v2\/product\/13334\/revisions"}],"wp:featuredmedia":[{"embeddable":true,"href":"https:\/\/stylingagenten.com\/sv\/wp-json\/wp\/v2\/media\/13323"}],"wp:attachment":[{"href":"https:\/\/stylingagenten.com\/sv\/wp-json\/wp\/v2\/media?parent=13334"}],"wp:term":[{"taxonomy":"product_brand","embeddable":true,"href":"https:\/\/stylingagenten.com\/sv\/wp-json\/wp\/v2\/product_brand?post=13334"},{"taxonomy":"product_cat","embeddable":true,"href":"https:\/\/stylingagenten.com\/sv\/wp-json\/wp\/v2\/product_cat?post=13334"},{"taxonomy":"product_tag","embeddable":true,"href":"https:\/\/stylingagenten.com\/sv\/wp-json\/wp\/v2\/product_tag?post=13334"},{"taxonomy":"berocket_brand","embeddable":true,"href":"https:\/\/stylingagenten.com\/sv\/wp-json\/wp\/v2\/berocket_brand?post=13334"}],"curies":[{"name":"wp","href":"https:\/\/api.w.org\/{rel}","templated":true}]}}