{"id":13330,"date":"2025-01-24T11:47:42","date_gmt":"2025-01-24T11:47:42","guid":{"rendered":"https:\/\/staging2.stylingagenten.com\/sv\/produkt\/lattafa-yara-edp-100ml\/"},"modified":"2026-03-30T02:18:36","modified_gmt":"2026-03-30T02:18:36","slug":"lattafa-yara-edp-100ml","status":"publish","type":"product","link":"https:\/\/stylingagenten.com\/sv\/produkt\/lattafa-yara-edp-100ml\/","title":{"rendered":"Lattafa Yara Edp 100ml"},"content":{"rendered":"<p>Unna dig en doft som f\u00e5r dig att k\u00e4nna dig str\u00e5lande var du \u00e4n \u00e4r! Lattafa Yara \u00e4r en Eau de Parfum f\u00f6r kvinnor som symboliserar lyx och exklusivitet, och \u00e4ven de mest kr\u00e4sna blir mer \u00e4n n\u00f6jda med dess sofistikerade doftkomposition.<br \/>\n<br \/>Toppnoter: Heliotrop, Mandarin, Orkid\u00e9<br \/>\n<br \/>Hj\u00e4rtnoter: Blommor, Tropisk frukt<br \/>\n<br \/>Basnoter: Vanilj, Sandeltr\u00e4d, Mysk<\/p>\n<p>100ml<\/p>\n","protected":false},"excerpt":{"rendered":"<p>Unna dig en doft som f\u00e5r dig att k\u00e4nna dig str\u00e5lande var du \u00e4n \u00e4r! Lattafa Yara \u00e4r en Eau de Parfum f\u00f6r kvinnor som symboliserar lyx och exklusivitet, och \u00e4ven de mest kr\u00e4sna blir mer \u00e4n n\u00f6jda med dess sofistikerade doftkomposition. Toppnoter: Heliotrop, Mandarin, Orkid\u00e9 Hj\u00e4rtnoter: Blommor, Tropisk frukt Basnoter: Vanilj, Sandeltr\u00e4d, Mysk 100ml<\/p>\n","protected":false},"featured_media":13325,"comment_status":"open","ping_status":"closed","template":"","meta":{"_trash_the_other_posts":false},"product_brand":[],"product_cat":[706,735,999],"product_tag":[],"berocket_brand":[1414],"class_list":{"0":"post-13330","1":"product","2":"type-product","3":"status-publish","4":"has-post-thumbnail","6":"product_cat-eau-de-parfum-dam","7":"product_cat-kampanj","8":"product_cat-kampanj-for-henne","9":"pa_brand-lattafa","10":"berocket_brand-lattafa","12":"first","13":"instock","14":"sale","15":"taxable","16":"shipping-taxable","17":"purchasable","18":"product-type-simple"},"_links":{"self":[{"href":"https:\/\/stylingagenten.com\/sv\/wp-json\/wp\/v2\/product\/13330","targetHints":{"allow":["GET"]}}],"collection":[{"href":"https:\/\/stylingagenten.com\/sv\/wp-json\/wp\/v2\/product"}],"about":[{"href":"https:\/\/stylingagenten.com\/sv\/wp-json\/wp\/v2\/types\/product"}],"replies":[{"embeddable":true,"href":"https:\/\/stylingagenten.com\/sv\/wp-json\/wp\/v2\/comments?post=13330"}],"version-history":[{"count":0,"href":"https:\/\/stylingagenten.com\/sv\/wp-json\/wp\/v2\/product\/13330\/revisions"}],"wp:featuredmedia":[{"embeddable":true,"href":"https:\/\/stylingagenten.com\/sv\/wp-json\/wp\/v2\/media\/13325"}],"wp:attachment":[{"href":"https:\/\/stylingagenten.com\/sv\/wp-json\/wp\/v2\/media?parent=13330"}],"wp:term":[{"taxonomy":"product_brand","embeddable":true,"href":"https:\/\/stylingagenten.com\/sv\/wp-json\/wp\/v2\/product_brand?post=13330"},{"taxonomy":"product_cat","embeddable":true,"href":"https:\/\/stylingagenten.com\/sv\/wp-json\/wp\/v2\/product_cat?post=13330"},{"taxonomy":"product_tag","embeddable":true,"href":"https:\/\/stylingagenten.com\/sv\/wp-json\/wp\/v2\/product_tag?post=13330"},{"taxonomy":"berocket_brand","embeddable":true,"href":"https:\/\/stylingagenten.com\/sv\/wp-json\/wp\/v2\/berocket_brand?post=13330"}],"curies":[{"name":"wp","href":"https:\/\/api.w.org\/{rel}","templated":true}]}}