{"id":13288,"date":"2025-01-24T11:47:35","date_gmt":"2025-01-24T11:47:35","guid":{"rendered":"https:\/\/staging2.stylingagenten.com\/sv\/produkt\/elizabeth-arden-always-red-edt-100ml\/"},"modified":"2026-04-02T09:28:29","modified_gmt":"2026-04-02T09:28:29","slug":"elizabeth-arden-always-red-edt-100ml","status":"publish","type":"product","link":"https:\/\/stylingagenten.com\/sv\/produkt\/elizabeth-arden-always-red-edt-100ml\/","title":{"rendered":"Elizabeth Arden Always Red Edt 100ml"},"content":{"rendered":"<p>Elizabeth Arden Always Red EdT, en lyxig doft som \u00e4r idealisk f\u00f6r den sj\u00e4lvs\u00e4kra kvinnan. Denna eleganta doft v\u00e4cker uppm\u00e4rksamhet, och \u00e4r perfekt f\u00f6r en utekv\u00e4ll!<\/p>\n<p>Doften \u00f6ppnar upp med saftiga noter av plommon, passionsfrukt och blodapelsin f\u00f6r att sedan \u00f6verg\u00e5 i ett blommigt hj\u00e4rta av jasmin, ros och rosa freesia. Elizabeth Arden Always Red EdT landar sedan mjukt i en sensuell, f\u00f6rf\u00f6risk bas av r\u00f6d amber, mahogany och praliner.<\/p>\n<p>100ml<\/p>\n","protected":false},"excerpt":{"rendered":"<p>Elizabeth Arden Always Red EdT, en lyxig doft som \u00e4r idealisk f\u00f6r den sj\u00e4lvs\u00e4kra kvinnan. Denna eleganta doft v\u00e4cker uppm\u00e4rksamhet, och \u00e4r perfekt f\u00f6r en utekv\u00e4ll! Doften \u00f6ppnar upp med saftiga noter av plommon, passionsfrukt och blodapelsin f\u00f6r att sedan \u00f6verg\u00e5 i ett blommigt hj\u00e4rta av jasmin, ros och rosa freesia. Elizabeth Arden Always Red [&hellip;]<\/p>\n","protected":false},"featured_media":13282,"comment_status":"open","ping_status":"closed","template":"","meta":{"_trash_the_other_posts":false},"product_brand":[],"product_cat":[707],"product_tag":[],"berocket_brand":[1303],"class_list":{"0":"post-13288","1":"product","2":"type-product","3":"status-publish","4":"has-post-thumbnail","6":"product_cat-eau-de-toilette-dam","7":"pa_brand-elizabeth-arden","8":"berocket_brand-elizabeth-arden","10":"first","11":"instock","12":"sale","13":"taxable","14":"shipping-taxable","15":"purchasable","16":"product-type-simple"},"_links":{"self":[{"href":"https:\/\/stylingagenten.com\/sv\/wp-json\/wp\/v2\/product\/13288","targetHints":{"allow":["GET"]}}],"collection":[{"href":"https:\/\/stylingagenten.com\/sv\/wp-json\/wp\/v2\/product"}],"about":[{"href":"https:\/\/stylingagenten.com\/sv\/wp-json\/wp\/v2\/types\/product"}],"replies":[{"embeddable":true,"href":"https:\/\/stylingagenten.com\/sv\/wp-json\/wp\/v2\/comments?post=13288"}],"version-history":[{"count":0,"href":"https:\/\/stylingagenten.com\/sv\/wp-json\/wp\/v2\/product\/13288\/revisions"}],"wp:featuredmedia":[{"embeddable":true,"href":"https:\/\/stylingagenten.com\/sv\/wp-json\/wp\/v2\/media\/13282"}],"wp:attachment":[{"href":"https:\/\/stylingagenten.com\/sv\/wp-json\/wp\/v2\/media?parent=13288"}],"wp:term":[{"taxonomy":"product_brand","embeddable":true,"href":"https:\/\/stylingagenten.com\/sv\/wp-json\/wp\/v2\/product_brand?post=13288"},{"taxonomy":"product_cat","embeddable":true,"href":"https:\/\/stylingagenten.com\/sv\/wp-json\/wp\/v2\/product_cat?post=13288"},{"taxonomy":"product_tag","embeddable":true,"href":"https:\/\/stylingagenten.com\/sv\/wp-json\/wp\/v2\/product_tag?post=13288"},{"taxonomy":"berocket_brand","embeddable":true,"href":"https:\/\/stylingagenten.com\/sv\/wp-json\/wp\/v2\/berocket_brand?post=13288"}],"curies":[{"name":"wp","href":"https:\/\/api.w.org\/{rel}","templated":true}]}}