{"id":13073,"date":"2025-01-24T11:46:57","date_gmt":"2025-01-24T11:46:57","guid":{"rendered":"https:\/\/staging2.stylingagenten.com\/sv\/produkt\/living-proof-full-dry-volume-texture-spray-238ml\/"},"modified":"2026-04-08T20:49:03","modified_gmt":"2026-04-08T20:49:03","slug":"living-proof-full-dry-volume-texture-spray-238ml","status":"publish","type":"product","link":"https:\/\/stylingagenten.com\/sv\/produkt\/living-proof-full-dry-volume-texture-spray-238ml\/","title":{"rendered":"Living Proof Full Dry Volume &amp; Texture Spray 238ml"},"content":{"rendered":"<p>Living Proof Full Dry Volume &amp; Texture Spray h\u00f6jer volymen eller texturen p\u00e5 olika stilar f\u00f6r en oklanderligt perfekt, inarbetad look och k\u00e4nsla.<\/p>\n<p>&#8211; Ger omedelbar, \u00e5terupplivbar och l\u00e5ngvarig volym och textur<br \/>\n<br \/>&#8211; Ger byggbara, halkfritt grepp f\u00f6r \u00f6kad m\u00e5ngsidighet i stylingen<br \/>\n<br \/>&#8211; V\u00e4rmeskydd upp till 210\u00b0 C<br \/>\n<br \/>&#8211; Absorberar l\u00e4tt olja f\u00f6r att f\u00f6rl\u00e4nga livsl\u00e4ngden p\u00e5 din look<br \/>\n<br \/>&#8211; F\u00f6rvandlar omedelbart fint, platt eller tunt h\u00e5r<br \/>\n<br \/>&#8211; Fungerar p\u00e5 torrt h\u00e5r, s\u00e5 du kan anv\u00e4nda den n\u00e4r som helst, var som helst.<\/p>\n","protected":false},"excerpt":{"rendered":"<p>Living Proof Full Dry Volume &amp; Texture Spray h\u00f6jer volymen eller texturen p\u00e5 olika stilar f\u00f6r en oklanderligt perfekt, inarbetad look och k\u00e4nsla. &#8211; Ger omedelbar, \u00e5terupplivbar och l\u00e5ngvarig volym och textur &#8211; Ger byggbara, halkfritt grepp f\u00f6r \u00f6kad m\u00e5ngsidighet i stylingen &#8211; V\u00e4rmeskydd upp till 210\u00b0 C &#8211; Absorberar l\u00e4tt olja f\u00f6r att f\u00f6rl\u00e4nga [&hellip;]<\/p>\n","protected":false},"featured_media":13052,"comment_status":"open","ping_status":"closed","template":"","meta":{"_trash_the_other_posts":false},"product_brand":[],"product_cat":[576],"product_tag":[3315],"berocket_brand":[1392],"class_list":{"0":"post-13073","1":"product","2":"type-product","3":"status-publish","4":"has-post-thumbnail","6":"product_cat-harspray","7":"product_tag-living-proof-full-dry-volume-texture-spray","8":"pa_brand-living-proof","9":"pa_variant-238ml","10":"berocket_brand-living-proof","12":"first","13":"instock","14":"sale","15":"taxable","16":"shipping-taxable","17":"purchasable","18":"product-type-simple"},"_links":{"self":[{"href":"https:\/\/stylingagenten.com\/sv\/wp-json\/wp\/v2\/product\/13073","targetHints":{"allow":["GET"]}}],"collection":[{"href":"https:\/\/stylingagenten.com\/sv\/wp-json\/wp\/v2\/product"}],"about":[{"href":"https:\/\/stylingagenten.com\/sv\/wp-json\/wp\/v2\/types\/product"}],"replies":[{"embeddable":true,"href":"https:\/\/stylingagenten.com\/sv\/wp-json\/wp\/v2\/comments?post=13073"}],"version-history":[{"count":0,"href":"https:\/\/stylingagenten.com\/sv\/wp-json\/wp\/v2\/product\/13073\/revisions"}],"wp:featuredmedia":[{"embeddable":true,"href":"https:\/\/stylingagenten.com\/sv\/wp-json\/wp\/v2\/media\/13052"}],"wp:attachment":[{"href":"https:\/\/stylingagenten.com\/sv\/wp-json\/wp\/v2\/media?parent=13073"}],"wp:term":[{"taxonomy":"product_brand","embeddable":true,"href":"https:\/\/stylingagenten.com\/sv\/wp-json\/wp\/v2\/product_brand?post=13073"},{"taxonomy":"product_cat","embeddable":true,"href":"https:\/\/stylingagenten.com\/sv\/wp-json\/wp\/v2\/product_cat?post=13073"},{"taxonomy":"product_tag","embeddable":true,"href":"https:\/\/stylingagenten.com\/sv\/wp-json\/wp\/v2\/product_tag?post=13073"},{"taxonomy":"berocket_brand","embeddable":true,"href":"https:\/\/stylingagenten.com\/sv\/wp-json\/wp\/v2\/berocket_brand?post=13073"}],"curies":[{"name":"wp","href":"https:\/\/api.w.org\/{rel}","templated":true}]}}