{"id":12957,"date":"2025-01-24T11:46:40","date_gmt":"2025-01-24T11:46:40","guid":{"rendered":"https:\/\/staging2.stylingagenten.com\/sv\/produkt\/living-proof-style-lab-flex-shaping-hairspray-246ml\/"},"modified":"2026-04-08T15:29:46","modified_gmt":"2026-04-08T15:29:46","slug":"living-proof-style-lab-flex-shaping-hairspray-246ml","status":"publish","type":"product","link":"https:\/\/stylingagenten.com\/sv\/produkt\/living-proof-style-lab-flex-shaping-hairspray-246ml\/","title":{"rendered":"Living Proof Style Lab Flex Shaping Hairspray 246ml"},"content":{"rendered":"<p>Living Proof Style Lab Flex Shaping Hairspray med medelh\u00f6g h\u00e5llfasthet kan anv\u00e4ndas f\u00f6r att fixera, styla och avsluta utan styvhet, vilket g\u00f6r h\u00e5ret ber\u00f6rbart och borstbart.<\/p>\n<p>F\u00f6rdelar:<br \/>\n<br \/>-Ger flexibel, ber\u00f6rbar kontroll<br \/>\n<br \/>-Borstbar, skiktbar och omarbetbar<br \/>\n<br \/>-V\u00e4rmeskydd upp till 210\u00b0C<\/p>\n<p>246ml<\/p>\n","protected":false},"excerpt":{"rendered":"<p>Living Proof Style Lab Flex Shaping Hairspray med medelh\u00f6g h\u00e5llfasthet kan anv\u00e4ndas f\u00f6r att fixera, styla och avsluta utan styvhet, vilket g\u00f6r h\u00e5ret ber\u00f6rbart och borstbart. F\u00f6rdelar: -Ger flexibel, ber\u00f6rbar kontroll -Borstbar, skiktbar och omarbetbar -V\u00e4rmeskydd upp till 210\u00b0C 246ml<\/p>\n","protected":false},"featured_media":12950,"comment_status":"open","ping_status":"closed","template":"","meta":{"_trash_the_other_posts":false},"product_brand":[],"product_cat":[576],"product_tag":[],"berocket_brand":[1392],"class_list":{"0":"post-12957","1":"product","2":"type-product","3":"status-publish","4":"has-post-thumbnail","6":"product_cat-harspray","7":"pa_brand-living-proof","8":"berocket_brand-living-proof","10":"first","11":"outofstock","12":"sale","13":"taxable","14":"shipping-taxable","15":"purchasable","16":"product-type-simple"},"_links":{"self":[{"href":"https:\/\/stylingagenten.com\/sv\/wp-json\/wp\/v2\/product\/12957","targetHints":{"allow":["GET"]}}],"collection":[{"href":"https:\/\/stylingagenten.com\/sv\/wp-json\/wp\/v2\/product"}],"about":[{"href":"https:\/\/stylingagenten.com\/sv\/wp-json\/wp\/v2\/types\/product"}],"replies":[{"embeddable":true,"href":"https:\/\/stylingagenten.com\/sv\/wp-json\/wp\/v2\/comments?post=12957"}],"version-history":[{"count":0,"href":"https:\/\/stylingagenten.com\/sv\/wp-json\/wp\/v2\/product\/12957\/revisions"}],"wp:featuredmedia":[{"embeddable":true,"href":"https:\/\/stylingagenten.com\/sv\/wp-json\/wp\/v2\/media\/12950"}],"wp:attachment":[{"href":"https:\/\/stylingagenten.com\/sv\/wp-json\/wp\/v2\/media?parent=12957"}],"wp:term":[{"taxonomy":"product_brand","embeddable":true,"href":"https:\/\/stylingagenten.com\/sv\/wp-json\/wp\/v2\/product_brand?post=12957"},{"taxonomy":"product_cat","embeddable":true,"href":"https:\/\/stylingagenten.com\/sv\/wp-json\/wp\/v2\/product_cat?post=12957"},{"taxonomy":"product_tag","embeddable":true,"href":"https:\/\/stylingagenten.com\/sv\/wp-json\/wp\/v2\/product_tag?post=12957"},{"taxonomy":"berocket_brand","embeddable":true,"href":"https:\/\/stylingagenten.com\/sv\/wp-json\/wp\/v2\/berocket_brand?post=12957"}],"curies":[{"name":"wp","href":"https:\/\/api.w.org\/{rel}","templated":true}]}}