{"id":12909,"date":"2025-01-24T11:46:29","date_gmt":"2025-01-24T11:46:29","guid":{"rendered":"https:\/\/staging2.stylingagenten.com\/sv\/produkt\/paul-mitchell-awapuhi-wild-ginger-styling-treatment-oil-100ml\/"},"modified":"2026-04-08T15:29:29","modified_gmt":"2026-04-08T15:29:29","slug":"paul-mitchell-awapuhi-wild-ginger-styling-treatment-oil-100ml","status":"publish","type":"product","link":"https:\/\/stylingagenten.com\/sv\/produkt\/paul-mitchell-awapuhi-wild-ginger-styling-treatment-oil-100ml\/","title":{"rendered":"Paul Mitchell Awapuhi Wild Ginger Styling Treatment Oil 100ml"},"content":{"rendered":"<p>Ge ditt h\u00e5r den perfekta f\u00f6rberedelsen f\u00f6r vilken styling som helst med Paul Mitchell Awapuhi Wild Ginger Styling Treatment Oil. Denna torra olja absorberas snabbt och enkelt, vilket ger ditt h\u00e5r en mjuk, silkeslen textur som \u00e4r redo f\u00f6r alla stylingutmaningar.<\/p>\n<p>Berikad med handsk\u00f6rdat awapuhi-extrakt fr\u00e5n Hawaii och l\u00e4tta silikoner, f\u00f6rseglar denna behandling h\u00e5ret och sl\u00e4tar ut frizz f\u00f6r en sl\u00e4t och glansig finish. Det \u00e4r den ultimata l\u00f6sningen f\u00f6r torrt, f\u00e4rgbehandlat, blekt eller skadat h\u00e5r som beh\u00f6ver extra \u00e5terfuktning och v\u00e5rd.<\/p>\n<p>100ml<\/p>\n","protected":false},"excerpt":{"rendered":"<p>Ge ditt h\u00e5r den perfekta f\u00f6rberedelsen f\u00f6r vilken styling som helst med Paul Mitchell Awapuhi Wild Ginger Styling Treatment Oil. Denna torra olja absorberas snabbt och enkelt, vilket ger ditt h\u00e5r en mjuk, silkeslen textur som \u00e4r redo f\u00f6r alla stylingutmaningar. Berikad med handsk\u00f6rdat awapuhi-extrakt fr\u00e5n Hawaii och l\u00e4tta silikoner, f\u00f6rseglar denna behandling h\u00e5ret och [&hellip;]<\/p>\n","protected":false},"featured_media":12900,"comment_status":"open","ping_status":"closed","template":"","meta":{"_trash_the_other_posts":false},"product_brand":[],"product_cat":[610],"product_tag":[],"berocket_brand":[1053],"class_list":{"0":"post-12909","1":"product","2":"type-product","3":"status-publish","4":"has-post-thumbnail","6":"product_cat-harolja","7":"pa_brand-paul-mitchell","8":"berocket_brand-paul-mitchell","10":"first","11":"instock","12":"sale","13":"taxable","14":"shipping-taxable","15":"purchasable","16":"product-type-simple"},"_links":{"self":[{"href":"https:\/\/stylingagenten.com\/sv\/wp-json\/wp\/v2\/product\/12909","targetHints":{"allow":["GET"]}}],"collection":[{"href":"https:\/\/stylingagenten.com\/sv\/wp-json\/wp\/v2\/product"}],"about":[{"href":"https:\/\/stylingagenten.com\/sv\/wp-json\/wp\/v2\/types\/product"}],"replies":[{"embeddable":true,"href":"https:\/\/stylingagenten.com\/sv\/wp-json\/wp\/v2\/comments?post=12909"}],"version-history":[{"count":0,"href":"https:\/\/stylingagenten.com\/sv\/wp-json\/wp\/v2\/product\/12909\/revisions"}],"wp:featuredmedia":[{"embeddable":true,"href":"https:\/\/stylingagenten.com\/sv\/wp-json\/wp\/v2\/media\/12900"}],"wp:attachment":[{"href":"https:\/\/stylingagenten.com\/sv\/wp-json\/wp\/v2\/media?parent=12909"}],"wp:term":[{"taxonomy":"product_brand","embeddable":true,"href":"https:\/\/stylingagenten.com\/sv\/wp-json\/wp\/v2\/product_brand?post=12909"},{"taxonomy":"product_cat","embeddable":true,"href":"https:\/\/stylingagenten.com\/sv\/wp-json\/wp\/v2\/product_cat?post=12909"},{"taxonomy":"product_tag","embeddable":true,"href":"https:\/\/stylingagenten.com\/sv\/wp-json\/wp\/v2\/product_tag?post=12909"},{"taxonomy":"berocket_brand","embeddable":true,"href":"https:\/\/stylingagenten.com\/sv\/wp-json\/wp\/v2\/berocket_brand?post=12909"}],"curies":[{"name":"wp","href":"https:\/\/api.w.org\/{rel}","templated":true}]}}