{"id":12844,"date":"2025-01-24T11:46:19","date_gmt":"2025-01-24T11:46:19","guid":{"rendered":"https:\/\/staging2.stylingagenten.com\/sv\/produkt\/purito-wonder-releaf-centella-eye-cream-unscented-30ml\/"},"modified":"2026-02-09T08:19:37","modified_gmt":"2026-02-09T08:19:37","slug":"purito-wonder-releaf-centella-eye-cream-unscented-30ml","status":"publish","type":"product","link":"https:\/\/stylingagenten.com\/sv\/produkt\/purito-wonder-releaf-centella-eye-cream-unscented-30ml\/","title":{"rendered":"Purito Wonder Releaf Centella Eye Cream Unscented 30ml"},"content":{"rendered":"<p>Uppt\u00e4ck Purito Wonder Releaf Centella Eye Cream Unscented &#8211; din l\u00f6sning f\u00f6r att minska uppkomsten av fina linjer och rynkor runt \u00f6gonen! Denna l\u00e4tta kr\u00e4m sm\u00e4lter smidigt in i huden och arbetar aktivt f\u00f6r att ge en j\u00e4mnare och ungdomligare hud.<\/p>\n<p>Formulan \u00e4r doftfri och berikad med hela 47% Centella Asiatica-extrakt, panthenol och ceramider f\u00f6r att lugna, \u00e5terfukta och plumpa upp huden runt \u00f6gonomr\u00e5det. Fyra olika typer av peptider st\u00f6der kollagen- och elastinproduktionen f\u00f6r att f\u00f6rb\u00e4ttra fasthet och styrka hos den k\u00e4nsliga huden runt \u00f6gonen.<\/p>\n<p>Perfekt f\u00f6r hud med fina linjer och rynkor samt torr hud, denna \u00f6gonkr\u00e4m \u00e4r fullpackad med nyckelingredienser som Centella Asiatica Extract st\u00e4rker hudbarri\u00e4ren och skyddar mot yttre p\u00e5frestningar som kan orsaka f\u00f6rlorad elasticitet. Panthenol \u00e4r en aktiv, mild och skyddande ingrediens som lugnar, \u00e5terst\u00e4ller och st\u00e4rker hudens barri\u00e4r. Peptider, best\u00e5ende av tv\u00e5 eller fler aminosyror, fr\u00e4mjar hudens lyster genom att \u00f6ka hudf\u00f6rnyelsen och f\u00f6rb\u00e4ttra elasticiteten samt minska rynkor.<\/p>\n<p>30ml<\/p>\n","protected":false},"excerpt":{"rendered":"<p>Uppt\u00e4ck Purito Wonder Releaf Centella Eye Cream Unscented &#8211; din l\u00f6sning f\u00f6r att minska uppkomsten av fina linjer och rynkor runt \u00f6gonen! Denna l\u00e4tta kr\u00e4m sm\u00e4lter smidigt in i huden och arbetar aktivt f\u00f6r att ge en j\u00e4mnare och ungdomligare hud. Formulan \u00e4r doftfri och berikad med hela 47% Centella Asiatica-extrakt, panthenol och ceramider f\u00f6r [&hellip;]<\/p>\n","protected":false},"featured_media":12831,"comment_status":"open","ping_status":"closed","template":"","meta":{"_trash_the_other_posts":false},"product_brand":[],"product_cat":[1001,623],"product_tag":[],"berocket_brand":[1412],"class_list":{"0":"post-12844","1":"product","2":"type-product","3":"status-publish","4":"has-post-thumbnail","6":"product_cat-k-beauty","7":"product_cat-ogonkram","8":"pa_brand-purito","9":"berocket_brand-purito","11":"first","12":"instock","13":"sale","14":"taxable","15":"shipping-taxable","16":"purchasable","17":"product-type-simple"},"_links":{"self":[{"href":"https:\/\/stylingagenten.com\/sv\/wp-json\/wp\/v2\/product\/12844","targetHints":{"allow":["GET"]}}],"collection":[{"href":"https:\/\/stylingagenten.com\/sv\/wp-json\/wp\/v2\/product"}],"about":[{"href":"https:\/\/stylingagenten.com\/sv\/wp-json\/wp\/v2\/types\/product"}],"replies":[{"embeddable":true,"href":"https:\/\/stylingagenten.com\/sv\/wp-json\/wp\/v2\/comments?post=12844"}],"version-history":[{"count":0,"href":"https:\/\/stylingagenten.com\/sv\/wp-json\/wp\/v2\/product\/12844\/revisions"}],"wp:featuredmedia":[{"embeddable":true,"href":"https:\/\/stylingagenten.com\/sv\/wp-json\/wp\/v2\/media\/12831"}],"wp:attachment":[{"href":"https:\/\/stylingagenten.com\/sv\/wp-json\/wp\/v2\/media?parent=12844"}],"wp:term":[{"taxonomy":"product_brand","embeddable":true,"href":"https:\/\/stylingagenten.com\/sv\/wp-json\/wp\/v2\/product_brand?post=12844"},{"taxonomy":"product_cat","embeddable":true,"href":"https:\/\/stylingagenten.com\/sv\/wp-json\/wp\/v2\/product_cat?post=12844"},{"taxonomy":"product_tag","embeddable":true,"href":"https:\/\/stylingagenten.com\/sv\/wp-json\/wp\/v2\/product_tag?post=12844"},{"taxonomy":"berocket_brand","embeddable":true,"href":"https:\/\/stylingagenten.com\/sv\/wp-json\/wp\/v2\/berocket_brand?post=12844"}],"curies":[{"name":"wp","href":"https:\/\/api.w.org\/{rel}","templated":true}]}}