{"id":12817,"date":"2025-01-24T11:46:14","date_gmt":"2025-01-24T11:46:14","guid":{"rendered":"https:\/\/staging2.stylingagenten.com\/sv\/produkt\/paul-mitchell-awapuhi-wild-ginger-cream-rinse-250ml\/"},"modified":"2026-04-08T15:29:30","modified_gmt":"2026-04-08T15:29:30","slug":"paul-mitchell-awapuhi-wild-ginger-cream-rinse-250ml","status":"publish","type":"product","link":"https:\/\/stylingagenten.com\/sv\/produkt\/paul-mitchell-awapuhi-wild-ginger-cream-rinse-250ml\/","title":{"rendered":"Paul Mitchell Awapuhi Wild Ginger Cream Rinse 250ml"},"content":{"rendered":"<p>Ge ditt h\u00e5r omedelbart den \u00e5terfuktande kraften fr\u00e5n awapuhi med Paul Mitchell Awapuhi Wild Ginger Cream Rinse. Detta milda, f\u00e4rgbevarande balsam reder ut och fyller p\u00e5 torrt, t\u00f6rstigt h\u00e5r, vilket resulterar i silkeslena och friska lockar.<\/p>\n<p>Den proteinberikade formeln st\u00e4rker oroliga lockar med KeraTriplex\u00ae keratinproteinteknologi. Det hj\u00e4lper till att reparera varje str\u00e5 och skyddar mot skador, medan handsk\u00f6rdat awapuhi-extrakt fr\u00e5n Hawaii mjukar upp och ger en str\u00e5lande glans.<\/p>\n<p>250ml<\/p>\n","protected":false},"excerpt":{"rendered":"<p>Ge ditt h\u00e5r omedelbart den \u00e5terfuktande kraften fr\u00e5n awapuhi med Paul Mitchell Awapuhi Wild Ginger Cream Rinse. Detta milda, f\u00e4rgbevarande balsam reder ut och fyller p\u00e5 torrt, t\u00f6rstigt h\u00e5r, vilket resulterar i silkeslena och friska lockar. Den proteinberikade formeln st\u00e4rker oroliga lockar med KeraTriplex\u00ae keratinproteinteknologi. Det hj\u00e4lper till att reparera varje str\u00e5 och skyddar mot [&hellip;]<\/p>\n","protected":false},"featured_media":12802,"comment_status":"open","ping_status":"closed","template":"","meta":{"_trash_the_other_posts":false},"product_brand":[],"product_cat":[587,620],"product_tag":[3882],"berocket_brand":[1053],"class_list":{"0":"post-12817","1":"product","2":"type-product","3":"status-publish","4":"has-post-thumbnail","6":"product_cat-balsam","7":"product_cat-harinpackning","8":"product_tag-paul-mitchell-awapuhi-wild-ginger-cream-rinse","9":"pa_brand-paul-mitchell","10":"pa_variant-250ml","11":"berocket_brand-paul-mitchell","13":"first","14":"instock","15":"sale","16":"taxable","17":"shipping-taxable","18":"purchasable","19":"product-type-simple"},"_links":{"self":[{"href":"https:\/\/stylingagenten.com\/sv\/wp-json\/wp\/v2\/product\/12817","targetHints":{"allow":["GET"]}}],"collection":[{"href":"https:\/\/stylingagenten.com\/sv\/wp-json\/wp\/v2\/product"}],"about":[{"href":"https:\/\/stylingagenten.com\/sv\/wp-json\/wp\/v2\/types\/product"}],"replies":[{"embeddable":true,"href":"https:\/\/stylingagenten.com\/sv\/wp-json\/wp\/v2\/comments?post=12817"}],"version-history":[{"count":0,"href":"https:\/\/stylingagenten.com\/sv\/wp-json\/wp\/v2\/product\/12817\/revisions"}],"wp:featuredmedia":[{"embeddable":true,"href":"https:\/\/stylingagenten.com\/sv\/wp-json\/wp\/v2\/media\/12802"}],"wp:attachment":[{"href":"https:\/\/stylingagenten.com\/sv\/wp-json\/wp\/v2\/media?parent=12817"}],"wp:term":[{"taxonomy":"product_brand","embeddable":true,"href":"https:\/\/stylingagenten.com\/sv\/wp-json\/wp\/v2\/product_brand?post=12817"},{"taxonomy":"product_cat","embeddable":true,"href":"https:\/\/stylingagenten.com\/sv\/wp-json\/wp\/v2\/product_cat?post=12817"},{"taxonomy":"product_tag","embeddable":true,"href":"https:\/\/stylingagenten.com\/sv\/wp-json\/wp\/v2\/product_tag?post=12817"},{"taxonomy":"berocket_brand","embeddable":true,"href":"https:\/\/stylingagenten.com\/sv\/wp-json\/wp\/v2\/berocket_brand?post=12817"}],"curies":[{"name":"wp","href":"https:\/\/api.w.org\/{rel}","templated":true}]}}