{"id":12784,"date":"2025-01-24T11:46:08","date_gmt":"2025-01-24T11:46:08","guid":{"rendered":"https:\/\/staging2.stylingagenten.com\/sv\/produkt\/purito-wonder-releaf-centella-serum-unscented-60ml\/"},"modified":"2026-04-05T08:57:26","modified_gmt":"2026-04-05T08:57:26","slug":"purito-wonder-releaf-centella-serum-unscented-60ml","status":"publish","type":"product","link":"https:\/\/stylingagenten.com\/sv\/produkt\/purito-wonder-releaf-centella-serum-unscented-60ml\/","title":{"rendered":"Purito Wonder Releaf Centella Serum Unscented 60ml"},"content":{"rendered":"<p>Purito Wonder Releaf Centella Serum Unscented \u2013 din nya hudv\u00e5rdsfavorit! Detta n\u00e4rande och helt doftfria serum \u00e4r s\u00e4rskilt utformat f\u00f6r att ge maximal v\u00e5rd till din hud utan att irritera. Med hela 49% centella asiatica-extrakt, \u00e4r detta serum en kraftfull l\u00f6sning f\u00f6r att lugna, \u00e5terfukta och st\u00e4rka din hud.<\/p>\n<p>Purito Wonder Releaf Centella Serum Unscented \u00e4r berikat med superingredienser som niacinamid, ceramid och hyaluronsyra. Dessa ingredienser samverkar f\u00f6r att stimulera kollagenproduktionen, f\u00f6rb\u00e4ttra hudens elasticitet och reducera synligheten av fina linjer och rynkor. Resultatet \u00e4r en j\u00e4mnare, fastare och mer str\u00e5lande hud.<\/p>\n<p>Detta serum \u00e4r perfekt f\u00f6r alla hudtyper, s\u00e4rskilt f\u00f6r dig med k\u00e4nslig hud eller som f\u00f6redrar doftfria produkter. Den l\u00e4tta formulan absorberas snabbt och l\u00e4mnar huden mjuk och smidig utan att k\u00e4nnas fet.<\/p>\n<p>Anv\u00e4nd Purito Wonder Releaf Centella Serum Unscented som en del av din dagliga hudv\u00e5rdsrutin f\u00f6r att uppn\u00e5 en friskare och ungdomligare hud. Applicera ett par droppar morgon och kv\u00e4ll.<\/p>\n<p>60ml<\/p>\n","protected":false},"excerpt":{"rendered":"<p>Purito Wonder Releaf Centella Serum Unscented \u2013 din nya hudv\u00e5rdsfavorit! Detta n\u00e4rande och helt doftfria serum \u00e4r s\u00e4rskilt utformat f\u00f6r att ge maximal v\u00e5rd till din hud utan att irritera. Med hela 49% centella asiatica-extrakt, \u00e4r detta serum en kraftfull l\u00f6sning f\u00f6r att lugna, \u00e5terfukta och st\u00e4rka din hud. Purito Wonder Releaf Centella Serum Unscented [&hellip;]<\/p>\n","protected":false},"featured_media":12767,"comment_status":"open","ping_status":"closed","template":"","meta":{"_trash_the_other_posts":false},"product_brand":[],"product_cat":[1001,614],"product_tag":[],"berocket_brand":[1412],"class_list":{"0":"post-12784","1":"product","2":"type-product","3":"status-publish","4":"has-post-thumbnail","6":"product_cat-k-beauty","7":"product_cat-serum","8":"pa_brand-purito","9":"berocket_brand-purito","11":"first","12":"instock","13":"sale","14":"taxable","15":"shipping-taxable","16":"purchasable","17":"product-type-simple"},"_links":{"self":[{"href":"https:\/\/stylingagenten.com\/sv\/wp-json\/wp\/v2\/product\/12784","targetHints":{"allow":["GET"]}}],"collection":[{"href":"https:\/\/stylingagenten.com\/sv\/wp-json\/wp\/v2\/product"}],"about":[{"href":"https:\/\/stylingagenten.com\/sv\/wp-json\/wp\/v2\/types\/product"}],"replies":[{"embeddable":true,"href":"https:\/\/stylingagenten.com\/sv\/wp-json\/wp\/v2\/comments?post=12784"}],"version-history":[{"count":0,"href":"https:\/\/stylingagenten.com\/sv\/wp-json\/wp\/v2\/product\/12784\/revisions"}],"wp:featuredmedia":[{"embeddable":true,"href":"https:\/\/stylingagenten.com\/sv\/wp-json\/wp\/v2\/media\/12767"}],"wp:attachment":[{"href":"https:\/\/stylingagenten.com\/sv\/wp-json\/wp\/v2\/media?parent=12784"}],"wp:term":[{"taxonomy":"product_brand","embeddable":true,"href":"https:\/\/stylingagenten.com\/sv\/wp-json\/wp\/v2\/product_brand?post=12784"},{"taxonomy":"product_cat","embeddable":true,"href":"https:\/\/stylingagenten.com\/sv\/wp-json\/wp\/v2\/product_cat?post=12784"},{"taxonomy":"product_tag","embeddable":true,"href":"https:\/\/stylingagenten.com\/sv\/wp-json\/wp\/v2\/product_tag?post=12784"},{"taxonomy":"berocket_brand","embeddable":true,"href":"https:\/\/stylingagenten.com\/sv\/wp-json\/wp\/v2\/berocket_brand?post=12784"}],"curies":[{"name":"wp","href":"https:\/\/api.w.org\/{rel}","templated":true}]}}