{"id":12770,"date":"2025-01-24T11:46:06","date_gmt":"2025-01-24T11:46:06","guid":{"rendered":"https:\/\/staging2.stylingagenten.com\/sv\/produkt\/purito-from-green-deep-foaming-cleanser-150ml\/"},"modified":"2026-01-26T08:19:51","modified_gmt":"2026-01-26T08:19:51","slug":"purito-from-green-deep-foaming-cleanser-150ml","status":"publish","type":"product","link":"https:\/\/stylingagenten.com\/sv\/produkt\/purito-from-green-deep-foaming-cleanser-150ml\/","title":{"rendered":"Purito From Green Deep Foaming Cleanser 150ml"},"content":{"rendered":"<p>Purito From Green Deep Foaming Cleanser \u00e4r sammansatt med naturliga ingredienser f\u00f6r en hudv\u00e4nlig upplevelse. Gl\u00f6m kemiska ytaktiva \u00e4mnen som SLS och SLES &#8211; denna reng\u00f6ring \u00e4r skonsam nog f\u00f6r alla hudtyper, inklusive k\u00e4nslig hud.<\/p>\n<p>Efter varje reng\u00f6ring l\u00e4mnar den din hud \u00e5terfuktad och balanserad, redo att m\u00f6ta dagen eller natten. Med ett optimalt pH-v\u00e4rde p\u00e5 5,5 skyddar den hudbarri\u00e4ren och bevarar hudens naturliga syramantel.<\/p>\n<p>Det rika skummet avl\u00e4gsnar effektivt orenheter fr\u00e5n porerna och Centella Asiatica-extrakt st\u00e4rker hudbarri\u00e4ren ytterligare f\u00f6r en fr\u00e4sch och str\u00e5lande hud. Perfekt f\u00f6r hudtillst\u00e5nd som torrhet och k\u00e4nslighet samt f\u00f6r hudtyper som torr, k\u00e4nslig och normal.<\/p>\n<p>150ml<\/p>\n","protected":false},"excerpt":{"rendered":"<p>Purito From Green Deep Foaming Cleanser \u00e4r sammansatt med naturliga ingredienser f\u00f6r en hudv\u00e4nlig upplevelse. Gl\u00f6m kemiska ytaktiva \u00e4mnen som SLS och SLES &#8211; denna reng\u00f6ring \u00e4r skonsam nog f\u00f6r alla hudtyper, inklusive k\u00e4nslig hud. Efter varje reng\u00f6ring l\u00e4mnar den din hud \u00e5terfuktad och balanserad, redo att m\u00f6ta dagen eller natten. Med ett optimalt pH-v\u00e4rde [&hellip;]<\/p>\n","protected":false},"featured_media":12764,"comment_status":"open","ping_status":"closed","template":"","meta":{"_trash_the_other_posts":false},"product_brand":[],"product_cat":[609,1001],"product_tag":[],"berocket_brand":[1412],"class_list":{"0":"post-12770","1":"product","2":"type-product","3":"status-publish","4":"has-post-thumbnail","6":"product_cat-ansiktsrengoring","7":"product_cat-k-beauty","8":"pa_brand-purito","9":"berocket_brand-purito","11":"first","12":"instock","13":"sale","14":"taxable","15":"shipping-taxable","16":"purchasable","17":"product-type-simple"},"_links":{"self":[{"href":"https:\/\/stylingagenten.com\/sv\/wp-json\/wp\/v2\/product\/12770","targetHints":{"allow":["GET"]}}],"collection":[{"href":"https:\/\/stylingagenten.com\/sv\/wp-json\/wp\/v2\/product"}],"about":[{"href":"https:\/\/stylingagenten.com\/sv\/wp-json\/wp\/v2\/types\/product"}],"replies":[{"embeddable":true,"href":"https:\/\/stylingagenten.com\/sv\/wp-json\/wp\/v2\/comments?post=12770"}],"version-history":[{"count":0,"href":"https:\/\/stylingagenten.com\/sv\/wp-json\/wp\/v2\/product\/12770\/revisions"}],"wp:featuredmedia":[{"embeddable":true,"href":"https:\/\/stylingagenten.com\/sv\/wp-json\/wp\/v2\/media\/12764"}],"wp:attachment":[{"href":"https:\/\/stylingagenten.com\/sv\/wp-json\/wp\/v2\/media?parent=12770"}],"wp:term":[{"taxonomy":"product_brand","embeddable":true,"href":"https:\/\/stylingagenten.com\/sv\/wp-json\/wp\/v2\/product_brand?post=12770"},{"taxonomy":"product_cat","embeddable":true,"href":"https:\/\/stylingagenten.com\/sv\/wp-json\/wp\/v2\/product_cat?post=12770"},{"taxonomy":"product_tag","embeddable":true,"href":"https:\/\/stylingagenten.com\/sv\/wp-json\/wp\/v2\/product_tag?post=12770"},{"taxonomy":"berocket_brand","embeddable":true,"href":"https:\/\/stylingagenten.com\/sv\/wp-json\/wp\/v2\/berocket_brand?post=12770"}],"curies":[{"name":"wp","href":"https:\/\/api.w.org\/{rel}","templated":true}]}}