{"id":12737,"date":"2025-01-24T11:45:58","date_gmt":"2025-01-24T11:45:58","guid":{"rendered":"https:\/\/staging2.stylingagenten.com\/sv\/produkt\/purito-wonder-releaf-centella-eye-cream-30ml\/"},"modified":"2025-12-28T09:48:30","modified_gmt":"2025-12-28T09:48:30","slug":"purito-wonder-releaf-centella-eye-cream-30ml","status":"publish","type":"product","link":"https:\/\/stylingagenten.com\/sv\/produkt\/purito-wonder-releaf-centella-eye-cream-30ml\/","title":{"rendered":"Purito Wonder Releaf Centella Eye Cream 30ml"},"content":{"rendered":"<p>Purito Wonder Releaf Centella Eye Cream \u2013 den ultimata \u00f6gonkr\u00e4men f\u00f6r att ge n\u00e4ring och fukt till den k\u00e4nsliga huden runt \u00f6gonen! Denna extra skonsamma \u00f6gonkr\u00e4m \u00e4r formulerad med 49% centella asiatica-extrakt, peptider, sheasm\u00f6r och hyaluronsyra f\u00f6r att leverera en kraftfull anti-age effekt.<\/p>\n<p>Upplev hur denna \u00f6gonkr\u00e4m effektivt motverkar uppkomsten av linjer och rynkor samtidigt som den skyddar mot yttre p\u00e5verkan. Din hud kommer att k\u00e4nnas mjukare, sl\u00e4tare och mer ungdomlig. Den \u00e4r perfekt f\u00f6r dagligt bruk och ger ett str\u00e5lande resultat som du kan lita p\u00e5.<\/p>\n<p>30ml<\/p>\n","protected":false},"excerpt":{"rendered":"<p>Purito Wonder Releaf Centella Eye Cream \u2013 den ultimata \u00f6gonkr\u00e4men f\u00f6r att ge n\u00e4ring och fukt till den k\u00e4nsliga huden runt \u00f6gonen! Denna extra skonsamma \u00f6gonkr\u00e4m \u00e4r formulerad med 49% centella asiatica-extrakt, peptider, sheasm\u00f6r och hyaluronsyra f\u00f6r att leverera en kraftfull anti-age effekt. Upplev hur denna \u00f6gonkr\u00e4m effektivt motverkar uppkomsten av linjer och rynkor samtidigt [&hellip;]<\/p>\n","protected":false},"featured_media":12713,"comment_status":"open","ping_status":"closed","template":"","meta":{"_trash_the_other_posts":false},"product_brand":[],"product_cat":[1001,623],"product_tag":[],"berocket_brand":[1412],"class_list":{"0":"post-12737","1":"product","2":"type-product","3":"status-publish","4":"has-post-thumbnail","6":"product_cat-k-beauty","7":"product_cat-ogonkram","8":"pa_brand-purito","9":"berocket_brand-purito","11":"first","12":"instock","13":"sale","14":"taxable","15":"shipping-taxable","16":"purchasable","17":"product-type-simple"},"_links":{"self":[{"href":"https:\/\/stylingagenten.com\/sv\/wp-json\/wp\/v2\/product\/12737","targetHints":{"allow":["GET"]}}],"collection":[{"href":"https:\/\/stylingagenten.com\/sv\/wp-json\/wp\/v2\/product"}],"about":[{"href":"https:\/\/stylingagenten.com\/sv\/wp-json\/wp\/v2\/types\/product"}],"replies":[{"embeddable":true,"href":"https:\/\/stylingagenten.com\/sv\/wp-json\/wp\/v2\/comments?post=12737"}],"version-history":[{"count":0,"href":"https:\/\/stylingagenten.com\/sv\/wp-json\/wp\/v2\/product\/12737\/revisions"}],"wp:featuredmedia":[{"embeddable":true,"href":"https:\/\/stylingagenten.com\/sv\/wp-json\/wp\/v2\/media\/12713"}],"wp:attachment":[{"href":"https:\/\/stylingagenten.com\/sv\/wp-json\/wp\/v2\/media?parent=12737"}],"wp:term":[{"taxonomy":"product_brand","embeddable":true,"href":"https:\/\/stylingagenten.com\/sv\/wp-json\/wp\/v2\/product_brand?post=12737"},{"taxonomy":"product_cat","embeddable":true,"href":"https:\/\/stylingagenten.com\/sv\/wp-json\/wp\/v2\/product_cat?post=12737"},{"taxonomy":"product_tag","embeddable":true,"href":"https:\/\/stylingagenten.com\/sv\/wp-json\/wp\/v2\/product_tag?post=12737"},{"taxonomy":"berocket_brand","embeddable":true,"href":"https:\/\/stylingagenten.com\/sv\/wp-json\/wp\/v2\/berocket_brand?post=12737"}],"curies":[{"name":"wp","href":"https:\/\/api.w.org\/{rel}","templated":true}]}}