{"id":12735,"date":"2025-01-24T11:45:58","date_gmt":"2025-01-24T11:45:58","guid":{"rendered":"https:\/\/staging2.stylingagenten.com\/sv\/produkt\/purito-cica-clearing-bb-cream-21-light-beige-30ml\/"},"modified":"2025-12-30T11:54:29","modified_gmt":"2025-12-30T11:54:29","slug":"purito-cica-clearing-bb-cream-21-light-beige-30ml","status":"publish","type":"product","link":"https:\/\/stylingagenten.com\/sv\/produkt\/purito-cica-clearing-bb-cream-21-light-beige-30ml\/","title":{"rendered":"Purito Cica Clearing BB Cream #21 Light Beige 30ml"},"content":{"rendered":"<p>Purito Cica Clearing BB Cream \u00e4r en l\u00e4tt BB cream som ger en silkeslen finish till huden. BB-kr\u00e4men ger medium t\u00e4ckning och g\u00f6r att huden ser fr\u00e4sch, mjuk och frisk ut. Produkten ger en j\u00e4mn, enkel applicering och har \u00e5terfuktande, lugnande och skyddande f\u00f6rdelar fr\u00e5n Centella Asiatica-extrakt, allantoin, niacinamid och pantenol. Kr\u00e4men sm\u00e4lter in i huden och ger en sammetsfinish med en nypa glow!<\/p>\n<p>30ml<\/p>\n","protected":false},"excerpt":{"rendered":"<p>Purito Cica Clearing BB Cream \u00e4r en l\u00e4tt BB cream som ger en silkeslen finish till huden. BB-kr\u00e4men ger medium t\u00e4ckning och g\u00f6r att huden ser fr\u00e4sch, mjuk och frisk ut. Produkten ger en j\u00e4mn, enkel applicering och har \u00e5terfuktande, lugnande och skyddande f\u00f6rdelar fr\u00e5n Centella Asiatica-extrakt, allantoin, niacinamid och pantenol. Kr\u00e4men sm\u00e4lter in i [&hellip;]<\/p>\n","protected":false},"featured_media":12717,"comment_status":"open","ping_status":"closed","template":"","meta":{"_trash_the_other_posts":false},"product_brand":[],"product_cat":[591,1001],"product_tag":[3986],"berocket_brand":[1412],"class_list":{"0":"post-12735","1":"product","2":"type-product","3":"status-publish","4":"has-post-thumbnail","6":"product_cat-bb-cream","7":"product_cat-k-beauty","8":"product_tag-purito-cica-clearing-bb-cream-30ml","9":"pa_brand-purito","10":"pa_variant-21-light-beige","11":"berocket_brand-purito","13":"first","14":"outofstock","15":"sale","16":"taxable","17":"shipping-taxable","18":"purchasable","19":"product-type-simple"},"_links":{"self":[{"href":"https:\/\/stylingagenten.com\/sv\/wp-json\/wp\/v2\/product\/12735","targetHints":{"allow":["GET"]}}],"collection":[{"href":"https:\/\/stylingagenten.com\/sv\/wp-json\/wp\/v2\/product"}],"about":[{"href":"https:\/\/stylingagenten.com\/sv\/wp-json\/wp\/v2\/types\/product"}],"replies":[{"embeddable":true,"href":"https:\/\/stylingagenten.com\/sv\/wp-json\/wp\/v2\/comments?post=12735"}],"version-history":[{"count":0,"href":"https:\/\/stylingagenten.com\/sv\/wp-json\/wp\/v2\/product\/12735\/revisions"}],"wp:featuredmedia":[{"embeddable":true,"href":"https:\/\/stylingagenten.com\/sv\/wp-json\/wp\/v2\/media\/12717"}],"wp:attachment":[{"href":"https:\/\/stylingagenten.com\/sv\/wp-json\/wp\/v2\/media?parent=12735"}],"wp:term":[{"taxonomy":"product_brand","embeddable":true,"href":"https:\/\/stylingagenten.com\/sv\/wp-json\/wp\/v2\/product_brand?post=12735"},{"taxonomy":"product_cat","embeddable":true,"href":"https:\/\/stylingagenten.com\/sv\/wp-json\/wp\/v2\/product_cat?post=12735"},{"taxonomy":"product_tag","embeddable":true,"href":"https:\/\/stylingagenten.com\/sv\/wp-json\/wp\/v2\/product_tag?post=12735"},{"taxonomy":"berocket_brand","embeddable":true,"href":"https:\/\/stylingagenten.com\/sv\/wp-json\/wp\/v2\/berocket_brand?post=12735"}],"curies":[{"name":"wp","href":"https:\/\/api.w.org\/{rel}","templated":true}]}}