{"id":12706,"date":"2025-01-24T11:45:53","date_gmt":"2025-01-24T11:45:53","guid":{"rendered":"https:\/\/staging2.stylingagenten.com\/sv\/produkt\/round-lab-soybean-nourishing-toner-300ml\/"},"modified":"2025-12-18T22:00:02","modified_gmt":"2025-12-18T22:00:02","slug":"round-lab-soybean-nourishing-toner-300ml","status":"publish","type":"product","link":"https:\/\/stylingagenten.com\/sv\/produkt\/round-lab-soybean-nourishing-toner-300ml\/","title":{"rendered":"Round Lab Soybean Nourishing Toner 300ml"},"content":{"rendered":"<p>Round Lab Soybean Nourishing Toner \u00e4r en kr\u00e4mig, mj\u00f6lkliknande toner \u00e4r fylld med hudv\u00e4nliga ingredienser som lugnar irriterad hud och rodnad, perfekt f\u00f6r alla hudtyper.<\/p>\n<p>Basen av denna toner \u00e4r den n\u00e4ringsrika och antioxidantrika sojab\u00f6nan. Sojab\u00f6nor \u00e4r k\u00e4nda f\u00f6r sina isoflavoner, en sk\u00f6ld mot \u00e5ldrande som stimulerar kollagenproduktionen och skyddar huden mot tidiga \u00e5lderstecken. D\u00e4rmed \u00e4r Soybean Nourishing Toner en utm\u00e4rkt anti-aging l\u00f6sning f\u00f6r din hud.<\/p>\n<p>F\u00f6r att ytterligare st\u00f6dja hudens h\u00e4lsa inneh\u00e5ller den \u00e4ven ceramider, som \u00e4r viktiga f\u00f6r att bibeh\u00e5lla hudens barri\u00e4rfunktion. Med \u00e5ldern minskar naturligt ceramidniv\u00e5erna i huden, vilket kan leda till f\u00f6rlust av fasthet och elasticitet. Genom att tillf\u00f6ra ceramider hj\u00e4lper denna toner till att bevara hudens ungdomliga utseende och st\u00e4rka dess motst\u00e5ndskraft.<\/p>\n<p>300ml<\/p>\n","protected":false},"excerpt":{"rendered":"<p>Round Lab Soybean Nourishing Toner \u00e4r en kr\u00e4mig, mj\u00f6lkliknande toner \u00e4r fylld med hudv\u00e4nliga ingredienser som lugnar irriterad hud och rodnad, perfekt f\u00f6r alla hudtyper. Basen av denna toner \u00e4r den n\u00e4ringsrika och antioxidantrika sojab\u00f6nan. Sojab\u00f6nor \u00e4r k\u00e4nda f\u00f6r sina isoflavoner, en sk\u00f6ld mot \u00e5ldrande som stimulerar kollagenproduktionen och skyddar huden mot tidiga \u00e5lderstecken. D\u00e4rmed [&hellip;]<\/p>\n","protected":false},"featured_media":12693,"comment_status":"open","ping_status":"closed","template":"","meta":{"_trash_the_other_posts":false},"product_brand":[],"product_cat":[571,1001],"product_tag":[],"berocket_brand":[1415],"class_list":{"0":"post-12706","1":"product","2":"type-product","3":"status-publish","4":"has-post-thumbnail","6":"product_cat-ansiktsvatten","7":"product_cat-k-beauty","8":"pa_brand-round-lab","9":"berocket_brand-round-lab","11":"first","12":"instock","13":"sale","14":"taxable","15":"shipping-taxable","16":"purchasable","17":"product-type-simple"},"_links":{"self":[{"href":"https:\/\/stylingagenten.com\/sv\/wp-json\/wp\/v2\/product\/12706","targetHints":{"allow":["GET"]}}],"collection":[{"href":"https:\/\/stylingagenten.com\/sv\/wp-json\/wp\/v2\/product"}],"about":[{"href":"https:\/\/stylingagenten.com\/sv\/wp-json\/wp\/v2\/types\/product"}],"replies":[{"embeddable":true,"href":"https:\/\/stylingagenten.com\/sv\/wp-json\/wp\/v2\/comments?post=12706"}],"version-history":[{"count":0,"href":"https:\/\/stylingagenten.com\/sv\/wp-json\/wp\/v2\/product\/12706\/revisions"}],"wp:featuredmedia":[{"embeddable":true,"href":"https:\/\/stylingagenten.com\/sv\/wp-json\/wp\/v2\/media\/12693"}],"wp:attachment":[{"href":"https:\/\/stylingagenten.com\/sv\/wp-json\/wp\/v2\/media?parent=12706"}],"wp:term":[{"taxonomy":"product_brand","embeddable":true,"href":"https:\/\/stylingagenten.com\/sv\/wp-json\/wp\/v2\/product_brand?post=12706"},{"taxonomy":"product_cat","embeddable":true,"href":"https:\/\/stylingagenten.com\/sv\/wp-json\/wp\/v2\/product_cat?post=12706"},{"taxonomy":"product_tag","embeddable":true,"href":"https:\/\/stylingagenten.com\/sv\/wp-json\/wp\/v2\/product_tag?post=12706"},{"taxonomy":"berocket_brand","embeddable":true,"href":"https:\/\/stylingagenten.com\/sv\/wp-json\/wp\/v2\/berocket_brand?post=12706"}],"curies":[{"name":"wp","href":"https:\/\/api.w.org\/{rel}","templated":true}]}}