{"id":12684,"date":"2025-01-24T11:45:48","date_gmt":"2025-01-24T11:45:48","guid":{"rendered":"https:\/\/staging2.stylingagenten.com\/sv\/produkt\/purito-wonder-releaf-centella-cream-unscented-50ml\/"},"modified":"2026-02-12T13:46:23","modified_gmt":"2026-02-12T13:46:23","slug":"purito-wonder-releaf-centella-cream-unscented-50ml","status":"publish","type":"product","link":"https:\/\/stylingagenten.com\/sv\/produkt\/purito-wonder-releaf-centella-cream-unscented-50ml\/","title":{"rendered":"Purito Wonder Releaf Centella Cream Unscented 50ml"},"content":{"rendered":"<p>Purito Wonder Releaf Centella Cream Unscented \u2013 din nyckel till en hud som str\u00e5lar av h\u00e4lsa och vitalitet utan doft\u00e4mnen som kan irritera k\u00e4nslig hud.<\/p>\n<p>Denna h\u00f6gkoncentrerade ansiktskr\u00e4m \u00e4r berikad med hela 50% Centella Asiatica-extrakt, vilket lugnar och st\u00e4rker hudbarri\u00e4ren samtidigt som den ger djup \u00e5terfuktning och sp\u00e4nst \u00e5t huden. Kr\u00e4men tr\u00e4nger mjukt in i huden och bibeh\u00e5ller vatten- och oljebalansen l\u00e4ngre f\u00f6r en balanserad och frisk hud.<\/p>\n<p>S\u00e4rskilt utformad f\u00f6r att lugna och \u00e5terfukta irriterad hud, denna kr\u00e4m \u00e4r en r\u00e4ddare i n\u00f6den f\u00f6r att hantera rodnad och orenheter. Med ingredienser som squalaneolja, hyaluronsyra, E-vitamin och ceramider \u00e5teruppbygger och st\u00e4rker den hudens naturliga barri\u00e4r, vilket ger en klarare och mer motst\u00e5ndskraftig hud.<\/p>\n<p>Tillverkad av ekologiska EWG-godk\u00e4nda ingredienser och genomg\u00e5ende hudirritationstestad, denna kr\u00e4m \u00e4r fri fr\u00e5n parfym och essentiella oljor f\u00f6r att s\u00e4kerst\u00e4lla maximalt st\u00f6d f\u00f6r din hud utan irritation. <\/p>\n<p>50ml<\/p>\n","protected":false},"excerpt":{"rendered":"<p>Purito Wonder Releaf Centella Cream Unscented \u2013 din nyckel till en hud som str\u00e5lar av h\u00e4lsa och vitalitet utan doft\u00e4mnen som kan irritera k\u00e4nslig hud. Denna h\u00f6gkoncentrerade ansiktskr\u00e4m \u00e4r berikad med hela 50% Centella Asiatica-extrakt, vilket lugnar och st\u00e4rker hudbarri\u00e4ren samtidigt som den ger djup \u00e5terfuktning och sp\u00e4nst \u00e5t huden. Kr\u00e4men tr\u00e4nger mjukt in i [&hellip;]<\/p>\n","protected":false},"featured_media":12661,"comment_status":"open","ping_status":"closed","template":"","meta":{"_trash_the_other_posts":false},"product_brand":[],"product_cat":[559,1001],"product_tag":[],"berocket_brand":[1412],"class_list":{"0":"post-12684","1":"product","2":"type-product","3":"status-publish","4":"has-post-thumbnail","6":"product_cat-ansiktskram","7":"product_cat-k-beauty","8":"pa_brand-purito","9":"berocket_brand-purito","11":"first","12":"instock","13":"sale","14":"taxable","15":"shipping-taxable","16":"purchasable","17":"product-type-simple"},"_links":{"self":[{"href":"https:\/\/stylingagenten.com\/sv\/wp-json\/wp\/v2\/product\/12684","targetHints":{"allow":["GET"]}}],"collection":[{"href":"https:\/\/stylingagenten.com\/sv\/wp-json\/wp\/v2\/product"}],"about":[{"href":"https:\/\/stylingagenten.com\/sv\/wp-json\/wp\/v2\/types\/product"}],"replies":[{"embeddable":true,"href":"https:\/\/stylingagenten.com\/sv\/wp-json\/wp\/v2\/comments?post=12684"}],"version-history":[{"count":0,"href":"https:\/\/stylingagenten.com\/sv\/wp-json\/wp\/v2\/product\/12684\/revisions"}],"wp:featuredmedia":[{"embeddable":true,"href":"https:\/\/stylingagenten.com\/sv\/wp-json\/wp\/v2\/media\/12661"}],"wp:attachment":[{"href":"https:\/\/stylingagenten.com\/sv\/wp-json\/wp\/v2\/media?parent=12684"}],"wp:term":[{"taxonomy":"product_brand","embeddable":true,"href":"https:\/\/stylingagenten.com\/sv\/wp-json\/wp\/v2\/product_brand?post=12684"},{"taxonomy":"product_cat","embeddable":true,"href":"https:\/\/stylingagenten.com\/sv\/wp-json\/wp\/v2\/product_cat?post=12684"},{"taxonomy":"product_tag","embeddable":true,"href":"https:\/\/stylingagenten.com\/sv\/wp-json\/wp\/v2\/product_tag?post=12684"},{"taxonomy":"berocket_brand","embeddable":true,"href":"https:\/\/stylingagenten.com\/sv\/wp-json\/wp\/v2\/berocket_brand?post=12684"}],"curies":[{"name":"wp","href":"https:\/\/api.w.org\/{rel}","templated":true}]}}