{"id":12679,"date":"2025-01-24T11:45:48","date_gmt":"2025-01-24T11:45:48","guid":{"rendered":"https:\/\/staging2.stylingagenten.com\/sv\/produkt\/round-lab-dokdo-cream-80ml\/"},"modified":"2026-04-06T17:37:27","modified_gmt":"2026-04-06T17:37:27","slug":"round-lab-dokdo-cream-80ml","status":"publish","type":"product","link":"https:\/\/stylingagenten.com\/sv\/produkt\/round-lab-dokdo-cream-80ml\/","title":{"rendered":"Round Lab Dokdo Cream 80ml"},"content":{"rendered":"<p>Round Lab Dokdo Cream \u00e4r utformad f\u00f6r att ge n\u00e4ring och v\u00e5rd till alla hudtyper, b\u00e5de morgon och kv\u00e4ll. Denna l\u00e4ttabsorberade kr\u00e4m \u00e4r enkelt att applicera och l\u00e4mnar ingen oljig k\u00e4nsla. Ist\u00e4llet kommer den att l\u00e4mna din hud otroligt mjuk, sl\u00e4t och omsk\u00f6tt hela dagen.<\/p>\n<p>Efter reng\u00f6ring, applicera en l\u00e4mplig m\u00e4ngd p\u00e5 ansikte, hals och dekolletage och massera in den varsamt f\u00f6r att uppn\u00e5 en j\u00e4mn och str\u00e5lande hudton. Berikad med noggrant utvalda ingredienser, hj\u00e4lper denna kr\u00e4m till att \u00e5terst\u00e4lla hudens naturliga balans och l\u00e4mna den ungdomlig och str\u00e5lande. <\/p>\n<p>80ml<\/p>\n","protected":false},"excerpt":{"rendered":"<p>Round Lab Dokdo Cream \u00e4r utformad f\u00f6r att ge n\u00e4ring och v\u00e5rd till alla hudtyper, b\u00e5de morgon och kv\u00e4ll. Denna l\u00e4ttabsorberade kr\u00e4m \u00e4r enkelt att applicera och l\u00e4mnar ingen oljig k\u00e4nsla. Ist\u00e4llet kommer den att l\u00e4mna din hud otroligt mjuk, sl\u00e4t och omsk\u00f6tt hela dagen. Efter reng\u00f6ring, applicera en l\u00e4mplig m\u00e4ngd p\u00e5 ansikte, hals och [&hellip;]<\/p>\n","protected":false},"featured_media":12667,"comment_status":"open","ping_status":"closed","template":"","meta":{"_trash_the_other_posts":false},"product_brand":[],"product_cat":[559,1001],"product_tag":[],"berocket_brand":[1415],"class_list":{"0":"post-12679","1":"product","2":"type-product","3":"status-publish","4":"has-post-thumbnail","6":"product_cat-ansiktskram","7":"product_cat-k-beauty","8":"pa_brand-round-lab","9":"berocket_brand-round-lab","11":"first","12":"instock","13":"sale","14":"taxable","15":"shipping-taxable","16":"purchasable","17":"product-type-simple"},"_links":{"self":[{"href":"https:\/\/stylingagenten.com\/sv\/wp-json\/wp\/v2\/product\/12679","targetHints":{"allow":["GET"]}}],"collection":[{"href":"https:\/\/stylingagenten.com\/sv\/wp-json\/wp\/v2\/product"}],"about":[{"href":"https:\/\/stylingagenten.com\/sv\/wp-json\/wp\/v2\/types\/product"}],"replies":[{"embeddable":true,"href":"https:\/\/stylingagenten.com\/sv\/wp-json\/wp\/v2\/comments?post=12679"}],"version-history":[{"count":0,"href":"https:\/\/stylingagenten.com\/sv\/wp-json\/wp\/v2\/product\/12679\/revisions"}],"wp:featuredmedia":[{"embeddable":true,"href":"https:\/\/stylingagenten.com\/sv\/wp-json\/wp\/v2\/media\/12667"}],"wp:attachment":[{"href":"https:\/\/stylingagenten.com\/sv\/wp-json\/wp\/v2\/media?parent=12679"}],"wp:term":[{"taxonomy":"product_brand","embeddable":true,"href":"https:\/\/stylingagenten.com\/sv\/wp-json\/wp\/v2\/product_brand?post=12679"},{"taxonomy":"product_cat","embeddable":true,"href":"https:\/\/stylingagenten.com\/sv\/wp-json\/wp\/v2\/product_cat?post=12679"},{"taxonomy":"product_tag","embeddable":true,"href":"https:\/\/stylingagenten.com\/sv\/wp-json\/wp\/v2\/product_tag?post=12679"},{"taxonomy":"berocket_brand","embeddable":true,"href":"https:\/\/stylingagenten.com\/sv\/wp-json\/wp\/v2\/berocket_brand?post=12679"}],"curies":[{"name":"wp","href":"https:\/\/api.w.org\/{rel}","templated":true}]}}