{"id":12677,"date":"2025-01-24T11:45:47","date_gmt":"2025-01-24T11:45:47","guid":{"rendered":"https:\/\/staging2.stylingagenten.com\/sv\/produkt\/round-lab-birch-juice-moisturizing-toner-300ml\/"},"modified":"2026-02-16T07:45:25","modified_gmt":"2026-02-16T07:45:25","slug":"round-lab-birch-juice-moisturizing-toner-300ml","status":"publish","type":"product","link":"https:\/\/stylingagenten.com\/sv\/produkt\/round-lab-birch-juice-moisturizing-toner-300ml\/","title":{"rendered":"Round Lab Birch Juice Moisturizing Toner 300ml"},"content":{"rendered":"<p>Round Lab Birch Juice Moisturizing Toner \u00e4r berikad med kraftfulla ingredienser som Birch Extract och Vitamin Hyaluronic Acid, den penetrerar djupt ner i huden f\u00f6r att leverera n\u00e4ring och \u00e5terfuktning p\u00e5 en helt ny niv\u00e5. Birch Tree Sap reducerar inflammation och skapar en skyddande barri\u00e4r som h\u00e5ller fukten p\u00e5 plats, medan Betula Platyphylla Japonica Juice f\u00f6rser huden med 17 aminosyror, mineraler, antioxidanter och vitaminer f\u00f6r en o\u00f6vertr\u00e4ffad glow.<\/p>\n<p>Den unika kombinationen av Hyaluronic Acid och Sodium Hyaluronate arbetar i harmoni f\u00f6r att intensivt \u00e5terfukta huden p\u00e5 flera niv\u00e5er, vilket resulterar i en j\u00e4mn och str\u00e5lande finish som varar hela dagen. Tack vare tillsatser som R\u00f6da Alger (Chondrus Crispus Extract) och Saccharum Officinarum (Sugarcane) Extract, f\u00e5r du inte bara en optimal fuktbalans utan \u00e4ven en klarare och renare hud.<\/p>\n<p>300ml<\/p>\n","protected":false},"excerpt":{"rendered":"<p>Round Lab Birch Juice Moisturizing Toner \u00e4r berikad med kraftfulla ingredienser som Birch Extract och Vitamin Hyaluronic Acid, den penetrerar djupt ner i huden f\u00f6r att leverera n\u00e4ring och \u00e5terfuktning p\u00e5 en helt ny niv\u00e5. Birch Tree Sap reducerar inflammation och skapar en skyddande barri\u00e4r som h\u00e5ller fukten p\u00e5 plats, medan Betula Platyphylla Japonica Juice [&hellip;]<\/p>\n","protected":false},"featured_media":12663,"comment_status":"open","ping_status":"closed","template":"","meta":{"_trash_the_other_posts":false},"product_brand":[],"product_cat":[571,1001],"product_tag":[],"berocket_brand":[1415],"class_list":{"0":"post-12677","1":"product","2":"type-product","3":"status-publish","4":"has-post-thumbnail","6":"product_cat-ansiktsvatten","7":"product_cat-k-beauty","8":"pa_brand-round-lab","9":"berocket_brand-round-lab","11":"first","12":"instock","13":"sale","14":"taxable","15":"shipping-taxable","16":"purchasable","17":"product-type-simple"},"_links":{"self":[{"href":"https:\/\/stylingagenten.com\/sv\/wp-json\/wp\/v2\/product\/12677","targetHints":{"allow":["GET"]}}],"collection":[{"href":"https:\/\/stylingagenten.com\/sv\/wp-json\/wp\/v2\/product"}],"about":[{"href":"https:\/\/stylingagenten.com\/sv\/wp-json\/wp\/v2\/types\/product"}],"replies":[{"embeddable":true,"href":"https:\/\/stylingagenten.com\/sv\/wp-json\/wp\/v2\/comments?post=12677"}],"version-history":[{"count":0,"href":"https:\/\/stylingagenten.com\/sv\/wp-json\/wp\/v2\/product\/12677\/revisions"}],"wp:featuredmedia":[{"embeddable":true,"href":"https:\/\/stylingagenten.com\/sv\/wp-json\/wp\/v2\/media\/12663"}],"wp:attachment":[{"href":"https:\/\/stylingagenten.com\/sv\/wp-json\/wp\/v2\/media?parent=12677"}],"wp:term":[{"taxonomy":"product_brand","embeddable":true,"href":"https:\/\/stylingagenten.com\/sv\/wp-json\/wp\/v2\/product_brand?post=12677"},{"taxonomy":"product_cat","embeddable":true,"href":"https:\/\/stylingagenten.com\/sv\/wp-json\/wp\/v2\/product_cat?post=12677"},{"taxonomy":"product_tag","embeddable":true,"href":"https:\/\/stylingagenten.com\/sv\/wp-json\/wp\/v2\/product_tag?post=12677"},{"taxonomy":"berocket_brand","embeddable":true,"href":"https:\/\/stylingagenten.com\/sv\/wp-json\/wp\/v2\/berocket_brand?post=12677"}],"curies":[{"name":"wp","href":"https:\/\/api.w.org\/{rel}","templated":true}]}}