{"id":12650,"date":"2025-01-24T11:45:42","date_gmt":"2025-01-24T11:45:42","guid":{"rendered":"https:\/\/staging2.stylingagenten.com\/sv\/produkt\/round-lab-birch-juice-moisturizing-serum-50ml\/"},"modified":"2026-04-11T14:18:24","modified_gmt":"2026-04-11T14:18:24","slug":"round-lab-birch-juice-moisturizing-serum-50ml","status":"publish","type":"product","link":"https:\/\/stylingagenten.com\/sv\/produkt\/round-lab-birch-juice-moisturizing-serum-50ml\/","title":{"rendered":"Round Lab Birch Juice Moisturizing Serum 50ml"},"content":{"rendered":"<div>Round Lab Birch Juice Moisturizing Serum &#8211; ett l\u00e4tt, flyktigt serum som ger din hud en silkeslen look utan den obehagliga feta k\u00e4nslan. Dess l\u00e4tta, vattniga och n\u00e5got oljiga konsistens absorberas snabbt av huden, vilket inte l\u00e4mnar n\u00e5gra oljiga rester eller ansamlingar.<\/p>\n<p>Med en 3-stegs fuktgivande v\u00e5rdprocedur, \u00f6ppnar detta serum fuktv\u00e4gen med glycerylglukosid f\u00f6r att fr\u00e4mja produktionen av aquaporiner. Bj\u00f6rksav \u00e5terfuktar effektivt huden och \u00f6kar fuktbevarandet medan Vita Hyaluronic Acid bildar en skyddande barri\u00e4r f\u00f6r att f\u00f6rsegla in fukten.<\/p>\n<p>50ml<\/p><\/div>\n","protected":false},"excerpt":{"rendered":"<p>Round Lab Birch Juice Moisturizing Serum &#8211; ett l\u00e4tt, flyktigt serum som ger din hud en silkeslen look utan den obehagliga feta k\u00e4nslan. Dess l\u00e4tta, vattniga och n\u00e5got oljiga konsistens absorberas snabbt av huden, vilket inte l\u00e4mnar n\u00e5gra oljiga rester eller ansamlingar. Med en 3-stegs fuktgivande v\u00e5rdprocedur, \u00f6ppnar detta serum fuktv\u00e4gen med glycerylglukosid f\u00f6r att [&hellip;]<\/p>\n","protected":false},"featured_media":12635,"comment_status":"open","ping_status":"closed","template":"","meta":{"_trash_the_other_posts":false},"product_brand":[],"product_cat":[1001,614],"product_tag":[],"berocket_brand":[1415],"class_list":{"0":"post-12650","1":"product","2":"type-product","3":"status-publish","4":"has-post-thumbnail","6":"product_cat-k-beauty","7":"product_cat-serum","8":"pa_brand-round-lab","9":"berocket_brand-round-lab","11":"first","12":"instock","13":"sale","14":"taxable","15":"shipping-taxable","16":"purchasable","17":"product-type-simple"},"_links":{"self":[{"href":"https:\/\/stylingagenten.com\/sv\/wp-json\/wp\/v2\/product\/12650","targetHints":{"allow":["GET"]}}],"collection":[{"href":"https:\/\/stylingagenten.com\/sv\/wp-json\/wp\/v2\/product"}],"about":[{"href":"https:\/\/stylingagenten.com\/sv\/wp-json\/wp\/v2\/types\/product"}],"replies":[{"embeddable":true,"href":"https:\/\/stylingagenten.com\/sv\/wp-json\/wp\/v2\/comments?post=12650"}],"version-history":[{"count":0,"href":"https:\/\/stylingagenten.com\/sv\/wp-json\/wp\/v2\/product\/12650\/revisions"}],"wp:featuredmedia":[{"embeddable":true,"href":"https:\/\/stylingagenten.com\/sv\/wp-json\/wp\/v2\/media\/12635"}],"wp:attachment":[{"href":"https:\/\/stylingagenten.com\/sv\/wp-json\/wp\/v2\/media?parent=12650"}],"wp:term":[{"taxonomy":"product_brand","embeddable":true,"href":"https:\/\/stylingagenten.com\/sv\/wp-json\/wp\/v2\/product_brand?post=12650"},{"taxonomy":"product_cat","embeddable":true,"href":"https:\/\/stylingagenten.com\/sv\/wp-json\/wp\/v2\/product_cat?post=12650"},{"taxonomy":"product_tag","embeddable":true,"href":"https:\/\/stylingagenten.com\/sv\/wp-json\/wp\/v2\/product_tag?post=12650"},{"taxonomy":"berocket_brand","embeddable":true,"href":"https:\/\/stylingagenten.com\/sv\/wp-json\/wp\/v2\/berocket_brand?post=12650"}],"curies":[{"name":"wp","href":"https:\/\/api.w.org\/{rel}","templated":true}]}}