{"id":12625,"date":"2025-01-24T11:45:37","date_gmt":"2025-01-24T11:45:37","guid":{"rendered":"https:\/\/staging2.stylingagenten.com\/sv\/produkt\/maybelline-falsies-surreal-extensions-mascara-very-black-10ml\/"},"modified":"2026-02-21T12:17:01","modified_gmt":"2026-02-21T12:17:01","slug":"maybelline-falsies-surreal-extensions-mascara-very-black-10ml","status":"publish","type":"product","link":"https:\/\/stylingagenten.com\/sv\/produkt\/maybelline-falsies-surreal-extensions-mascara-very-black-10ml\/","title":{"rendered":"Maybelline Falsies Surreal Extensions Mascara Very Black 10ml"},"content":{"rendered":"<p>Ta fram det b\u00e4sta ur dina \u00f6gonfransar med Maybelline New York Falsies Surreal Extensions Mascara Very Black! Denna fibermascara f\u00f6rl\u00e4nger dina fransar och l\u00e5ter dig enkelt bygga upp b\u00e5de curl och hela 10x mer volym*. Med den smidiga borsten applicerar du enkelt den intensivt svarta formulan lager f\u00f6r lager tills du uppn\u00e5r den volym du dr\u00f6mmer om.<\/p>\n<p>10ml<\/p>\n","protected":false},"excerpt":{"rendered":"<p>Ta fram det b\u00e4sta ur dina \u00f6gonfransar med Maybelline New York Falsies Surreal Extensions Mascara Very Black! Denna fibermascara f\u00f6rl\u00e4nger dina fransar och l\u00e5ter dig enkelt bygga upp b\u00e5de curl och hela 10x mer volym*. Med den smidiga borsten applicerar du enkelt den intensivt svarta formulan lager f\u00f6r lager tills du uppn\u00e5r den volym du [&hellip;]<\/p>\n","protected":false},"featured_media":12607,"comment_status":"open","ping_status":"closed","template":"","meta":{"_trash_the_other_posts":false},"product_brand":[],"product_cat":[618],"product_tag":[],"berocket_brand":[1016],"class_list":{"0":"post-12625","1":"product","2":"type-product","3":"status-publish","4":"has-post-thumbnail","6":"product_cat-mascara","7":"pa_brand-maybelline","8":"berocket_brand-maybelline","10":"first","11":"instock","12":"sale","13":"taxable","14":"shipping-taxable","15":"purchasable","16":"product-type-simple"},"_links":{"self":[{"href":"https:\/\/stylingagenten.com\/sv\/wp-json\/wp\/v2\/product\/12625","targetHints":{"allow":["GET"]}}],"collection":[{"href":"https:\/\/stylingagenten.com\/sv\/wp-json\/wp\/v2\/product"}],"about":[{"href":"https:\/\/stylingagenten.com\/sv\/wp-json\/wp\/v2\/types\/product"}],"replies":[{"embeddable":true,"href":"https:\/\/stylingagenten.com\/sv\/wp-json\/wp\/v2\/comments?post=12625"}],"version-history":[{"count":0,"href":"https:\/\/stylingagenten.com\/sv\/wp-json\/wp\/v2\/product\/12625\/revisions"}],"wp:featuredmedia":[{"embeddable":true,"href":"https:\/\/stylingagenten.com\/sv\/wp-json\/wp\/v2\/media\/12607"}],"wp:attachment":[{"href":"https:\/\/stylingagenten.com\/sv\/wp-json\/wp\/v2\/media?parent=12625"}],"wp:term":[{"taxonomy":"product_brand","embeddable":true,"href":"https:\/\/stylingagenten.com\/sv\/wp-json\/wp\/v2\/product_brand?post=12625"},{"taxonomy":"product_cat","embeddable":true,"href":"https:\/\/stylingagenten.com\/sv\/wp-json\/wp\/v2\/product_cat?post=12625"},{"taxonomy":"product_tag","embeddable":true,"href":"https:\/\/stylingagenten.com\/sv\/wp-json\/wp\/v2\/product_tag?post=12625"},{"taxonomy":"berocket_brand","embeddable":true,"href":"https:\/\/stylingagenten.com\/sv\/wp-json\/wp\/v2\/berocket_brand?post=12625"}],"curies":[{"name":"wp","href":"https:\/\/api.w.org\/{rel}","templated":true}]}}