{"id":12614,"date":"2025-01-24T11:45:35","date_gmt":"2025-01-24T11:45:35","guid":{"rendered":"https:\/\/staging2.stylingagenten.com\/sv\/produkt\/maybelline-lifter-gloss-016-rust\/"},"modified":"2026-02-21T23:16:37","modified_gmt":"2026-02-21T23:16:37","slug":"maybelline-lifter-gloss-016-rust","status":"publish","type":"product","link":"https:\/\/stylingagenten.com\/sv\/produkt\/maybelline-lifter-gloss-016-rust\/","title":{"rendered":"Maybelline Lifter Gloss \u2013 016 Rust"},"content":{"rendered":"<p>Lifter Gloss \u00e4r ett fuktgivande l\u00e4ppglans med hyaluronsyra som hj\u00e4lper till att binda fukt. L\u00e4ppglanset mjukg\u00f6r och lyfter l\u00e4pparna s\u00e5 att de ser fylligare ut.<\/p>\n","protected":false},"excerpt":{"rendered":"<p>Lifter Gloss \u00e4r ett fuktgivande l\u00e4ppglans med hyaluronsyra som hj\u00e4lper till att binda fukt. L\u00e4ppglanset mjukg\u00f6r och lyfter l\u00e4pparna s\u00e5 att de ser fylligare ut.<\/p>\n","protected":false},"featured_media":12608,"comment_status":"open","ping_status":"closed","template":"","meta":{"_trash_the_other_posts":false},"product_brand":[],"product_cat":[599],"product_tag":[3619],"berocket_brand":[1016],"class_list":{"0":"post-12614","1":"product","2":"type-product","3":"status-publish","4":"has-post-thumbnail","6":"product_cat-lappglans","7":"product_tag-maybelline-lifter-gloss","8":"pa_brand-maybelline","9":"pa_variant-016-rust","10":"berocket_brand-maybelline","12":"first","13":"instock","14":"sale","15":"taxable","16":"shipping-taxable","17":"purchasable","18":"product-type-simple"},"_links":{"self":[{"href":"https:\/\/stylingagenten.com\/sv\/wp-json\/wp\/v2\/product\/12614","targetHints":{"allow":["GET"]}}],"collection":[{"href":"https:\/\/stylingagenten.com\/sv\/wp-json\/wp\/v2\/product"}],"about":[{"href":"https:\/\/stylingagenten.com\/sv\/wp-json\/wp\/v2\/types\/product"}],"replies":[{"embeddable":true,"href":"https:\/\/stylingagenten.com\/sv\/wp-json\/wp\/v2\/comments?post=12614"}],"version-history":[{"count":0,"href":"https:\/\/stylingagenten.com\/sv\/wp-json\/wp\/v2\/product\/12614\/revisions"}],"wp:featuredmedia":[{"embeddable":true,"href":"https:\/\/stylingagenten.com\/sv\/wp-json\/wp\/v2\/media\/12608"}],"wp:attachment":[{"href":"https:\/\/stylingagenten.com\/sv\/wp-json\/wp\/v2\/media?parent=12614"}],"wp:term":[{"taxonomy":"product_brand","embeddable":true,"href":"https:\/\/stylingagenten.com\/sv\/wp-json\/wp\/v2\/product_brand?post=12614"},{"taxonomy":"product_cat","embeddable":true,"href":"https:\/\/stylingagenten.com\/sv\/wp-json\/wp\/v2\/product_cat?post=12614"},{"taxonomy":"product_tag","embeddable":true,"href":"https:\/\/stylingagenten.com\/sv\/wp-json\/wp\/v2\/product_tag?post=12614"},{"taxonomy":"berocket_brand","embeddable":true,"href":"https:\/\/stylingagenten.com\/sv\/wp-json\/wp\/v2\/berocket_brand?post=12614"}],"curies":[{"name":"wp","href":"https:\/\/api.w.org\/{rel}","templated":true}]}}