{"id":12602,"date":"2025-01-24T11:45:32","date_gmt":"2025-01-24T11:45:32","guid":{"rendered":"https:\/\/staging2.stylingagenten.com\/sv\/produkt\/round-lab-dokdo-toner-200ml\/"},"modified":"2026-03-04T13:18:51","modified_gmt":"2026-03-04T13:18:51","slug":"round-lab-dokdo-toner-200ml","status":"publish","type":"product","link":"https:\/\/stylingagenten.com\/sv\/produkt\/round-lab-dokdo-toner-200ml\/","title":{"rendered":"Round Lab Dokdo Toner 200ml"},"content":{"rendered":"<p>Round Lab Dokdo Toner &#8211; en revolutionerande toner med en vattenliknande konsistens som absorberas direkt in i huden utan n\u00e5gon klibbig k\u00e4nsla.<\/p>\n<p>Djuphavsvatten arbetar f\u00f6r att bibeh\u00e5lla hudens fuktbalans med sina rena och h\u00f6gkoncentrerade 72 naturligt h\u00e4rledda mineraler, inklusive magnesium, kalcium och zink, genom v\u00e5r patenterade mineralvattentillverkningsteknik med membranfilter. Den banbrytande Hatching EX-07-teknologin kontrollerar \u00f6verskott av talg och effektivt exfolierar smuts samt torra och d\u00f6da hudceller f\u00f6r en klarare hud. Panthenol, Allantoin och Betaine ger lugnande v\u00e5rd f\u00f6r tr\u00f6tt och irriterad hud, vilket l\u00e4mnar din hud mjuk, smidig och str\u00e5lande.<\/p>\n<p>200ml<\/p>\n","protected":false},"excerpt":{"rendered":"<p>Round Lab Dokdo Toner &#8211; en revolutionerande toner med en vattenliknande konsistens som absorberas direkt in i huden utan n\u00e5gon klibbig k\u00e4nsla. Djuphavsvatten arbetar f\u00f6r att bibeh\u00e5lla hudens fuktbalans med sina rena och h\u00f6gkoncentrerade 72 naturligt h\u00e4rledda mineraler, inklusive magnesium, kalcium och zink, genom v\u00e5r patenterade mineralvattentillverkningsteknik med membranfilter. Den banbrytande Hatching EX-07-teknologin kontrollerar \u00f6verskott [&hellip;]<\/p>\n","protected":false},"featured_media":12590,"comment_status":"open","ping_status":"closed","template":"","meta":{"_trash_the_other_posts":false},"product_brand":[],"product_cat":[571,1001],"product_tag":[4103],"berocket_brand":[1415],"class_list":{"0":"post-12602","1":"product","2":"type-product","3":"status-publish","4":"has-post-thumbnail","6":"product_cat-ansiktsvatten","7":"product_cat-k-beauty","8":"product_tag-round-lab-dokdo-toner","9":"pa_brand-round-lab","10":"pa_variant-200ml","11":"berocket_brand-round-lab","13":"first","14":"instock","15":"sale","16":"taxable","17":"shipping-taxable","18":"purchasable","19":"product-type-simple"},"_links":{"self":[{"href":"https:\/\/stylingagenten.com\/sv\/wp-json\/wp\/v2\/product\/12602","targetHints":{"allow":["GET"]}}],"collection":[{"href":"https:\/\/stylingagenten.com\/sv\/wp-json\/wp\/v2\/product"}],"about":[{"href":"https:\/\/stylingagenten.com\/sv\/wp-json\/wp\/v2\/types\/product"}],"replies":[{"embeddable":true,"href":"https:\/\/stylingagenten.com\/sv\/wp-json\/wp\/v2\/comments?post=12602"}],"version-history":[{"count":0,"href":"https:\/\/stylingagenten.com\/sv\/wp-json\/wp\/v2\/product\/12602\/revisions"}],"wp:featuredmedia":[{"embeddable":true,"href":"https:\/\/stylingagenten.com\/sv\/wp-json\/wp\/v2\/media\/12590"}],"wp:attachment":[{"href":"https:\/\/stylingagenten.com\/sv\/wp-json\/wp\/v2\/media?parent=12602"}],"wp:term":[{"taxonomy":"product_brand","embeddable":true,"href":"https:\/\/stylingagenten.com\/sv\/wp-json\/wp\/v2\/product_brand?post=12602"},{"taxonomy":"product_cat","embeddable":true,"href":"https:\/\/stylingagenten.com\/sv\/wp-json\/wp\/v2\/product_cat?post=12602"},{"taxonomy":"product_tag","embeddable":true,"href":"https:\/\/stylingagenten.com\/sv\/wp-json\/wp\/v2\/product_tag?post=12602"},{"taxonomy":"berocket_brand","embeddable":true,"href":"https:\/\/stylingagenten.com\/sv\/wp-json\/wp\/v2\/berocket_brand?post=12602"}],"curies":[{"name":"wp","href":"https:\/\/api.w.org\/{rel}","templated":true}]}}