{"id":12555,"date":"2025-01-24T11:45:23","date_gmt":"2025-01-24T11:45:23","guid":{"rendered":"https:\/\/staging2.stylingagenten.com\/sv\/produkt\/artdeco-twist-for-volume-mascara-8ml\/"},"modified":"2025-12-18T21:29:45","modified_gmt":"2025-12-18T21:29:45","slug":"artdeco-twist-for-volume-mascara-8ml","status":"publish","type":"product","link":"https:\/\/stylingagenten.com\/sv\/produkt\/artdeco-twist-for-volume-mascara-8ml\/","title":{"rendered":"Artdeco Twist For Volume Mascara 8ml"},"content":{"rendered":"<p>Let&#8217;s twist! Artdeco Twist for Volume Mascara \u00e4r en 2-i-1-mascara som ger b\u00e5de l\u00e4ngd och volym. F\u00f6r l\u00e4ngd och separation v\u00e4ljer du twisted-out-l\u00e4get. Om du vill ha volym och b\u00f6j v\u00e4ljer du twisted-in-l\u00e4get. Vill du ha allt? Kombinera borstarna!<\/p>\n<p>&#8211; 2-i-1-mascara som ger l\u00e4ngd, volym, b\u00f6j och separerade fransar<br \/>\n<br \/>&#8211; Enkelt att v\u00e4lja effekt med twist-funktionen<br \/>\n<br \/>&#8211; Karnaubavax ger n\u00e4ring och glans<br \/>\n<br \/>&#8211; Ricinolja st\u00e4rker fransarna och kan g\u00f6ra dem fylligare \u00f6ver tid<br \/>\n<br \/>&#8211; Vegansk<\/p>\n","protected":false},"excerpt":{"rendered":"<p>Let&#8217;s twist! Artdeco Twist for Volume Mascara \u00e4r en 2-i-1-mascara som ger b\u00e5de l\u00e4ngd och volym. F\u00f6r l\u00e4ngd och separation v\u00e4ljer du twisted-out-l\u00e4get. Om du vill ha volym och b\u00f6j v\u00e4ljer du twisted-in-l\u00e4get. Vill du ha allt? Kombinera borstarna! &#8211; 2-i-1-mascara som ger l\u00e4ngd, volym, b\u00f6j och separerade fransar &#8211; Enkelt att v\u00e4lja effekt med [&hellip;]<\/p>\n","protected":false},"featured_media":12540,"comment_status":"open","ping_status":"closed","template":"","meta":{"_trash_the_other_posts":false},"product_brand":[],"product_cat":[618],"product_tag":[],"berocket_brand":[1385],"class_list":{"0":"post-12555","1":"product","2":"type-product","3":"status-publish","4":"has-post-thumbnail","6":"product_cat-mascara","7":"pa_brand-artdeco","8":"berocket_brand-artdeco","10":"first","11":"instock","12":"sale","13":"taxable","14":"shipping-taxable","15":"purchasable","16":"product-type-simple"},"_links":{"self":[{"href":"https:\/\/stylingagenten.com\/sv\/wp-json\/wp\/v2\/product\/12555","targetHints":{"allow":["GET"]}}],"collection":[{"href":"https:\/\/stylingagenten.com\/sv\/wp-json\/wp\/v2\/product"}],"about":[{"href":"https:\/\/stylingagenten.com\/sv\/wp-json\/wp\/v2\/types\/product"}],"replies":[{"embeddable":true,"href":"https:\/\/stylingagenten.com\/sv\/wp-json\/wp\/v2\/comments?post=12555"}],"version-history":[{"count":0,"href":"https:\/\/stylingagenten.com\/sv\/wp-json\/wp\/v2\/product\/12555\/revisions"}],"wp:featuredmedia":[{"embeddable":true,"href":"https:\/\/stylingagenten.com\/sv\/wp-json\/wp\/v2\/media\/12540"}],"wp:attachment":[{"href":"https:\/\/stylingagenten.com\/sv\/wp-json\/wp\/v2\/media?parent=12555"}],"wp:term":[{"taxonomy":"product_brand","embeddable":true,"href":"https:\/\/stylingagenten.com\/sv\/wp-json\/wp\/v2\/product_brand?post=12555"},{"taxonomy":"product_cat","embeddable":true,"href":"https:\/\/stylingagenten.com\/sv\/wp-json\/wp\/v2\/product_cat?post=12555"},{"taxonomy":"product_tag","embeddable":true,"href":"https:\/\/stylingagenten.com\/sv\/wp-json\/wp\/v2\/product_tag?post=12555"},{"taxonomy":"berocket_brand","embeddable":true,"href":"https:\/\/stylingagenten.com\/sv\/wp-json\/wp\/v2\/berocket_brand?post=12555"}],"curies":[{"name":"wp","href":"https:\/\/api.w.org\/{rel}","templated":true}]}}