{"id":12553,"date":"2025-01-24T11:45:23","date_gmt":"2025-01-24T11:45:23","guid":{"rendered":"https:\/\/staging2.stylingagenten.com\/sv\/produkt\/max-factor-miracle-second-skin-foundation-10-golden-tan\/"},"modified":"2025-12-19T14:45:25","modified_gmt":"2025-12-19T14:45:25","slug":"max-factor-miracle-second-skin-foundation-10-golden-tan","status":"publish","type":"product","link":"https:\/\/stylingagenten.com\/sv\/produkt\/max-factor-miracle-second-skin-foundation-10-golden-tan\/","title":{"rendered":"Max Factor Miracle Second Skin Foundation 10 Golden Tan"},"content":{"rendered":"<p>Max Factor Miracle Second Skin \u00e4r en hybrid-foundation som v\u00e5rdar, j\u00e4mnar ut huden och \u00e4r l\u00e4tt t\u00e4ckande. Miracle Second Skin \u00e5terfuktar med kokosmj\u00f6lk och aloe vera samt skyddar huden med hj\u00e4lp av pre- och probiotika samt SPF20.<\/p>\n<p>Miracle Second Skin \u00e5terfuktar huden hela dagen samtidigt som den ger en naturlig lyster. Den \u00e4r tunn och enkel att applicera, k\u00e4nns fj\u00e4derl\u00e4tt p\u00e5 huden och ger en l\u00e4tt och naturlig t\u00e4ckning. Huden blir \u00e5terfuktad med hj\u00e4lp av kokosmj\u00f6lk, v\u00e5rdande aloe vera samt skyddad och \u00e5teruppbyggd av pre- och probiotika. Miracle Second Skin inneh\u00e5ller \u00e4ven SPF 20 och \u00e4r berikad med vitamin B, C och betakaroten f\u00f6r elasticitet, lyster och glow till din hy. Det h\u00e4r \u00e4r en boostande foundation som passar alla hudtyper, inklusive de som har k\u00e4nslig hy. Kliniskt och dermatologiskt testad.<\/p>\n<p>-L\u00e4tt t\u00e4ckande och utj\u00e4mnade<br \/>\n<br \/>-Berikad med \u00e5terfuktande kokosmj\u00f6lk och aloe vera<br \/>\n<br \/>-Boostar med pre- och probiotika samt vitamin B och C<br \/>\n<br \/>-SPF 20<br \/>\n<br \/>-Kliniskt testad<br \/>\n<br \/>-Dermatologiskt testad<\/p>\n<p>33ml<\/p>\n","protected":false},"excerpt":{"rendered":"<p>Max Factor Miracle Second Skin \u00e4r en hybrid-foundation som v\u00e5rdar, j\u00e4mnar ut huden och \u00e4r l\u00e4tt t\u00e4ckande. Miracle Second Skin \u00e5terfuktar med kokosmj\u00f6lk och aloe vera samt skyddar huden med hj\u00e4lp av pre- och probiotika samt SPF20. Miracle Second Skin \u00e5terfuktar huden hela dagen samtidigt som den ger en naturlig lyster. Den \u00e4r tunn och [&hellip;]<\/p>\n","protected":false},"featured_media":12542,"comment_status":"open","ping_status":"closed","template":"","meta":{"_trash_the_other_posts":false},"product_brand":[],"product_cat":[579],"product_tag":[3598],"berocket_brand":[1013],"class_list":{"0":"post-12553","1":"product","2":"type-product","3":"status-publish","4":"has-post-thumbnail","6":"product_cat-foundation","7":"product_tag-max-factor-miracle-second-skin-foundation","8":"pa_brand-max-factor","9":"pa_variant-10-golden-tan","10":"berocket_brand-max-factor","12":"first","13":"instock","14":"sale","15":"taxable","16":"shipping-taxable","17":"purchasable","18":"product-type-simple"},"_links":{"self":[{"href":"https:\/\/stylingagenten.com\/sv\/wp-json\/wp\/v2\/product\/12553","targetHints":{"allow":["GET"]}}],"collection":[{"href":"https:\/\/stylingagenten.com\/sv\/wp-json\/wp\/v2\/product"}],"about":[{"href":"https:\/\/stylingagenten.com\/sv\/wp-json\/wp\/v2\/types\/product"}],"replies":[{"embeddable":true,"href":"https:\/\/stylingagenten.com\/sv\/wp-json\/wp\/v2\/comments?post=12553"}],"version-history":[{"count":0,"href":"https:\/\/stylingagenten.com\/sv\/wp-json\/wp\/v2\/product\/12553\/revisions"}],"wp:featuredmedia":[{"embeddable":true,"href":"https:\/\/stylingagenten.com\/sv\/wp-json\/wp\/v2\/media\/12542"}],"wp:attachment":[{"href":"https:\/\/stylingagenten.com\/sv\/wp-json\/wp\/v2\/media?parent=12553"}],"wp:term":[{"taxonomy":"product_brand","embeddable":true,"href":"https:\/\/stylingagenten.com\/sv\/wp-json\/wp\/v2\/product_brand?post=12553"},{"taxonomy":"product_cat","embeddable":true,"href":"https:\/\/stylingagenten.com\/sv\/wp-json\/wp\/v2\/product_cat?post=12553"},{"taxonomy":"product_tag","embeddable":true,"href":"https:\/\/stylingagenten.com\/sv\/wp-json\/wp\/v2\/product_tag?post=12553"},{"taxonomy":"berocket_brand","embeddable":true,"href":"https:\/\/stylingagenten.com\/sv\/wp-json\/wp\/v2\/berocket_brand?post=12553"}],"curies":[{"name":"wp","href":"https:\/\/api.w.org\/{rel}","templated":true}]}}